{"id":13259,"date":"2024-07-11T10:00:00","date_gmt":"2024-07-11T10:00:00","guid":{"rendered":"https:\/\/acropolis.athenstickets.org\/qual-e-il-biglietto-migliore-per-visitare-lacropoli\/"},"modified":"2024-07-11T10:00:13","modified_gmt":"2024-07-11T10:00:13","slug":"qual-e-il-biglietto-migliore-per-visitare-lacropoli","status":"publish","type":"page","link":"https:\/\/acropolis.athenstickets.org\/it\/qual-e-il-biglietto-migliore-per-visitare-lacropoli\/","title":{"rendered":"Qual \u00e8 il biglietto migliore per visitare l&#8217;Acropoli?"},"content":{"rendered":"\t\t<div data-elementor-type=\"wp-page\" data-elementor-id=\"13259\" class=\"elementor elementor-13259 elementor-13204\">\n\t\t\t\t\t\t<section class=\"elementor-section elementor-top-section elementor-element elementor-element-ee148a0 elementor-section-height-min-height elementor-section-boxed elementor-section-height-default elementor-section-items-middle\" data-id=\"ee148a0\" data-element_type=\"section\" data-settings=\"{&quot;background_background&quot;:&quot;classic&quot;}\">\n\t\t\t\t\t\t\t<div class=\"elementor-background-overlay\"><\/div>\n\t\t\t\t\t\t\t<div class=\"elementor-container elementor-column-gap-default\">\n\t\t\t\t\t<div class=\"elementor-column elementor-col-50 elementor-top-column elementor-element elementor-element-157eb95\" data-id=\"157eb95\" data-element_type=\"column\">\n\t\t\t<div class=\"elementor-widget-wrap elementor-element-populated\">\n\t\t\t\t\t\t<div class=\"elementor-element elementor-element-957e50d elementor-widget elementor-widget-heading\" data-id=\"957e50d\" data-element_type=\"widget\" data-widget_type=\"heading.default\">\n\t\t\t\t<div class=\"elementor-widget-container\">\n\t\t\t\t\t<h1 class=\"elementor-heading-title elementor-size-default\">Qual \u00e8 il biglietto migliore per visitare l'Acropoli?<\/h1>\t\t\t\t<\/div>\n\t\t\t\t<\/div>\n\t\t\t\t<div class=\"elementor-element elementor-element-619411c elementor-widget elementor-widget-text-editor\" data-id=\"619411c\" data-element_type=\"widget\" data-widget_type=\"text-editor.default\">\n\t\t\t\t<div class=\"elementor-widget-container\">\n\t\t\t\t\t\t\t\t\t<p>Scopri le migliori opzioni di biglietti per visitare l&#8217;Acropoli di Atene. Scopri il Biglietto d&#8217;ingresso all&#8217;Acropoli e il Biglietto Acropoli Combo per sfruttare al meglio la tua visita a questo iconico sito antico.<\/p>\n\t\t\t\t\t\t\t\t<\/div>\n\t\t\t\t<\/div>\n\t\t\t\t\t<\/div>\n\t\t<\/div>\n\t\t\t\t<div class=\"elementor-column elementor-col-50 elementor-top-column elementor-element elementor-element-37e2838\" data-id=\"37e2838\" data-element_type=\"column\">\n\t\t\t<div class=\"elementor-widget-wrap\">\n\t\t\t\t\t\t\t<\/div>\n\t\t<\/div>\n\t\t\t\t\t<\/div>\n\t\t<\/section>\n\t\t\t\t<section class=\"elementor-section elementor-top-section elementor-element elementor-element-507e7c5 elementor-section-height-min-height elementor-section-boxed elementor-section-height-default elementor-section-items-middle\" data-id=\"507e7c5\" data-element_type=\"section\" data-settings=\"{&quot;background_background&quot;:&quot;classic&quot;}\">\n\t\t\t\t\t\t<div class=\"elementor-container elementor-column-gap-default\">\n\t\t\t\t\t<div class=\"elementor-column elementor-col-100 elementor-top-column elementor-element elementor-element-049dc52\" data-id=\"049dc52\" data-element_type=\"column\">\n\t\t\t<div class=\"elementor-widget-wrap\">\n\t\t\t\t\t\t\t<\/div>\n\t\t<\/div>\n\t\t\t\t\t<\/div>\n\t\t<\/section>\n\t\t\t\t<section class=\"elementor-section elementor-top-section elementor-element elementor-element-f941ea4 elementor-section-boxed elementor-section-height-default elementor-section-height-default\" data-id=\"f941ea4\" data-element_type=\"section\">\n\t\t\t\t\t\t<div class=\"elementor-container elementor-column-gap-default\">\n\t\t\t\t\t<div class=\"elementor-column elementor-col-100 elementor-top-column elementor-element elementor-element-41215b9\" data-id=\"41215b9\" data-element_type=\"column\">\n\t\t\t<div class=\"elementor-widget-wrap elementor-element-populated\">\n\t\t\t\t\t\t<div class=\"elementor-element elementor-element-f551729 elementor-widget elementor-widget-text-editor\" data-id=\"f551729\" data-element_type=\"widget\" data-widget_type=\"text-editor.default\">\n\t\t\t\t<div class=\"elementor-widget-container\">\n\t\t\t\t\t\t\t\t\tVisitare l&#8217;Acropoli di Atene \u00e8 un&#8217;esperienza da non perdere per chi si reca in Grecia. Questa antica cittadella, arroccata sopra la citt\u00e0, ospita alcuni dei monumenti pi\u00f9 rappresentativi dell&#8217;antica Grecia, tra cui il Partenone, l&#8217;Eretteo e il Tempio di Atena Nike. Tuttavia, pianificare la tua visita non significa solo decidere cosa vedere, ma anche scegliere il biglietto giusto. Questa guida ti aiuter\u00e0 a capire i diversi tipi di biglietti disponibili e a determinare quale sia il migliore per la tua visita.\n\n\t\t\t\t\t\t\t\t<\/div>\n\t\t\t\t<\/div>\n\t\t\t\t<div class=\"elementor-element elementor-element-985dc85 elementor-widget elementor-widget-image\" data-id=\"985dc85\" data-element_type=\"widget\" data-widget_type=\"image.default\">\n\t\t\t\t<div class=\"elementor-widget-container\">\n\t\t\t\t\t\t\t\t\t\t\t\t\t\t\t<img fetchpriority=\"high\" decoding=\"async\" width=\"1100\" height=\"550\" src=\"https:\/\/acropolis.athenstickets.org\/wp-content\/uploads\/2024\/07\/best-tickets-for-Acropolis.webp\" class=\"attachment-full size-full wp-image-13211\" alt=\"people visiting the Acropolis Parthenon\" srcset=\"https:\/\/acropolis.athenstickets.org\/wp-content\/uploads\/2024\/07\/best-tickets-for-Acropolis.webp 1100w, https:\/\/acropolis.athenstickets.org\/wp-content\/uploads\/2024\/07\/best-tickets-for-Acropolis-300x150.webp 300w, https:\/\/acropolis.athenstickets.org\/wp-content\/uploads\/2024\/07\/best-tickets-for-Acropolis-1024x512.webp 1024w, https:\/\/acropolis.athenstickets.org\/wp-content\/uploads\/2024\/07\/best-tickets-for-Acropolis-768x384.webp 768w\" sizes=\"(max-width: 1100px) 100vw, 1100px\" \/>\t\t\t\t\t\t\t\t\t\t\t\t\t\t\t<\/div>\n\t\t\t\t<\/div>\n\t\t\t\t<div class=\"elementor-element elementor-element-8c6649c elementor-widget elementor-widget-heading\" data-id=\"8c6649c\" data-element_type=\"widget\" data-widget_type=\"heading.default\">\n\t\t\t\t<div class=\"elementor-widget-container\">\n\t\t\t\t\t<h2 class=\"elementor-heading-title elementor-size-default\">Il tour dell'Acropoli<\/h2>\t\t\t\t<\/div>\n\t\t\t\t<\/div>\n\t\t\t\t<div class=\"elementor-element elementor-element-ac46957 elementor-widget elementor-widget-text-editor\" data-id=\"ac46957\" data-element_type=\"widget\" data-widget_type=\"text-editor.default\">\n\t\t\t\t<div class=\"elementor-widget-container\">\n\t\t\t\t\t\t\t\t\t<p>L&#8217;Acropoli offre un viaggio nella storia, nell&#8217;arte e nella cultura. <b>Esplorando questo antico sito, incontrerai numerose strutture e manufatti significativi che hanno plasmato la civilt\u00e0 occidentale<\/b>. I punti salienti includono il Partenone, simbolo dell&#8217;architettura greca classica, l&#8217;Eretteo con le sue iconiche Cariatidi e il Tempio di Atena Nike, dedicato alla dea della vittoria.<\/p>\n<p>Una visita guidata dell&#8217;Acropoli \u00e8 altamente consigliata per arricchire la tua esperienza. Le guide professionali forniscono preziosi approfondimenti sul contesto storico, sui dettagli architettonici e sul significato culturale dei monumenti. I tour durano in genere da 1,5 a 2 ore e possono essere adattati ai tuoi interessi. In alternativa, puoi optare per un&#8217;audioguida, che ti permette di esplorare al tuo ritmo e di ottenere comunque un commento informativo.<\/p>\n\t\t\t\t\t\t\t\t<\/div>\n\t\t\t\t<\/div>\n\t\t\t\t<div class=\"elementor-element elementor-element-a283a70 elementor-widget elementor-widget-heading\" data-id=\"a283a70\" data-element_type=\"widget\" data-widget_type=\"heading.default\">\n\t\t\t\t<div class=\"elementor-widget-container\">\n\t\t\t\t\t<h2 class=\"elementor-heading-title elementor-size-default\">Tipi di biglietti per l'Acropoli<\/h2>\t\t\t\t<\/div>\n\t\t\t\t<\/div>\n\t\t\t\t<div class=\"elementor-element elementor-element-bddabb6 elementor-widget elementor-widget-text-editor\" data-id=\"bddabb6\" data-element_type=\"widget\" data-widget_type=\"text-editor.default\">\n\t\t\t\t<div class=\"elementor-widget-container\">\n\t\t\t\t\t\t\t\t\tQuando pianifichi la tua visita, \u00e8 fondamentale conoscere le diverse opzioni di biglietto disponibili. Esistono principalmente due tipi di biglietti: il biglietto d&#8217;ingresso all&#8217;Acropoli e il biglietto combinato per l&#8217;Acropoli. Ognuno di essi ha i suoi vantaggi a seconda dei tuoi orari, dei tuoi interessi e del tuo budget.\n\n\t\t\t\t\t\t\t\t<\/div>\n\t\t\t\t<\/div>\n\t\t\t\t<div class=\"elementor-element elementor-element-a378997 elementor-widget elementor-widget-heading\" data-id=\"a378997\" data-element_type=\"widget\" data-widget_type=\"heading.default\">\n\t\t\t\t<div class=\"elementor-widget-container\">\n\t\t\t\t\t<h3 class=\"elementor-heading-title elementor-size-default\">Biglietto d'ingresso all'Acropoli<\/h3>\t\t\t\t<\/div>\n\t\t\t\t<\/div>\n\t\t\t\t<div class=\"elementor-element elementor-element-acd1e36 elementor-widget elementor-widget-text-editor\" data-id=\"acd1e36\" data-element_type=\"widget\" data-widget_type=\"text-editor.default\">\n\t\t\t\t<div class=\"elementor-widget-container\">\n\t\t\t\t\t\t\t\t\t<p>Il biglietto d&#8217;ingresso all&#8217;Acropoli <b>consente di accedere all&#8217;Acropoli e ai suoi monumenti principali<\/b>, tra cui il Partenone, l&#8217;Eretteo, il Tempio di Atena Nike e i Propilei. Questo biglietto \u00e8 ideale per i visitatori che vogliono concentrarsi esclusivamente sull&#8217;Acropoli e immergersi nelle sue meraviglie storiche e architettoniche.<\/p>\n<p><b>Vantaggi del biglietto d&#8217;ingresso all&#8217;Acropoli<br \/><\/b><\/p>\n<ol>\n<li><b>Esperienza focalizzata: <\/b>Il biglietto d&#8217;ingresso all&#8217;Acropoli ti permette di concentrarti esclusivamente sull&#8217;Acropoli, assicurandoti di avere tutto il tempo necessario per esplorare ogni monumento nel dettaglio.<\/li>\n<li><b>Economico: <\/b>Per chi ha un budget limitato o ha poco tempo a disposizione, questo biglietto offre un&#8217;opzione pi\u00f9 conveniente rispetto al biglietto combinato.<\/li>\n<li><b>Flessibilit\u00e0:<\/b> Con questo biglietto puoi passare tutto il tempo che vuoi all&#8217;Acropoli senza sentirti obbligato a spostarti in altri siti.<\/li>\n<\/ol>\n<p><b><br \/>Svantaggi del biglietto d&#8217;ingresso all&#8217;Acropoli<\/b><\/p>\n<ol>\n<li><b>Accesso limitato:<\/b> Questo biglietto copre solo l&#8217;Acropoli, quindi se intendi visitare altri siti archeologici di Atene, dovrai acquistare altri biglietti.<\/li>\n<\/ol>\n<p><a href=\"https:\/\/acropolis.athenstickets.org\/it\/biglietti-acropoli\/\"><b><u>Prenota i tuoi biglietti<\/u><\/b><\/a><\/p>\n\t\t\t\t\t\t\t\t<\/div>\n\t\t\t\t<\/div>\n\t\t\t\t<div class=\"elementor-element elementor-element-e07b7dd elementor-widget elementor-widget-heading\" data-id=\"e07b7dd\" data-element_type=\"widget\" data-widget_type=\"heading.default\">\n\t\t\t\t<div class=\"elementor-widget-container\">\n\t\t\t\t\t<h3 class=\"elementor-heading-title elementor-size-default\">Biglietto Combo Acropoli\n<\/h3>\t\t\t\t<\/div>\n\t\t\t\t<\/div>\n\t\t\t\t<div class=\"elementor-element elementor-element-2599ecd elementor-widget elementor-widget-text-editor\" data-id=\"2599ecd\" data-element_type=\"widget\" data-widget_type=\"text-editor.default\">\n\t\t\t\t<div class=\"elementor-widget-container\">\n\t\t\t\t\t\t\t\t\t<p>Il biglietto Acropoli Combo \u00e8 un&#8217;opzione eccellente per i visitatori che desiderano un&#8217;esplorazione pi\u00f9 completa dei tesori archeologici di Atene. Questo biglietto include l&#8217;<b>accesso all&#8217;Acropoli e ad altri sei importanti siti archeologici<\/b>: l&#8217;Agor\u00e0 antica, l&#8217;Agor\u00e0 romana, la Biblioteca di Adriano, il Tempio di Zeus Olimpico, il Kerameikos e la Scuola di Aristotele.<\/p>\n<p><b>Vantaggi del biglietto Acropoli Combo<br><\/b><\/p>\n<ol>\n<li><b>Esplorazione completa: <\/b>Questo biglietto offre l&#8217;accesso a pi\u00f9 siti, consentendoti di conoscere uno spettro pi\u00f9 ampio della storia e della cultura antica di Atene.<\/li>\n<li><b>Risparmio sui costi:<\/b> L&#8217;acquisto di un biglietto combinato pu\u00f2 essere pi\u00f9 economico rispetto all&#8217;acquisto di biglietti singoli per ogni sito, soprattutto se hai intenzione di visitarne diversi.<\/li>\n<li><b>Convenienza:<\/b> Con un unico biglietto, puoi esplorare pi\u00f9 siti nell&#8217;arco di pi\u00f9 giorni, rendendo pi\u00f9 facile pianificare il tuo itinerario ed evitando il fastidio di acquistare biglietti separati.<\/li>\n<\/ol>\n<p><b><br>Svantaggi del biglietto Acropolis Combo<br><\/b><\/p>\n<ol>\n<li><b>Costo iniziale pi\u00f9 alto:<\/b> Il biglietto combinato \u00e8 pi\u00f9 costoso del biglietto a ingresso singolo, il che potrebbe essere un problema per i viaggiatori attenti al budget.<\/li>\n<li><b>Impegno di tempo: <\/b>Per sfruttare al meglio il biglietto combinato, devi dedicare tempo sufficiente per visitare tutti i siti inclusi, cosa che potrebbe non essere fattibile per i visitatori con un&#8217;agenda fitta di impegni.<\/li>\n<\/ol>\n<p><br><\/p>\n<p><b><u><a href=\"https:\/\/acropolis.athenstickets.org\/it\/biglietto-combinato-acropoli\/\"><a href=\"https:\/\/acropolis.athenstickets.org\/it\/biglietto-combinato-acropoli\/\">Prenota i tuoi biglietti<\/a><\/a><\/u><\/b><\/p>\t\t\t\t\t\t\t\t<\/div>\n\t\t\t\t<\/div>\n\t\t\t\t<div class=\"elementor-element elementor-element-8bf9b88 elementor-widget elementor-widget-heading\" data-id=\"8bf9b88\" data-element_type=\"widget\" data-widget_type=\"heading.default\">\n\t\t\t\t<div class=\"elementor-widget-container\">\n\t\t\t\t\t<h2 class=\"elementor-heading-title elementor-size-default\">Conclusioni sul miglior biglietto per la tua visita all'Acropoli<\/h2>\t\t\t\t<\/div>\n\t\t\t\t<\/div>\n\t\t\t\t<div class=\"elementor-element elementor-element-7bd2518 elementor-widget elementor-widget-text-editor\" data-id=\"7bd2518\" data-element_type=\"widget\" data-widget_type=\"text-editor.default\">\n\t\t\t\t<div class=\"elementor-widget-container\">\n\t\t\t\t\t\t\t\t\t<p>Visitare l&#8217;Acropoli di Atene \u00e8 un viaggio nel tempo che offre un profondo legame con il mondo antico. <b>Seguendo questo itinerario, potrai assicurarti di vedere i siti pi\u00f9 importanti e suggestivi, ognuno con la sua storia e il suo significato<\/b>. Dal grandioso ingresso dei Propilei all&#8217;iconico Partenone, all&#8217;intricato Eretteo e all&#8217;elegante Tempio di Atena Nike, ogni passo rivela l&#8217;ingegnosit\u00e0 e l&#8217;arte dell&#8217;antica civilt\u00e0 greca. Non dimenticare di esplorare il Museo dell&#8217;Acropoli e i siti circostanti come l&#8217;Odeon di Erode Attico, il Teatro di Dioniso e la Collina dell&#8217;Areopago per completare la tua esperienza.<\/p>\n<p>Con un&#8217;attenta pianificazione e una partenza anticipata, la tua visita all&#8217;Acropoli sar\u00e0 un&#8217;esperienza memorabile e arricchente, che ti lascer\u00e0 un profondo apprezzamento per l&#8217;eredit\u00e0 dell&#8217;antica Atene.<\/p>\n\t\t\t\t\t\t\t\t<\/div>\n\t\t\t\t<\/div>\n\t\t\t\t\t<\/div>\n\t\t<\/div>\n\t\t\t\t\t<\/div>\n\t\t<\/section>\n\t\t\t\t<\/div>\n\t\t","protected":false},"excerpt":{"rendered":"<p>Qual \u00e8 il biglietto migliore per visitare l&#8217;Acropoli? Scopri le migliori opzioni di biglietti per visitare l&#8217;Acropoli di Atene. Scopri il Biglietto d&#8217;ingresso all&#8217;Acropoli e il Biglietto Acropoli Combo per sfruttare al meglio la tua visita a questo iconico sito antico. Visitare l&#8217;Acropoli di Atene \u00e8 un&#8217;esperienza da non perdere per chi si reca in [&hellip;]<\/p>\n","protected":false},"author":1,"featured_media":0,"parent":0,"menu_order":0,"comment_status":"closed","ping_status":"closed","template":"elementor_header_footer","meta":{"footnotes":""},"class_list":["post-13259","page","type-page","status-publish","hentry"],"yoast_head":"<!-- This site is optimized with the Yoast SEO plugin v26.8 - https:\/\/yoast.com\/product\/yoast-seo-wordpress\/ -->\n<title>Scegliere il biglietto giusto per la tua visita all&#039;Acropoli<\/title>\n<meta name=\"description\" content=\"Scopri le migliori opzioni di biglietti per visitare l&#039;Acropoli di Atene. Scopri i biglietti per l&#039;Acropoli per sfruttare al meglio la tua visita.\" \/>\n<meta name=\"robots\" content=\"index, follow, max-snippet:-1, max-image-preview:large, max-video-preview:-1\" \/>\n<link rel=\"canonical\" href=\"https:\/\/acropolis.athenstickets.org\/it\/qual-e-il-biglietto-migliore-per-visitare-lacropoli\/\" \/>\n<meta property=\"og:locale\" content=\"it_IT\" \/>\n<meta property=\"og:type\" content=\"article\" \/>\n<meta property=\"og:title\" content=\"Scegliere il biglietto giusto per la tua visita all&#039;Acropoli\" \/>\n<meta property=\"og:description\" content=\"Scopri le migliori opzioni di biglietti per visitare l&#039;Acropoli di Atene. Scopri i biglietti per l&#039;Acropoli per sfruttare al meglio la tua visita.\" \/>\n<meta property=\"og:url\" content=\"https:\/\/acropolis.athenstickets.org\/it\/qual-e-il-biglietto-migliore-per-visitare-lacropoli\/\" \/>\n<meta property=\"og:site_name\" content=\"Acropolis tickets\" \/>\n<meta property=\"article:modified_time\" content=\"2024-07-11T10:00:13+00:00\" \/>\n<meta property=\"og:image\" content=\"https:\/\/acropolis.athenstickets.org\/wp-content\/uploads\/2024\/07\/best-tickets-for-Acropolis.webp\" \/>\n<meta name=\"twitter:card\" content=\"summary_large_image\" \/>\n<meta name=\"twitter:label1\" content=\"Tempo di lettura stimato\" \/>\n\t<meta name=\"twitter:data1\" content=\"4 minuti\" \/>\n<script type=\"application\/ld+json\" class=\"yoast-schema-graph\">{\"@context\":\"https:\/\/schema.org\",\"@graph\":[{\"@type\":\"WebPage\",\"@id\":\"https:\/\/acropolis.athenstickets.org\/it\/qual-e-il-biglietto-migliore-per-visitare-lacropoli\/\",\"url\":\"https:\/\/acropolis.athenstickets.org\/it\/qual-e-il-biglietto-migliore-per-visitare-lacropoli\/\",\"name\":\"Scegliere il biglietto giusto per la tua visita all'Acropoli\",\"isPartOf\":{\"@id\":\"https:\/\/acropolis.athenstickets.org\/it\/#website\"},\"primaryImageOfPage\":{\"@id\":\"https:\/\/acropolis.athenstickets.org\/it\/qual-e-il-biglietto-migliore-per-visitare-lacropoli\/#primaryimage\"},\"image\":{\"@id\":\"https:\/\/acropolis.athenstickets.org\/it\/qual-e-il-biglietto-migliore-per-visitare-lacropoli\/#primaryimage\"},\"thumbnailUrl\":\"https:\/\/acropolis.athenstickets.org\/wp-content\/uploads\/2024\/07\/best-tickets-for-Acropolis.webp\",\"datePublished\":\"2024-07-11T10:00:00+00:00\",\"dateModified\":\"2024-07-11T10:00:13+00:00\",\"description\":\"Scopri le migliori opzioni di biglietti per visitare l'Acropoli di Atene. Scopri i biglietti per l'Acropoli per sfruttare al meglio la tua visita.\",\"breadcrumb\":{\"@id\":\"https:\/\/acropolis.athenstickets.org\/it\/qual-e-il-biglietto-migliore-per-visitare-lacropoli\/#breadcrumb\"},\"inLanguage\":\"it-IT\",\"potentialAction\":[{\"@type\":\"ReadAction\",\"target\":[\"https:\/\/acropolis.athenstickets.org\/it\/qual-e-il-biglietto-migliore-per-visitare-lacropoli\/\"]}]},{\"@type\":\"ImageObject\",\"inLanguage\":\"it-IT\",\"@id\":\"https:\/\/acropolis.athenstickets.org\/it\/qual-e-il-biglietto-migliore-per-visitare-lacropoli\/#primaryimage\",\"url\":\"https:\/\/acropolis.athenstickets.org\/wp-content\/uploads\/2024\/07\/best-tickets-for-Acropolis.webp\",\"contentUrl\":\"https:\/\/acropolis.athenstickets.org\/wp-content\/uploads\/2024\/07\/best-tickets-for-Acropolis.webp\"},{\"@type\":\"BreadcrumbList\",\"@id\":\"https:\/\/acropolis.athenstickets.org\/it\/qual-e-il-biglietto-migliore-per-visitare-lacropoli\/#breadcrumb\",\"itemListElement\":[{\"@type\":\"ListItem\",\"position\":1,\"name\":\"Home\",\"item\":\"https:\/\/acropolis.athenstickets.org\/it\/\"},{\"@type\":\"ListItem\",\"position\":2,\"name\":\"Qual \u00e8 il biglietto migliore per visitare l&#8217;Acropoli?\"}]},{\"@type\":\"WebSite\",\"@id\":\"https:\/\/acropolis.athenstickets.org\/it\/#website\",\"url\":\"https:\/\/acropolis.athenstickets.org\/it\/\",\"name\":\"Acropolis tickets\",\"description\":\"\",\"publisher\":{\"@id\":\"https:\/\/acropolis.athenstickets.org\/it\/#organization\"},\"potentialAction\":[{\"@type\":\"SearchAction\",\"target\":{\"@type\":\"EntryPoint\",\"urlTemplate\":\"https:\/\/acropolis.athenstickets.org\/it\/?s={search_term_string}\"},\"query-input\":{\"@type\":\"PropertyValueSpecification\",\"valueRequired\":true,\"valueName\":\"search_term_string\"}}],\"inLanguage\":\"it-IT\"},{\"@type\":\"Organization\",\"@id\":\"https:\/\/acropolis.athenstickets.org\/it\/#organization\",\"name\":\"Acropolis tickets\",\"url\":\"https:\/\/acropolis.athenstickets.org\/it\/\",\"logo\":{\"@type\":\"ImageObject\",\"inLanguage\":\"it-IT\",\"@id\":\"https:\/\/acropolis.athenstickets.org\/it\/#\/schema\/logo\/image\/\",\"url\":\"https:\/\/acropolis.athenstickets.org\/wp-content\/uploads\/2024\/12\/Group-1089-1.png\",\"contentUrl\":\"https:\/\/acropolis.athenstickets.org\/wp-content\/uploads\/2024\/12\/Group-1089-1.png\",\"width\":395,\"height\":64,\"caption\":\"Acropolis tickets\"},\"image\":{\"@id\":\"https:\/\/acropolis.athenstickets.org\/it\/#\/schema\/logo\/image\/\"}}]}<\/script>\n<!-- \/ Yoast SEO plugin. -->","yoast_head_json":{"title":"Scegliere il biglietto giusto per la tua visita all'Acropoli","description":"Scopri le migliori opzioni di biglietti per visitare l'Acropoli di Atene. Scopri i biglietti per l'Acropoli per sfruttare al meglio la tua visita.","robots":{"index":"index","follow":"follow","max-snippet":"max-snippet:-1","max-image-preview":"max-image-preview:large","max-video-preview":"max-video-preview:-1"},"canonical":"https:\/\/acropolis.athenstickets.org\/it\/qual-e-il-biglietto-migliore-per-visitare-lacropoli\/","og_locale":"it_IT","og_type":"article","og_title":"Scegliere il biglietto giusto per la tua visita all'Acropoli","og_description":"Scopri le migliori opzioni di biglietti per visitare l'Acropoli di Atene. Scopri i biglietti per l'Acropoli per sfruttare al meglio la tua visita.","og_url":"https:\/\/acropolis.athenstickets.org\/it\/qual-e-il-biglietto-migliore-per-visitare-lacropoli\/","og_site_name":"Acropolis tickets","article_modified_time":"2024-07-11T10:00:13+00:00","og_image":[{"url":"https:\/\/acropolis.athenstickets.org\/wp-content\/uploads\/2024\/07\/best-tickets-for-Acropolis.webp","type":"","width":"","height":""}],"twitter_card":"summary_large_image","twitter_misc":{"Tempo di lettura stimato":"4 minuti"},"schema":{"@context":"https:\/\/schema.org","@graph":[{"@type":"WebPage","@id":"https:\/\/acropolis.athenstickets.org\/it\/qual-e-il-biglietto-migliore-per-visitare-lacropoli\/","url":"https:\/\/acropolis.athenstickets.org\/it\/qual-e-il-biglietto-migliore-per-visitare-lacropoli\/","name":"Scegliere il biglietto giusto per la tua visita all'Acropoli","isPartOf":{"@id":"https:\/\/acropolis.athenstickets.org\/it\/#website"},"primaryImageOfPage":{"@id":"https:\/\/acropolis.athenstickets.org\/it\/qual-e-il-biglietto-migliore-per-visitare-lacropoli\/#primaryimage"},"image":{"@id":"https:\/\/acropolis.athenstickets.org\/it\/qual-e-il-biglietto-migliore-per-visitare-lacropoli\/#primaryimage"},"thumbnailUrl":"https:\/\/acropolis.athenstickets.org\/wp-content\/uploads\/2024\/07\/best-tickets-for-Acropolis.webp","datePublished":"2024-07-11T10:00:00+00:00","dateModified":"2024-07-11T10:00:13+00:00","description":"Scopri le migliori opzioni di biglietti per visitare l'Acropoli di Atene. Scopri i biglietti per l'Acropoli per sfruttare al meglio la tua visita.","breadcrumb":{"@id":"https:\/\/acropolis.athenstickets.org\/it\/qual-e-il-biglietto-migliore-per-visitare-lacropoli\/#breadcrumb"},"inLanguage":"it-IT","potentialAction":[{"@type":"ReadAction","target":["https:\/\/acropolis.athenstickets.org\/it\/qual-e-il-biglietto-migliore-per-visitare-lacropoli\/"]}]},{"@type":"ImageObject","inLanguage":"it-IT","@id":"https:\/\/acropolis.athenstickets.org\/it\/qual-e-il-biglietto-migliore-per-visitare-lacropoli\/#primaryimage","url":"https:\/\/acropolis.athenstickets.org\/wp-content\/uploads\/2024\/07\/best-tickets-for-Acropolis.webp","contentUrl":"https:\/\/acropolis.athenstickets.org\/wp-content\/uploads\/2024\/07\/best-tickets-for-Acropolis.webp"},{"@type":"BreadcrumbList","@id":"https:\/\/acropolis.athenstickets.org\/it\/qual-e-il-biglietto-migliore-per-visitare-lacropoli\/#breadcrumb","itemListElement":[{"@type":"ListItem","position":1,"name":"Home","item":"https:\/\/acropolis.athenstickets.org\/it\/"},{"@type":"ListItem","position":2,"name":"Qual \u00e8 il biglietto migliore per visitare l&#8217;Acropoli?"}]},{"@type":"WebSite","@id":"https:\/\/acropolis.athenstickets.org\/it\/#website","url":"https:\/\/acropolis.athenstickets.org\/it\/","name":"Acropolis tickets","description":"","publisher":{"@id":"https:\/\/acropolis.athenstickets.org\/it\/#organization"},"potentialAction":[{"@type":"SearchAction","target":{"@type":"EntryPoint","urlTemplate":"https:\/\/acropolis.athenstickets.org\/it\/?s={search_term_string}"},"query-input":{"@type":"PropertyValueSpecification","valueRequired":true,"valueName":"search_term_string"}}],"inLanguage":"it-IT"},{"@type":"Organization","@id":"https:\/\/acropolis.athenstickets.org\/it\/#organization","name":"Acropolis tickets","url":"https:\/\/acropolis.athenstickets.org\/it\/","logo":{"@type":"ImageObject","inLanguage":"it-IT","@id":"https:\/\/acropolis.athenstickets.org\/it\/#\/schema\/logo\/image\/","url":"https:\/\/acropolis.athenstickets.org\/wp-content\/uploads\/2024\/12\/Group-1089-1.png","contentUrl":"https:\/\/acropolis.athenstickets.org\/wp-content\/uploads\/2024\/12\/Group-1089-1.png","width":395,"height":64,"caption":"Acropolis tickets"},"image":{"@id":"https:\/\/acropolis.athenstickets.org\/it\/#\/schema\/logo\/image\/"}}]}},"_links":{"self":[{"href":"https:\/\/acropolis.athenstickets.org\/it\/wp-json\/wp\/v2\/pages\/13259","targetHints":{"allow":["GET"]}}],"collection":[{"href":"https:\/\/acropolis.athenstickets.org\/it\/wp-json\/wp\/v2\/pages"}],"about":[{"href":"https:\/\/acropolis.athenstickets.org\/it\/wp-json\/wp\/v2\/types\/page"}],"author":[{"embeddable":true,"href":"https:\/\/acropolis.athenstickets.org\/it\/wp-json\/wp\/v2\/users\/1"}],"replies":[{"embeddable":true,"href":"https:\/\/acropolis.athenstickets.org\/it\/wp-json\/wp\/v2\/comments?post=13259"}],"version-history":[{"count":1,"href":"https:\/\/acropolis.athenstickets.org\/it\/wp-json\/wp\/v2\/pages\/13259\/revisions"}],"predecessor-version":[{"id":13261,"href":"https:\/\/acropolis.athenstickets.org\/it\/wp-json\/wp\/v2\/pages\/13259\/revisions\/13261"}],"wp:attachment":[{"href":"https:\/\/acropolis.athenstickets.org\/it\/wp-json\/wp\/v2\/media?parent=13259"}],"curies":[{"name":"wp","href":"https:\/\/api.w.org\/{rel}","templated":true}]}}