{"id":13137,"date":"2024-07-08T08:56:34","date_gmt":"2024-07-08T08:56:34","guid":{"rendered":"https:\/\/acropolis.athenstickets.org\/come-lacropoli-e-diventata-patrimonio-dellumanita-dellunesco\/"},"modified":"2024-07-08T08:58:48","modified_gmt":"2024-07-08T08:58:48","slug":"come-lacropoli-e-diventata-patrimonio-dellumanita-dellunesco","status":"publish","type":"page","link":"https:\/\/acropolis.athenstickets.org\/it\/come-lacropoli-e-diventata-patrimonio-dellumanita-dellunesco\/","title":{"rendered":"Come l&#8217;Acropoli \u00e8 diventata Patrimonio dell&#8217;Umanit\u00e0 dell&#8217;UNESCO"},"content":{"rendered":"\t\t<div data-elementor-type=\"wp-page\" data-elementor-id=\"13137\" class=\"elementor elementor-13137 elementor-13125\">\n\t\t\t\t\t\t<section class=\"elementor-section elementor-top-section elementor-element elementor-element-eaf8b5e elementor-section-height-min-height elementor-section-boxed elementor-section-height-default elementor-section-items-middle\" data-id=\"eaf8b5e\" data-element_type=\"section\" data-settings=\"{&quot;background_background&quot;:&quot;classic&quot;}\">\n\t\t\t\t\t\t\t<div class=\"elementor-background-overlay\"><\/div>\n\t\t\t\t\t\t\t<div class=\"elementor-container elementor-column-gap-default\">\n\t\t\t\t\t<div class=\"elementor-column elementor-col-50 elementor-top-column elementor-element elementor-element-e9bca08\" data-id=\"e9bca08\" data-element_type=\"column\">\n\t\t\t<div class=\"elementor-widget-wrap elementor-element-populated\">\n\t\t\t\t\t\t<div class=\"elementor-element elementor-element-ec33ddd elementor-widget elementor-widget-heading\" data-id=\"ec33ddd\" data-element_type=\"widget\" data-widget_type=\"heading.default\">\n\t\t\t\t<div class=\"elementor-widget-container\">\n\t\t\t\t\t<h1 class=\"elementor-heading-title elementor-size-default\">Come l'Acropoli \u00e8 diventata Patrimonio dell'Umanit\u00e0 dell'UNESCO<\/h1>\t\t\t\t<\/div>\n\t\t\t\t<\/div>\n\t\t\t\t<div class=\"elementor-element elementor-element-c98e3f9 elementor-widget elementor-widget-text-editor\" data-id=\"c98e3f9\" data-element_type=\"widget\" data-widget_type=\"text-editor.default\">\n\t\t\t\t<div class=\"elementor-widget-container\">\n\t\t\t\t\t\t\t\t\t<p>Scopri la storia, le caratteristiche uniche e gli sforzi di conservazione dell&#8217;Acropoli di Atene, patrimonio dell&#8217;umanit\u00e0 dell&#8217;UNESCO, e il suo significato nella cultura greca antica e moderna.<\/p>\n\t\t\t\t\t\t\t\t<\/div>\n\t\t\t\t<\/div>\n\t\t\t\t\t<\/div>\n\t\t<\/div>\n\t\t\t\t<div class=\"elementor-column elementor-col-50 elementor-top-column elementor-element elementor-element-4b7394d\" data-id=\"4b7394d\" data-element_type=\"column\">\n\t\t\t<div class=\"elementor-widget-wrap\">\n\t\t\t\t\t\t\t<\/div>\n\t\t<\/div>\n\t\t\t\t\t<\/div>\n\t\t<\/section>\n\t\t\t\t<section class=\"elementor-section elementor-top-section elementor-element elementor-element-0592343 elementor-section-height-min-height elementor-section-boxed elementor-section-height-default elementor-section-items-middle\" data-id=\"0592343\" data-element_type=\"section\" data-settings=\"{&quot;background_background&quot;:&quot;classic&quot;}\">\n\t\t\t\t\t\t<div class=\"elementor-container elementor-column-gap-default\">\n\t\t\t\t\t<div class=\"elementor-column elementor-col-100 elementor-top-column elementor-element elementor-element-a37c454\" data-id=\"a37c454\" data-element_type=\"column\">\n\t\t\t<div class=\"elementor-widget-wrap\">\n\t\t\t\t\t\t\t<\/div>\n\t\t<\/div>\n\t\t\t\t\t<\/div>\n\t\t<\/section>\n\t\t\t\t<section class=\"elementor-section elementor-top-section elementor-element elementor-element-e04d35c elementor-section-boxed elementor-section-height-default elementor-section-height-default\" data-id=\"e04d35c\" data-element_type=\"section\">\n\t\t\t\t\t\t<div class=\"elementor-container elementor-column-gap-default\">\n\t\t\t\t\t<div class=\"elementor-column elementor-col-100 elementor-top-column elementor-element elementor-element-efa916f\" data-id=\"efa916f\" data-element_type=\"column\">\n\t\t\t<div class=\"elementor-widget-wrap elementor-element-populated\">\n\t\t\t\t\t\t<div class=\"elementor-element elementor-element-eb5b09c elementor-widget elementor-widget-text-editor\" data-id=\"eb5b09c\" data-element_type=\"widget\" data-widget_type=\"text-editor.default\">\n\t\t\t\t<div class=\"elementor-widget-container\">\n\t\t\t\t\t\t\t\t\t<p>L&#8217;Acropoli di Atene non \u00e8 solo un simbolo monumentale dell&#8217;antica civilt\u00e0 greca, ma \u00e8 un faro del patrimonio culturale e della genialit\u00e0 architettonica. Questo sito iconico, che si erge maestoso sopra la citt\u00e0 di Atene, ha affascinato storici, archeologi e viaggiatori per secoli. Il suo significato va oltre le sue strutture fisiche, incarnando le conquiste artistiche e intellettuali dell&#8217;epoca classica. Nel 1987, l&#8217;Acropoli \u00e8 stata giustamente riconosciuta come Patrimonio dell&#8217;Umanit\u00e0 dall&#8217;UNESCO, cementando il suo status di parte inestimabile della storia umana. In questo post esploreremo la ricca storia dell&#8217;Acropoli, le sue caratteristiche architettoniche uniche, il percorso che l&#8217;ha portata a diventare Patrimonio dell&#8217;Umanit\u00e0 dell&#8217;UNESCO e i continui sforzi per preservare questo tesoro senza tempo per le generazioni future.<\/p>\n\t\t\t\t\t\t\t\t<\/div>\n\t\t\t\t<\/div>\n\t\t\t\t<div class=\"elementor-element elementor-element-7e9f0cf elementor-widget elementor-widget-image\" data-id=\"7e9f0cf\" data-element_type=\"widget\" data-widget_type=\"image.default\">\n\t\t\t\t<div class=\"elementor-widget-container\">\n\t\t\t\t\t\t\t\t\t\t\t\t\t\t\t<img fetchpriority=\"high\" decoding=\"async\" width=\"900\" height=\"500\" src=\"https:\/\/acropolis.athenstickets.org\/wp-content\/uploads\/2023\/10\/AcropilisViews.webp\" class=\"attachment-full size-full wp-image-10139\" alt=\"Acropolis viewpoint\" srcset=\"https:\/\/acropolis.athenstickets.org\/wp-content\/uploads\/2023\/10\/AcropilisViews.webp 900w, https:\/\/acropolis.athenstickets.org\/wp-content\/uploads\/2023\/10\/AcropilisViews-300x167.webp 300w, https:\/\/acropolis.athenstickets.org\/wp-content\/uploads\/2023\/10\/AcropilisViews-768x427.webp 768w, https:\/\/acropolis.athenstickets.org\/wp-content\/uploads\/2023\/10\/AcropilisViews-600x333.webp 600w\" sizes=\"(max-width: 900px) 100vw, 900px\" \/>\t\t\t\t\t\t\t\t\t\t\t\t\t\t\t<\/div>\n\t\t\t\t<\/div>\n\t\t\t\t<div class=\"elementor-element elementor-element-e68e22e elementor-widget elementor-widget-heading\" data-id=\"e68e22e\" data-element_type=\"widget\" data-widget_type=\"heading.default\">\n\t\t\t\t<div class=\"elementor-widget-container\">\n\t\t\t\t\t<h2 class=\"elementor-heading-title elementor-size-default\">L'Acropoli: Un sito storico\n<\/h2>\t\t\t\t<\/div>\n\t\t\t\t<\/div>\n\t\t\t\t<div class=\"elementor-element elementor-element-9893d20 elementor-widget elementor-widget-text-editor\" data-id=\"9893d20\" data-element_type=\"widget\" data-widget_type=\"text-editor.default\">\n\t\t\t\t<div class=\"elementor-widget-container\">\n\t\t\t\t\t\t\t\t\t<p>Arroccata su una collina rocciosa nel cuore di Atene, in Grecia, l&#8217;<b>Acropoli \u00e8 il simbolo dell&#8217;antica civilt\u00e0 e della genialit\u00e0 architettonica<\/b>. Questo sito storico, risalente al V secolo a.C., rappresenta lo zenit dell&#8217;arte e della cultura greca classica. La parola stessa &#8220;Acropoli&#8221; significa &#8220;citt\u00e0 alta&#8221; e serviva come centro religioso e cerimoniale dell&#8217;antica Atene.<\/p>\n<p>L&#8217;Acropoli ospita diverse strutture significative, in particolare il Partenone, un tempio dedicato alla dea Atena, considerata la protettrice di Atene. Altri edifici importanti sono l&#8217;Eretteo, il Tempio di Atena Nike e i Propilei, il grande ingresso dell&#8217;Acropoli. Queste strutture furono costruite sotto la guida di Pericle durante quella che viene spesso definita l&#8217;Et\u00e0 dell&#8217;Oro di Atene, mettendo in mostra l&#8217;abilit\u00e0 architettonica e artistica degli antichi greci.<\/p>\t\t\t\t\t\t\t\t<\/div>\n\t\t\t\t<\/div>\n\t\t\t\t<div class=\"elementor-element elementor-element-d1851b5 elementor-widget elementor-widget-heading\" data-id=\"d1851b5\" data-element_type=\"widget\" data-widget_type=\"heading.default\">\n\t\t\t\t<div class=\"elementor-widget-container\">\n\t\t\t\t\t<h2 class=\"elementor-heading-title elementor-size-default\">Caratteristiche uniche dell'Acropoli\n<\/h2>\t\t\t\t<\/div>\n\t\t\t\t<\/div>\n\t\t\t\t<div class=\"elementor-element elementor-element-e9e6fc9 elementor-widget elementor-widget-text-editor\" data-id=\"e9e6fc9\" data-element_type=\"widget\" data-widget_type=\"text-editor.default\">\n\t\t\t\t<div class=\"elementor-widget-container\">\n\t\t\t\t\t\t\t\t\t<p>L&#8217;<b>Acropoli \u00e8 famosa per le sue innovazioni architettoniche e le sue realizzazioni artistiche<\/b>. Il Partenone, ad esempio, \u00e8 famoso per le sue proporzioni perfette e le sue sculture intricate. Progettato dagli architetti Iktinos e Kallikrates e scolpito sotto la direzione di Fidia, il Partenone incarna i principi dell&#8217;architettura classica, tra cui armonia, simmetria ed equilibrio. Le sue colonne doriche e i fregi scolpiti che raffigurano scene della mitologia greca sono capolavori dell&#8217;arte antica.<\/p>\n<p>L&#8217;Eretteo \u00e8 un&#8217;altra meraviglia architettonica, notevole per il suo design asimmetrico e per le famose Cariatidi, figure femminili scolpite che fungono da colonne. Questo tempio fu costruito per adattarsi al terreno irregolare dell&#8217;Acropoli e onorare sia Atena che Poseidone, riflettendo le complesse pratiche religiose dell&#8217;antica Atene.<\/p>\n<p>Il Tempio di Atena Nike, sebbene pi\u00f9 piccolo, \u00e8 significativo per le sue graziose colonne ioniche e il fregio che raffigura la vittoria degli Ateniesi sui Persiani. I Propilei, la grande porta d&#8217;accesso all&#8217;Acropoli, impressionano per la loro scala monumentale e per l&#8217;abile integrazione di elementi dorici e ionici.<\/p>\t\t\t\t\t\t\t\t<\/div>\n\t\t\t\t<\/div>\n\t\t\t\t<div class=\"elementor-element elementor-element-7ed2777 elementor-widget elementor-widget-heading\" data-id=\"7ed2777\" data-element_type=\"widget\" data-widget_type=\"heading.default\">\n\t\t\t\t<div class=\"elementor-widget-container\">\n\t\t\t\t\t<h2 class=\"elementor-heading-title elementor-size-default\">Quando l'Acropoli \u00e8 diventata Patrimonio dell'Umanit\u00e0 dell'UNESCO?<\/h2>\t\t\t\t<\/div>\n\t\t\t\t<\/div>\n\t\t\t\t<div class=\"elementor-element elementor-element-28a0e7d elementor-widget elementor-widget-text-editor\" data-id=\"28a0e7d\" data-element_type=\"widget\" data-widget_type=\"text-editor.default\">\n\t\t\t\t<div class=\"elementor-widget-container\">\n\t\t\t\t\t\t\t\t\t<p>L&#8217;Acropoli \u00e8 stata dichiarata Patrimonio dell&#8217;Umanit\u00e0 dall&#8217;UNESCO nel 1987, riconoscendo il suo eccezionale valore universale per l&#8217;umanit\u00e0. Questo riconoscimento testimonia l&#8217;importanza storica, culturale e architettonica dell&#8217;Acropoli. Il processo per diventare Patrimonio dell&#8217;Umanit\u00e0 dell&#8217;UNESCO prevede una valutazione rigorosa basata su criteri quali l&#8217;autenticit\u00e0, l&#8217;integrit\u00e0 e il contributo del sito al patrimonio mondiale.<\/p>\n<p>L<b>&#8216;Acropoli soddisfa diversi criteri dell&#8217;UNESCO<\/b>, tra cui quello di rappresentare un capolavoro del genio creativo umano (Criterio i), la sua influenza sulle culture e civilt\u00e0 successive (Criterio ii) e la sua associazione con idee e credenze di significato universale (Criterio vi). La conservazione e la presentazione dell&#8217;antica cultura greca e della sua influenza sulla civilt\u00e0 occidentale hanno giocato un ruolo fondamentale nella selezione del sito come Patrimonio dell&#8217;Umanit\u00e0.<\/p>\t\t\t\t\t\t\t\t<\/div>\n\t\t\t\t<\/div>\n\t\t\t\t<div class=\"elementor-element elementor-element-48f52fe elementor-widget elementor-widget-heading\" data-id=\"48f52fe\" data-element_type=\"widget\" data-widget_type=\"heading.default\">\n\t\t\t\t<div class=\"elementor-widget-container\">\n\t\t\t\t\t<h2 class=\"elementor-heading-title elementor-size-default\">L'Acropoli oggi<\/h2>\t\t\t\t<\/div>\n\t\t\t\t<\/div>\n\t\t\t\t<div class=\"elementor-element elementor-element-6600b22 elementor-widget elementor-widget-text-editor\" data-id=\"6600b22\" data-element_type=\"widget\" data-widget_type=\"text-editor.default\">\n\t\t\t\t<div class=\"elementor-widget-container\">\n\t\t\t\t\t\t\t\t\t<p>Oggi l&#8217;Acropoli continua a essere un&#8217;importante attrazione culturale e turistica, che attira ogni anno milioni di visitatori da tutto il mondo. Gli <b>sforzi per preservare l&#8217;Acropoli di Atene sono continui, poich\u00e9 il sito deve affrontare le sfide poste da fattori ambientali, turismo e urbanizzazione<\/b>. Il governo greco, in collaborazione con le organizzazioni internazionali, ha intrapreso ampi progetti di restauro per salvaguardare l&#8217;Acropoli per le generazioni future.<\/p>\n<p>Uno degli sforzi di conservazione pi\u00f9 significativi \u00e8 il Progetto di Restauro dell&#8217;Acropoli, iniziato negli anni &#8217;70. Questo progetto prevede una ricerca meticolosa, una documentazione e un lavoro di conservazione per affrontare i danni causati dall&#8217;inquinamento, dall&#8217;invecchiamento naturale e dai precedenti tentativi di restauro. Il progetto ha impiegato tecnologie avanzate e artigianato tradizionale per ripristinare l&#8217;integrit\u00e0 strutturale e il valore estetico dei monumenti.<\/p>\n\t\t\t\t\t\t\t\t<\/div>\n\t\t\t\t<\/div>\n\t\t\t\t<div class=\"elementor-element elementor-element-41914a4 elementor-widget elementor-widget-heading\" data-id=\"41914a4\" data-element_type=\"widget\" data-widget_type=\"heading.default\">\n\t\t\t\t<div class=\"elementor-widget-container\">\n\t\t\t\t\t<h2 class=\"elementor-heading-title elementor-size-default\">Conclusioni sull'Acropoli come Patrimonio dell'Umanit\u00e0<\/h2>\t\t\t\t<\/div>\n\t\t\t\t<\/div>\n\t\t\t\t<div class=\"elementor-element elementor-element-15a154b elementor-widget elementor-widget-text-editor\" data-id=\"15a154b\" data-element_type=\"widget\" data-widget_type=\"text-editor.default\">\n\t\t\t\t<div class=\"elementor-widget-container\">\n\t\t\t\t\t\t\t\t\t<p>L&#8217;Acropoli di Atene \u00e8 una testimonianza monumentale dell&#8217;antica civilt\u00e0 greca, che incarna le conquiste culturali, artistiche e architettoniche dell&#8217;epoca classica. La sua designazione a Patrimonio dell&#8217;Umanit\u00e0 dell&#8217;UNESCO sottolinea il suo valore universale e la necessit\u00e0 di preservare questo simbolo per le generazioni future.<\/p>\n<p>Gli sforzi di restauro e conservazione in corso evidenziano l&#8217;impegno della comunit\u00e0 internazionale per salvaguardare l&#8217;Acropoli dalle devastazioni del tempo, dall&#8217;inquinamento e dall&#8217;impatto umano. Combinando tecnologie avanzate e tecniche tradizionali, questi sforzi mirano a mantenere l&#8217;integrit\u00e0 e l&#8217;autenticit\u00e0 dell&#8217;Acropoli, assicurando al contempo che rimanga un sito accessibile e stimolante per i visitatori di tutto il mondo.<\/p>\n<p>Mentre continuiamo ad ammirare e studiare l&#8217;Acropoli, essa non serve solo come legame con il nostro passato, ma anche come promemoria del potere duraturo della creativit\u00e0 umana e dell&#8217;importanza di preservare il nostro patrimonio comune.<\/p>\n\t\t\t\t\t\t\t\t<\/div>\n\t\t\t\t<\/div>\n\t\t\t\t\t<\/div>\n\t\t<\/div>\n\t\t\t\t\t<\/div>\n\t\t<\/section>\n\t\t\t\t<\/div>\n\t\t","protected":false},"excerpt":{"rendered":"<p>Come l&#8217;Acropoli \u00e8 diventata Patrimonio dell&#8217;Umanit\u00e0 dell&#8217;UNESCO Scopri la storia, le caratteristiche uniche e gli sforzi di conservazione dell&#8217;Acropoli di Atene, patrimonio dell&#8217;umanit\u00e0 dell&#8217;UNESCO, e il suo significato nella cultura greca antica e moderna. L&#8217;Acropoli di Atene non \u00e8 solo un simbolo monumentale dell&#8217;antica civilt\u00e0 greca, ma \u00e8 un faro del patrimonio culturale e della [&hellip;]<\/p>\n","protected":false},"author":1,"featured_media":0,"parent":0,"menu_order":0,"comment_status":"closed","ping_status":"closed","template":"elementor_header_footer","meta":{"footnotes":""},"class_list":["post-13137","page","type-page","status-publish","hentry"],"yoast_head":"<!-- This site is optimized with the Yoast SEO plugin v26.8 - https:\/\/yoast.com\/product\/yoast-seo-wordpress\/ -->\n<title>L&#039;Acropoli come patrimonio dell&#039;umanit\u00e0 dell&#039;UNESCO<\/title>\n<meta name=\"description\" content=\"Scopri la storia, le caratteristiche uniche e gli sforzi di conservazione dell&#039;Acropoli di Atene, patrimonio mondiale dell&#039;UNESCO.\" \/>\n<meta name=\"robots\" content=\"index, follow, max-snippet:-1, max-image-preview:large, max-video-preview:-1\" \/>\n<link rel=\"canonical\" href=\"https:\/\/acropolis.athenstickets.org\/it\/come-lacropoli-e-diventata-patrimonio-dellumanita-dellunesco\/\" \/>\n<meta property=\"og:locale\" content=\"it_IT\" \/>\n<meta property=\"og:type\" content=\"article\" \/>\n<meta property=\"og:title\" content=\"L&#039;Acropoli come patrimonio dell&#039;umanit\u00e0 dell&#039;UNESCO\" \/>\n<meta property=\"og:description\" content=\"Scopri la storia, le caratteristiche uniche e gli sforzi di conservazione dell&#039;Acropoli di Atene, patrimonio mondiale dell&#039;UNESCO.\" \/>\n<meta property=\"og:url\" content=\"https:\/\/acropolis.athenstickets.org\/it\/come-lacropoli-e-diventata-patrimonio-dellumanita-dellunesco\/\" \/>\n<meta property=\"og:site_name\" content=\"Acropolis tickets\" \/>\n<meta property=\"article:modified_time\" content=\"2024-07-08T08:58:48+00:00\" \/>\n<meta property=\"og:image\" content=\"https:\/\/acropolis.athenstickets.org\/wp-content\/uploads\/2023\/10\/AcropilisViews.webp\" \/>\n<meta name=\"twitter:card\" content=\"summary_large_image\" \/>\n<meta name=\"twitter:label1\" content=\"Tempo di lettura stimato\" \/>\n\t<meta name=\"twitter:data1\" content=\"4 minuti\" \/>\n<script type=\"application\/ld+json\" class=\"yoast-schema-graph\">{\"@context\":\"https:\/\/schema.org\",\"@graph\":[{\"@type\":\"WebPage\",\"@id\":\"https:\/\/acropolis.athenstickets.org\/it\/come-lacropoli-e-diventata-patrimonio-dellumanita-dellunesco\/\",\"url\":\"https:\/\/acropolis.athenstickets.org\/it\/come-lacropoli-e-diventata-patrimonio-dellumanita-dellunesco\/\",\"name\":\"L'Acropoli come patrimonio dell'umanit\u00e0 dell'UNESCO\",\"isPartOf\":{\"@id\":\"https:\/\/acropolis.athenstickets.org\/it\/#website\"},\"primaryImageOfPage\":{\"@id\":\"https:\/\/acropolis.athenstickets.org\/it\/come-lacropoli-e-diventata-patrimonio-dellumanita-dellunesco\/#primaryimage\"},\"image\":{\"@id\":\"https:\/\/acropolis.athenstickets.org\/it\/come-lacropoli-e-diventata-patrimonio-dellumanita-dellunesco\/#primaryimage\"},\"thumbnailUrl\":\"https:\/\/acropolis.athenstickets.org\/wp-content\/uploads\/2023\/10\/AcropilisViews.webp\",\"datePublished\":\"2024-07-08T08:56:34+00:00\",\"dateModified\":\"2024-07-08T08:58:48+00:00\",\"description\":\"Scopri la storia, le caratteristiche uniche e gli sforzi di conservazione dell'Acropoli di Atene, patrimonio mondiale dell'UNESCO.\",\"breadcrumb\":{\"@id\":\"https:\/\/acropolis.athenstickets.org\/it\/come-lacropoli-e-diventata-patrimonio-dellumanita-dellunesco\/#breadcrumb\"},\"inLanguage\":\"it-IT\",\"potentialAction\":[{\"@type\":\"ReadAction\",\"target\":[\"https:\/\/acropolis.athenstickets.org\/it\/come-lacropoli-e-diventata-patrimonio-dellumanita-dellunesco\/\"]}]},{\"@type\":\"ImageObject\",\"inLanguage\":\"it-IT\",\"@id\":\"https:\/\/acropolis.athenstickets.org\/it\/come-lacropoli-e-diventata-patrimonio-dellumanita-dellunesco\/#primaryimage\",\"url\":\"https:\/\/acropolis.athenstickets.org\/wp-content\/uploads\/2023\/10\/AcropilisViews.webp\",\"contentUrl\":\"https:\/\/acropolis.athenstickets.org\/wp-content\/uploads\/2023\/10\/AcropilisViews.webp\"},{\"@type\":\"BreadcrumbList\",\"@id\":\"https:\/\/acropolis.athenstickets.org\/it\/come-lacropoli-e-diventata-patrimonio-dellumanita-dellunesco\/#breadcrumb\",\"itemListElement\":[{\"@type\":\"ListItem\",\"position\":1,\"name\":\"Home\",\"item\":\"https:\/\/acropolis.athenstickets.org\/it\/\"},{\"@type\":\"ListItem\",\"position\":2,\"name\":\"Come l&#8217;Acropoli \u00e8 diventata Patrimonio dell&#8217;Umanit\u00e0 dell&#8217;UNESCO\"}]},{\"@type\":\"WebSite\",\"@id\":\"https:\/\/acropolis.athenstickets.org\/it\/#website\",\"url\":\"https:\/\/acropolis.athenstickets.org\/it\/\",\"name\":\"Acropolis tickets\",\"description\":\"\",\"publisher\":{\"@id\":\"https:\/\/acropolis.athenstickets.org\/it\/#organization\"},\"potentialAction\":[{\"@type\":\"SearchAction\",\"target\":{\"@type\":\"EntryPoint\",\"urlTemplate\":\"https:\/\/acropolis.athenstickets.org\/it\/?s={search_term_string}\"},\"query-input\":{\"@type\":\"PropertyValueSpecification\",\"valueRequired\":true,\"valueName\":\"search_term_string\"}}],\"inLanguage\":\"it-IT\"},{\"@type\":\"Organization\",\"@id\":\"https:\/\/acropolis.athenstickets.org\/it\/#organization\",\"name\":\"Acropolis tickets\",\"url\":\"https:\/\/acropolis.athenstickets.org\/it\/\",\"logo\":{\"@type\":\"ImageObject\",\"inLanguage\":\"it-IT\",\"@id\":\"https:\/\/acropolis.athenstickets.org\/it\/#\/schema\/logo\/image\/\",\"url\":\"https:\/\/acropolis.athenstickets.org\/wp-content\/uploads\/2024\/12\/Group-1089-1.png\",\"contentUrl\":\"https:\/\/acropolis.athenstickets.org\/wp-content\/uploads\/2024\/12\/Group-1089-1.png\",\"width\":395,\"height\":64,\"caption\":\"Acropolis tickets\"},\"image\":{\"@id\":\"https:\/\/acropolis.athenstickets.org\/it\/#\/schema\/logo\/image\/\"}}]}<\/script>\n<!-- \/ Yoast SEO plugin. -->","yoast_head_json":{"title":"L'Acropoli come patrimonio dell'umanit\u00e0 dell'UNESCO","description":"Scopri la storia, le caratteristiche uniche e gli sforzi di conservazione dell'Acropoli di Atene, patrimonio mondiale dell'UNESCO.","robots":{"index":"index","follow":"follow","max-snippet":"max-snippet:-1","max-image-preview":"max-image-preview:large","max-video-preview":"max-video-preview:-1"},"canonical":"https:\/\/acropolis.athenstickets.org\/it\/come-lacropoli-e-diventata-patrimonio-dellumanita-dellunesco\/","og_locale":"it_IT","og_type":"article","og_title":"L'Acropoli come patrimonio dell'umanit\u00e0 dell'UNESCO","og_description":"Scopri la storia, le caratteristiche uniche e gli sforzi di conservazione dell'Acropoli di Atene, patrimonio mondiale dell'UNESCO.","og_url":"https:\/\/acropolis.athenstickets.org\/it\/come-lacropoli-e-diventata-patrimonio-dellumanita-dellunesco\/","og_site_name":"Acropolis tickets","article_modified_time":"2024-07-08T08:58:48+00:00","og_image":[{"url":"https:\/\/acropolis.athenstickets.org\/wp-content\/uploads\/2023\/10\/AcropilisViews.webp","type":"","width":"","height":""}],"twitter_card":"summary_large_image","twitter_misc":{"Tempo di lettura stimato":"4 minuti"},"schema":{"@context":"https:\/\/schema.org","@graph":[{"@type":"WebPage","@id":"https:\/\/acropolis.athenstickets.org\/it\/come-lacropoli-e-diventata-patrimonio-dellumanita-dellunesco\/","url":"https:\/\/acropolis.athenstickets.org\/it\/come-lacropoli-e-diventata-patrimonio-dellumanita-dellunesco\/","name":"L'Acropoli come patrimonio dell'umanit\u00e0 dell'UNESCO","isPartOf":{"@id":"https:\/\/acropolis.athenstickets.org\/it\/#website"},"primaryImageOfPage":{"@id":"https:\/\/acropolis.athenstickets.org\/it\/come-lacropoli-e-diventata-patrimonio-dellumanita-dellunesco\/#primaryimage"},"image":{"@id":"https:\/\/acropolis.athenstickets.org\/it\/come-lacropoli-e-diventata-patrimonio-dellumanita-dellunesco\/#primaryimage"},"thumbnailUrl":"https:\/\/acropolis.athenstickets.org\/wp-content\/uploads\/2023\/10\/AcropilisViews.webp","datePublished":"2024-07-08T08:56:34+00:00","dateModified":"2024-07-08T08:58:48+00:00","description":"Scopri la storia, le caratteristiche uniche e gli sforzi di conservazione dell'Acropoli di Atene, patrimonio mondiale dell'UNESCO.","breadcrumb":{"@id":"https:\/\/acropolis.athenstickets.org\/it\/come-lacropoli-e-diventata-patrimonio-dellumanita-dellunesco\/#breadcrumb"},"inLanguage":"it-IT","potentialAction":[{"@type":"ReadAction","target":["https:\/\/acropolis.athenstickets.org\/it\/come-lacropoli-e-diventata-patrimonio-dellumanita-dellunesco\/"]}]},{"@type":"ImageObject","inLanguage":"it-IT","@id":"https:\/\/acropolis.athenstickets.org\/it\/come-lacropoli-e-diventata-patrimonio-dellumanita-dellunesco\/#primaryimage","url":"https:\/\/acropolis.athenstickets.org\/wp-content\/uploads\/2023\/10\/AcropilisViews.webp","contentUrl":"https:\/\/acropolis.athenstickets.org\/wp-content\/uploads\/2023\/10\/AcropilisViews.webp"},{"@type":"BreadcrumbList","@id":"https:\/\/acropolis.athenstickets.org\/it\/come-lacropoli-e-diventata-patrimonio-dellumanita-dellunesco\/#breadcrumb","itemListElement":[{"@type":"ListItem","position":1,"name":"Home","item":"https:\/\/acropolis.athenstickets.org\/it\/"},{"@type":"ListItem","position":2,"name":"Come l&#8217;Acropoli \u00e8 diventata Patrimonio dell&#8217;Umanit\u00e0 dell&#8217;UNESCO"}]},{"@type":"WebSite","@id":"https:\/\/acropolis.athenstickets.org\/it\/#website","url":"https:\/\/acropolis.athenstickets.org\/it\/","name":"Acropolis tickets","description":"","publisher":{"@id":"https:\/\/acropolis.athenstickets.org\/it\/#organization"},"potentialAction":[{"@type":"SearchAction","target":{"@type":"EntryPoint","urlTemplate":"https:\/\/acropolis.athenstickets.org\/it\/?s={search_term_string}"},"query-input":{"@type":"PropertyValueSpecification","valueRequired":true,"valueName":"search_term_string"}}],"inLanguage":"it-IT"},{"@type":"Organization","@id":"https:\/\/acropolis.athenstickets.org\/it\/#organization","name":"Acropolis tickets","url":"https:\/\/acropolis.athenstickets.org\/it\/","logo":{"@type":"ImageObject","inLanguage":"it-IT","@id":"https:\/\/acropolis.athenstickets.org\/it\/#\/schema\/logo\/image\/","url":"https:\/\/acropolis.athenstickets.org\/wp-content\/uploads\/2024\/12\/Group-1089-1.png","contentUrl":"https:\/\/acropolis.athenstickets.org\/wp-content\/uploads\/2024\/12\/Group-1089-1.png","width":395,"height":64,"caption":"Acropolis tickets"},"image":{"@id":"https:\/\/acropolis.athenstickets.org\/it\/#\/schema\/logo\/image\/"}}]}},"_links":{"self":[{"href":"https:\/\/acropolis.athenstickets.org\/it\/wp-json\/wp\/v2\/pages\/13137","targetHints":{"allow":["GET"]}}],"collection":[{"href":"https:\/\/acropolis.athenstickets.org\/it\/wp-json\/wp\/v2\/pages"}],"about":[{"href":"https:\/\/acropolis.athenstickets.org\/it\/wp-json\/wp\/v2\/types\/page"}],"author":[{"embeddable":true,"href":"https:\/\/acropolis.athenstickets.org\/it\/wp-json\/wp\/v2\/users\/1"}],"replies":[{"embeddable":true,"href":"https:\/\/acropolis.athenstickets.org\/it\/wp-json\/wp\/v2\/comments?post=13137"}],"version-history":[{"count":2,"href":"https:\/\/acropolis.athenstickets.org\/it\/wp-json\/wp\/v2\/pages\/13137\/revisions"}],"predecessor-version":[{"id":13149,"href":"https:\/\/acropolis.athenstickets.org\/it\/wp-json\/wp\/v2\/pages\/13137\/revisions\/13149"}],"wp:attachment":[{"href":"https:\/\/acropolis.athenstickets.org\/it\/wp-json\/wp\/v2\/media?parent=13137"}],"curies":[{"name":"wp","href":"https:\/\/api.w.org\/{rel}","templated":true}]}}