{"id":11593,"date":"2024-04-11T08:42:02","date_gmt":"2024-04-11T08:42:02","guid":{"rendered":"https:\/\/acropolis.athenstickets.org\/chi-siamo\/"},"modified":"2025-02-05T11:28:51","modified_gmt":"2025-02-05T11:28:51","slug":"chi-siamo","status":"publish","type":"page","link":"https:\/\/acropolis.athenstickets.org\/it\/chi-siamo\/","title":{"rendered":"Chi siamo"},"content":{"rendered":"\t\t<div data-elementor-type=\"wp-page\" data-elementor-id=\"11593\" class=\"elementor elementor-11593 elementor-11568\">\n\t\t\t\t\t\t<section class=\"elementor-section elementor-top-section elementor-element elementor-element-4aac332a elementor-section-boxed elementor-section-height-default elementor-section-height-default\" data-id=\"4aac332a\" data-element_type=\"section\">\n\t\t\t\t\t\t<div class=\"elementor-container elementor-column-gap-default\">\n\t\t\t\t\t<div class=\"elementor-column elementor-col-100 elementor-top-column elementor-element elementor-element-6a120b93\" data-id=\"6a120b93\" data-element_type=\"column\">\n\t\t\t<div class=\"elementor-widget-wrap elementor-element-populated\">\n\t\t\t\t\t\t<div class=\"elementor-element elementor-element-789ca3fa elementor-widget elementor-widget-heading\" data-id=\"789ca3fa\" data-element_type=\"widget\" data-widget_type=\"heading.default\">\n\t\t\t\t<div class=\"elementor-widget-container\">\n\t\t\t\t\t<h1 class=\"elementor-heading-title elementor-size-default\">Informazioni sui biglietti per Acropolis<\/h1>\t\t\t\t<\/div>\n\t\t\t\t<\/div>\n\t\t\t\t<div class=\"elementor-element elementor-element-fa6c7a7 elementor-widget elementor-widget-text-editor\" data-id=\"fa6c7a7\" data-element_type=\"widget\" data-widget_type=\"text-editor.default\">\n\t\t\t\t<div class=\"elementor-widget-container\">\n\t\t\t\t\t\t\t\t\t<p>Esplorate l&#8217;essenza del nostro sito web <b>Acropolis Tickets<\/b>, la vostra porta d&#8217;accesso a un&#8217;esperienza perfetta ad Atene.<\/p>\n<p>Benvenuti ad Acropolis Tickets! Siamo un team appassionato che si dedica a rendere indimenticabile la vostra esperienza ad Atene. Siamo appassionati di <b>monumenti, attrazioni ed esplorazione di culture diverse in tutto il mondo<\/b>. Siamo orgogliosi di condividere con voi le nostre conoscenze e il nostro entusiasmo per farvi scoprire la grandezza storica e culturale di Atene nel modo pi\u00f9 emozionante e arricchente possibile.<\/p>\n<p>Con noi, non solo avrete accesso ai tesori dell&#8217;Acropoli, ma vi immergerete anche nella ricchezza del suo passato, presente e futuro. Siamo qui per guidarvi in ogni momento, dalla <b>prenotazione dei biglietti ai consigli degli esperti per sfruttare al meglio la vostra visita<\/b>.<\/p>\n<p>Unitevi a noi in questa emozionante avventura per esplorare insieme la maestosit\u00e0 dell&#8217;Acropoli e celebrare la bellezza e la diversit\u00e0 del nostro mondo. Preparatevi a un&#8217;esperienza che vi lascer\u00e0 a bocca aperta e con ricordi che dureranno tutta la vita!<\/p>\n\t\t\t\t\t\t\t\t<\/div>\n\t\t\t\t<\/div>\n\t\t\t\t<div class=\"elementor-element elementor-element-6c300864 elementor-widget elementor-widget-heading\" data-id=\"6c300864\" data-element_type=\"widget\" data-widget_type=\"heading.default\">\n\t\t\t\t<div class=\"elementor-widget-container\">\n\t\t\t\t\t<h2 class=\"elementor-heading-title elementor-size-default\">Chi sono gli Acropolis Tickets?  \n<\/h2>\t\t\t\t<\/div>\n\t\t\t\t<\/div>\n\t\t\t\t<div class=\"elementor-element elementor-element-13037178 elementor-widget elementor-widget-text-editor\" data-id=\"13037178\" data-element_type=\"widget\" data-widget_type=\"text-editor.default\">\n\t\t\t\t<div class=\"elementor-widget-container\">\n\t\t\t\t\t\t\t\t\t<p>Noi di Acropolis Tickets siamo un team di appassionati di cultura ed esperti di turismo uniti da un unico obiettivo: <b>garantire che la vostra visita ad Atene sia indimenticabile <\/b>fin dal momento in cui vi assicurate il biglietto. Il nostro impegno consiste nel permettervi di immergervi completamente nello splendore culturale che vi attende.<\/p>\n\t\t\t\t\t\t\t\t<\/div>\n\t\t\t\t<\/div>\n\t\t\t\t<div class=\"elementor-element elementor-element-29b2c94c elementor-widget elementor-widget-heading\" data-id=\"29b2c94c\" data-element_type=\"widget\" data-widget_type=\"heading.default\">\n\t\t\t\t<div class=\"elementor-widget-container\">\n\t\t\t\t\t<h2 class=\"elementor-heading-title elementor-size-default\">La nostra essenza\n<\/h2>\t\t\t\t<\/div>\n\t\t\t\t<\/div>\n\t\t\t\t<div class=\"elementor-element elementor-element-6f50dd00 elementor-widget elementor-widget-text-editor\" data-id=\"6f50dd00\" data-element_type=\"widget\" data-widget_type=\"text-editor.default\">\n\t\t\t\t<div class=\"elementor-widget-container\">\n\t\t\t\t\t\t\t\t\t<p>L&#8217;essenza di Acropolis Tickets risiede in una profonda passione per la storia, la cultura e le meraviglie del mondo. Crediamo nel potere trasformativo del viaggio e dell&#8217;esplorazione e ci sforziamo di accendere la stessa passione in ogni visitatore che varca i cancelli dell&#8217;Acropoli. Con una miscela di competenza, dedizione e amore genuino per ci\u00f2 che facciamo, ci proponiamo di creare momenti di stupore, ispirazione e scoperta per tutti coloro che intraprendono questo viaggio con noi.<\/p>\n<p>Trascendiamo i semplici servizi di prenotazione: siamo i tuoi compagni di viaggio alla scoperta della ricca storia, della squisita arte e della bellezza senza tempo racchiuse nella grandezza dell&#8217;Acropoli. <b>Specializzati nella vendita online di biglietti per musei e luoghi di interesse culturale<\/b>, uniamo i viaggiatori di tutto il mondo, offrendo una miriade di opportunit\u00e0 per immergersi in incontri culturali particolari.<\/p>\n<p>La nostra missione \u00e8 quella di svelare il vibrante arazzo della cultura dell&#8217;Acropoli, consentendovi di accedere ai capolavori duraturi che hanno rapito innumerevoli anime.<\/p>\n<p>Ingresso assicurato: Con i biglietti per l&#8217;Acropoli, l&#8217;<b>ingresso all&#8217;attrazione \u00e8 garantito<\/b>.<\/p>\t\t\t\t\t\t\t\t<\/div>\n\t\t\t\t<\/div>\n\t\t\t\t<div class=\"elementor-element elementor-element-7533a90b elementor-widget elementor-widget-heading\" data-id=\"7533a90b\" data-element_type=\"widget\" data-widget_type=\"heading.default\">\n\t\t\t\t<div class=\"elementor-widget-container\">\n\t\t\t\t\t<h2 class=\"elementor-heading-title elementor-size-default\">La nostra missione\n<\/h2>\t\t\t\t<\/div>\n\t\t\t\t<\/div>\n\t\t\t\t<div class=\"elementor-element elementor-element-7e768ebf elementor-widget elementor-widget-text-editor\" data-id=\"7e768ebf\" data-element_type=\"widget\" data-widget_type=\"text-editor.default\">\n\t\t\t\t<div class=\"elementor-widget-container\">\n\t\t\t\t\t\t\t\t\t<p>La nostra missione \u00e8 semplice e profonda: essere il vostro compagno di fiducia per scoprire lo splendore dell&#8217;Acropoli. Grazie a un accesso senza soluzione di continuit\u00e0, a una guida approfondita e a un servizio impareggiabile, ci impegniamo a garantire che la vostra visita all&#8217;Acropoli sia a dir poco straordinaria.<\/p>\n<p>Che siate appassionati di storia, di arte o semplicemente viaggiatori curiosi, il nostro obiettivo \u00e8 arricchire la vostra esperienza, approfondire la vostra conoscenza e lasciarvi ricordi che dureranno tutta la vita. Unitevi a noi in questa missione, esplorando il passato, abbracciando il presente e plasmando il futuro dell&#8217;esplorazione culturale ad Atene.<\/p>\n\t\t\t\t\t\t\t\t<\/div>\n\t\t\t\t<\/div>\n\t\t\t\t\t<\/div>\n\t\t<\/div>\n\t\t\t\t\t<\/div>\n\t\t<\/section>\n\t\t\t\t<\/div>\n\t\t","protected":false},"excerpt":{"rendered":"<p>Informazioni sui biglietti per Acropolis Esplorate l&#8217;essenza del nostro sito web Acropolis Tickets, la vostra porta d&#8217;accesso a un&#8217;esperienza perfetta ad Atene. Benvenuti ad Acropolis Tickets! Siamo un team appassionato che si dedica a rendere indimenticabile la vostra esperienza ad Atene. Siamo appassionati di monumenti, attrazioni ed esplorazione di culture diverse in tutto il mondo. [&hellip;]<\/p>\n","protected":false},"author":1,"featured_media":0,"parent":0,"menu_order":0,"comment_status":"closed","ping_status":"closed","template":"elementor_header_footer","meta":{"footnotes":""},"class_list":["post-11593","page","type-page","status-publish","hentry"],"yoast_head":"<!-- This site is optimized with the Yoast SEO plugin v26.8 - https:\/\/yoast.com\/product\/yoast-seo-wordpress\/ -->\n<title>Chi siamo - Scoprire l&#039;Acropoli Biglietti e Tour<\/title>\n<meta name=\"description\" content=\"Acropolis Tickets \u00e8 una piattaforma di viaggio ideale per prenotare i biglietti per l&#039;Acropoli e il Museo dell&#039;Acropoli durante le vostre vacanze.\" \/>\n<meta name=\"robots\" content=\"index, follow, max-snippet:-1, max-image-preview:large, max-video-preview:-1\" \/>\n<link rel=\"canonical\" href=\"https:\/\/acropolis.athenstickets.org\/it\/chi-siamo\/\" \/>\n<meta property=\"og:locale\" content=\"it_IT\" \/>\n<meta property=\"og:type\" content=\"article\" \/>\n<meta property=\"og:title\" content=\"Chi siamo - Scoprire l&#039;Acropoli Biglietti e Tour\" \/>\n<meta property=\"og:description\" content=\"Acropolis Tickets \u00e8 una piattaforma di viaggio ideale per prenotare i biglietti per l&#039;Acropoli e il Museo dell&#039;Acropoli durante le vostre vacanze.\" \/>\n<meta property=\"og:url\" content=\"https:\/\/acropolis.athenstickets.org\/it\/chi-siamo\/\" \/>\n<meta property=\"og:site_name\" content=\"Acropolis tickets\" \/>\n<meta property=\"article:modified_time\" content=\"2025-02-05T11:28:51+00:00\" \/>\n<meta name=\"twitter:card\" content=\"summary_large_image\" \/>\n<meta name=\"twitter:label1\" content=\"Tempo di lettura stimato\" \/>\n\t<meta name=\"twitter:data1\" content=\"3 minuti\" \/>\n<script type=\"application\/ld+json\" class=\"yoast-schema-graph\">{\"@context\":\"https:\/\/schema.org\",\"@graph\":[{\"@type\":\"WebPage\",\"@id\":\"https:\/\/acropolis.athenstickets.org\/it\/chi-siamo\/\",\"url\":\"https:\/\/acropolis.athenstickets.org\/it\/chi-siamo\/\",\"name\":\"Chi siamo - Scoprire l'Acropoli Biglietti e Tour\",\"isPartOf\":{\"@id\":\"https:\/\/acropolis.athenstickets.org\/it\/#website\"},\"datePublished\":\"2024-04-11T08:42:02+00:00\",\"dateModified\":\"2025-02-05T11:28:51+00:00\",\"description\":\"Acropolis Tickets \u00e8 una piattaforma di viaggio ideale per prenotare i biglietti per l'Acropoli e il Museo dell'Acropoli durante le vostre vacanze.\",\"breadcrumb\":{\"@id\":\"https:\/\/acropolis.athenstickets.org\/it\/chi-siamo\/#breadcrumb\"},\"inLanguage\":\"it-IT\",\"potentialAction\":[{\"@type\":\"ReadAction\",\"target\":[\"https:\/\/acropolis.athenstickets.org\/it\/chi-siamo\/\"]}]},{\"@type\":\"BreadcrumbList\",\"@id\":\"https:\/\/acropolis.athenstickets.org\/it\/chi-siamo\/#breadcrumb\",\"itemListElement\":[{\"@type\":\"ListItem\",\"position\":1,\"name\":\"Home\",\"item\":\"https:\/\/acropolis.athenstickets.org\/it\/\"},{\"@type\":\"ListItem\",\"position\":2,\"name\":\"Chi siamo\"}]},{\"@type\":\"WebSite\",\"@id\":\"https:\/\/acropolis.athenstickets.org\/it\/#website\",\"url\":\"https:\/\/acropolis.athenstickets.org\/it\/\",\"name\":\"Acropolis tickets\",\"description\":\"\",\"publisher\":{\"@id\":\"https:\/\/acropolis.athenstickets.org\/it\/#organization\"},\"potentialAction\":[{\"@type\":\"SearchAction\",\"target\":{\"@type\":\"EntryPoint\",\"urlTemplate\":\"https:\/\/acropolis.athenstickets.org\/it\/?s={search_term_string}\"},\"query-input\":{\"@type\":\"PropertyValueSpecification\",\"valueRequired\":true,\"valueName\":\"search_term_string\"}}],\"inLanguage\":\"it-IT\"},{\"@type\":\"Organization\",\"@id\":\"https:\/\/acropolis.athenstickets.org\/it\/#organization\",\"name\":\"Acropolis tickets\",\"url\":\"https:\/\/acropolis.athenstickets.org\/it\/\",\"logo\":{\"@type\":\"ImageObject\",\"inLanguage\":\"it-IT\",\"@id\":\"https:\/\/acropolis.athenstickets.org\/it\/#\/schema\/logo\/image\/\",\"url\":\"https:\/\/acropolis.athenstickets.org\/wp-content\/uploads\/2024\/12\/Group-1089-1.png\",\"contentUrl\":\"https:\/\/acropolis.athenstickets.org\/wp-content\/uploads\/2024\/12\/Group-1089-1.png\",\"width\":395,\"height\":64,\"caption\":\"Acropolis tickets\"},\"image\":{\"@id\":\"https:\/\/acropolis.athenstickets.org\/it\/#\/schema\/logo\/image\/\"}}]}<\/script>\n<!-- \/ Yoast SEO plugin. -->","yoast_head_json":{"title":"Chi siamo - Scoprire l'Acropoli Biglietti e Tour","description":"Acropolis Tickets \u00e8 una piattaforma di viaggio ideale per prenotare i biglietti per l'Acropoli e il Museo dell'Acropoli durante le vostre vacanze.","robots":{"index":"index","follow":"follow","max-snippet":"max-snippet:-1","max-image-preview":"max-image-preview:large","max-video-preview":"max-video-preview:-1"},"canonical":"https:\/\/acropolis.athenstickets.org\/it\/chi-siamo\/","og_locale":"it_IT","og_type":"article","og_title":"Chi siamo - Scoprire l'Acropoli Biglietti e Tour","og_description":"Acropolis Tickets \u00e8 una piattaforma di viaggio ideale per prenotare i biglietti per l'Acropoli e il Museo dell'Acropoli durante le vostre vacanze.","og_url":"https:\/\/acropolis.athenstickets.org\/it\/chi-siamo\/","og_site_name":"Acropolis tickets","article_modified_time":"2025-02-05T11:28:51+00:00","twitter_card":"summary_large_image","twitter_misc":{"Tempo di lettura stimato":"3 minuti"},"schema":{"@context":"https:\/\/schema.org","@graph":[{"@type":"WebPage","@id":"https:\/\/acropolis.athenstickets.org\/it\/chi-siamo\/","url":"https:\/\/acropolis.athenstickets.org\/it\/chi-siamo\/","name":"Chi siamo - Scoprire l'Acropoli Biglietti e Tour","isPartOf":{"@id":"https:\/\/acropolis.athenstickets.org\/it\/#website"},"datePublished":"2024-04-11T08:42:02+00:00","dateModified":"2025-02-05T11:28:51+00:00","description":"Acropolis Tickets \u00e8 una piattaforma di viaggio ideale per prenotare i biglietti per l'Acropoli e il Museo dell'Acropoli durante le vostre vacanze.","breadcrumb":{"@id":"https:\/\/acropolis.athenstickets.org\/it\/chi-siamo\/#breadcrumb"},"inLanguage":"it-IT","potentialAction":[{"@type":"ReadAction","target":["https:\/\/acropolis.athenstickets.org\/it\/chi-siamo\/"]}]},{"@type":"BreadcrumbList","@id":"https:\/\/acropolis.athenstickets.org\/it\/chi-siamo\/#breadcrumb","itemListElement":[{"@type":"ListItem","position":1,"name":"Home","item":"https:\/\/acropolis.athenstickets.org\/it\/"},{"@type":"ListItem","position":2,"name":"Chi siamo"}]},{"@type":"WebSite","@id":"https:\/\/acropolis.athenstickets.org\/it\/#website","url":"https:\/\/acropolis.athenstickets.org\/it\/","name":"Acropolis tickets","description":"","publisher":{"@id":"https:\/\/acropolis.athenstickets.org\/it\/#organization"},"potentialAction":[{"@type":"SearchAction","target":{"@type":"EntryPoint","urlTemplate":"https:\/\/acropolis.athenstickets.org\/it\/?s={search_term_string}"},"query-input":{"@type":"PropertyValueSpecification","valueRequired":true,"valueName":"search_term_string"}}],"inLanguage":"it-IT"},{"@type":"Organization","@id":"https:\/\/acropolis.athenstickets.org\/it\/#organization","name":"Acropolis tickets","url":"https:\/\/acropolis.athenstickets.org\/it\/","logo":{"@type":"ImageObject","inLanguage":"it-IT","@id":"https:\/\/acropolis.athenstickets.org\/it\/#\/schema\/logo\/image\/","url":"https:\/\/acropolis.athenstickets.org\/wp-content\/uploads\/2024\/12\/Group-1089-1.png","contentUrl":"https:\/\/acropolis.athenstickets.org\/wp-content\/uploads\/2024\/12\/Group-1089-1.png","width":395,"height":64,"caption":"Acropolis tickets"},"image":{"@id":"https:\/\/acropolis.athenstickets.org\/it\/#\/schema\/logo\/image\/"}}]}},"_links":{"self":[{"href":"https:\/\/acropolis.athenstickets.org\/it\/wp-json\/wp\/v2\/pages\/11593","targetHints":{"allow":["GET"]}}],"collection":[{"href":"https:\/\/acropolis.athenstickets.org\/it\/wp-json\/wp\/v2\/pages"}],"about":[{"href":"https:\/\/acropolis.athenstickets.org\/it\/wp-json\/wp\/v2\/types\/page"}],"author":[{"embeddable":true,"href":"https:\/\/acropolis.athenstickets.org\/it\/wp-json\/wp\/v2\/users\/1"}],"replies":[{"embeddable":true,"href":"https:\/\/acropolis.athenstickets.org\/it\/wp-json\/wp\/v2\/comments?post=11593"}],"version-history":[{"count":2,"href":"https:\/\/acropolis.athenstickets.org\/it\/wp-json\/wp\/v2\/pages\/11593\/revisions"}],"predecessor-version":[{"id":14286,"href":"https:\/\/acropolis.athenstickets.org\/it\/wp-json\/wp\/v2\/pages\/11593\/revisions\/14286"}],"wp:attachment":[{"href":"https:\/\/acropolis.athenstickets.org\/it\/wp-json\/wp\/v2\/media?parent=11593"}],"curies":[{"name":"wp","href":"https:\/\/api.w.org\/{rel}","templated":true}]}}