{"id":1126,"date":"2023-05-03T11:27:34","date_gmt":"2023-05-03T11:27:34","guid":{"rendered":"https:\/\/acropolis.athenstickets.org\/politica-sui-cookie\/"},"modified":"2024-07-04T15:59:58","modified_gmt":"2024-07-04T15:59:58","slug":"politica-sui-cookie","status":"publish","type":"page","link":"https:\/\/acropolis.athenstickets.org\/it\/politica-sui-cookie\/","title":{"rendered":"Politica sui cookie"},"content":{"rendered":"\t\t<div data-elementor-type=\"wp-page\" data-elementor-id=\"1126\" class=\"elementor elementor-1126 elementor-334\">\n\t\t\t\t\t\t<section class=\"elementor-section elementor-top-section elementor-element elementor-element-28ebf9e6 elementor-section-boxed elementor-section-height-default elementor-section-height-default\" data-id=\"28ebf9e6\" data-element_type=\"section\">\n\t\t\t\t\t\t<div class=\"elementor-container elementor-column-gap-default\">\n\t\t\t\t\t<div class=\"elementor-column elementor-col-100 elementor-top-column elementor-element elementor-element-4f47817a\" data-id=\"4f47817a\" data-element_type=\"column\">\n\t\t\t<div class=\"elementor-widget-wrap elementor-element-populated\">\n\t\t\t\t\t\t<div class=\"elementor-element elementor-element-b150163 elementor-widget elementor-widget-heading\" data-id=\"b150163\" data-element_type=\"widget\" data-widget_type=\"heading.default\">\n\t\t\t\t<div class=\"elementor-widget-container\">\n\t\t\t\t\t<h1 class=\"elementor-heading-title elementor-size-default\">Politica sui cookie<\/h1>\t\t\t\t<\/div>\n\t\t\t\t<\/div>\n\t\t\t\t<div class=\"elementor-element elementor-element-2a677a32 elementor-widget elementor-widget-text-editor\" data-id=\"2a677a32\" data-element_type=\"widget\" data-widget_type=\"text-editor.default\">\n\t\t\t\t<div class=\"elementor-widget-container\">\n\t\t\t\t\t\t\t\t\t<p><strong>1. IDENTIFICAZIONE E DATI DI CONTATTO DEL RESPONSABILE DEL TRATTAMENTO<\/strong><\/p>\n<p><span style=\"font-weight: 400;\"><img decoding=\"async\" class=\"alignnone size-full wp-image-13046\" src=\"https:\/\/acropolis.athenstickets.org\/wp-content\/uploads\/2024\/07\/Itcubation-S.R.L.png\" alt=\"\" width=\"254\" height=\"16\">, numero ID <img decoding=\"async\" class=\"alignnone size-full wp-image-13052\" src=\"https:\/\/acropolis.athenstickets.org\/wp-content\/uploads\/2024\/07\/NIF-TMS.jpg\" alt=\"\" width=\"111\" height=\"16\">, con sede in Calle Balmes n\u00ba 32, Principal 2\u00aa, C.P. 08007 Barcellona (Spagna) e registrata presso la Companies House di (Barcellona) al Volume 47314, Pagina 29 (di seguito, il &#8220;Titolare del trattamento&#8221;), \u00e8 responsabile del trattamento dei dati raccolti o generati a seguito dell&#8217;accesso, dell&#8217;utilizzo e della navigazione da parte degli utenti del sito www.acropolis.athenstickets.org (di seguito, rispettivamente, l'&#8221;Utente&#8221; o gli &#8220;Utenti&#8221; e il &#8220;Sito&#8221; o il &#8220;Web&#8221;) e utilizza i cookie per monitorare le abitudini di navigazione degli Utenti su questo Web, come indicato nella presente informativa sui cookie (di seguito, l'&#8221;Informativa sui cookie&#8221;).<\/span><\/p>\n<p><strong>2. CONCETTO<\/strong><\/p>\n<p><span style=\"font-weight: 400;\">Un cookie \u00e8 un file che viene scaricato sull&#8217;hardware utilizzato dall&#8217;Utente quando accede a determinate pagine web al fine di memorizzare e recuperare informazioni sulla navigazione effettuata dal suo dispositivo. Pertanto, le informazioni raccolte attraverso i cookie ci permettono di ottenere informazioni sulle abitudini di navigazione degli utenti.<\/span><\/p>\n<p><strong>3. TIPI DI COOKIE E TRATTAMENTO DEI DATI DA PARTE DEI COOKIE<\/strong><\/p>\n<p><span style=\"font-weight: 400;\">Questo sito web consente esclusivamente l&#8217;utilizzo dei cookie dello strumento Google Analytics di Google, Inc. (di seguito &#8220;Google&#8221;), societ\u00e0 registrata nel Delaware, all&#8217;indirizzo 1600 Amphitheatre Parkway, Mountain View (California), CA 94043, USA, che \u00e8 pertanto il terzo responsabile dei dati personali.<\/span><\/p>\n<p><span style=\"font-weight: 400;\">A questo proposito, Google Analytics cattura le interazioni degli utenti sul Sito (ora della visita, se l&#8217;Utente \u00e8 gi\u00e0 stato sul sito in precedenza, quale sito ha consigliato all&#8217;Utente di visitare il sito in questione, indirizzo IP, ecc.) e non fornisce al Titolare del trattamento alcuna informazione relativa all&#8217;indirizzo IP reale dell&#8217;Utente, ma si limita a fornire informazioni statistiche relative alle visite (singoli visitatori, numero di pagine visualizzate, pagina\/visita, durata media della visita, frequenza di rimbalzo, % di nuove visite, visitatori nuovi e di ritorno, frequenza e visite recenti, interazioni, pagine visitate), ai dati demografici (lingua, paese\/territorio, citt\u00e0), al sistema (browser, sistema operativo, fornitore di accesso a Internet, categoria di dispositivo), alla fonte\/medium, ecc.<\/span><\/p>\n<p><strong>4. FINALIT\u00c0 DEI COOKIE<\/strong><\/p>\n<p><span style=\"font-weight: 400;\">Lo scopo \u00e8 quello di consentire al Titolare del trattamento di conoscere le abitudini di navigazione degli Utenti del Sito e di consultare vari rapporti che descrivono l&#8217;interazione degli Utenti che visitano il Sito al fine di migliorarlo. Attraverso queste informazioni, il Titolare del trattamento pu\u00f2 analizzare la navigazione degli Utenti del Sito, e Google Analytics riporta anche le tendenze del Sito senza identificare i suoi Utenti.<\/span><\/p>\n<p><span style=\"font-weight: 400;\">D&#8217;altra parte, l&#8217;Utente pu\u00f2 consultare i termini e le condizioni generali di Google all&#8217;indirizzo www.google.com\/analytics\/tos.html e l&#8217;informativa sulla privacy all&#8217;indirizzo www.google.com\/intl\/es\/policies\/privacy.<\/span><\/p>\n<p><span style=\"font-weight: 400;\">Tuttavia, il Titolare del trattamento non pu\u00f2 controllare e non \u00e8 responsabile del contenuto e della veridicit\u00e0 dei termini e delle condizioni e delle informative sulla privacy di Google citati nella presente Informativa sui cookie.<\/span><\/p>\n<p><strong>5. DISABILITAZIONE DEI COOKIE<\/strong><\/p>\n<p><span style=\"font-weight: 400;\">I visitatori del sito web possono revocare in qualsiasi momento il consenso dato attraverso il pulsante in cima alla presente Informativa sui cookie.<\/span><\/p>\n<p><span style=\"font-weight: 400;\">In alternativa, potete anche disabilitare i cookie di Google Analytics, utilizzando i seguenti sistemi:<\/span><\/p>\n<ol>\n<li><span style=\"font-weight: 400;\">Il sistema di opt-out di Google Analytics \u00e8 accessibile al seguente link: <\/span><span style=\"font-weight: 400;\">https:\/\/tools.google.com\/dlpage\/gaoptout?hl=es <\/span> <\/li>\n<li><span style=\"font-weight: 400;\">Impostazioni del browser, ad esempio:<\/span><\/li>\n<li style=\"list-style-type: none;\">\n<ol>\n<li style=\"list-style-type: none;\">\n<ol>\n<li><span style=\"font-weight: 400;\">Chrome, da support.google.com\/chrome\/answer\/95647?hl=en<\/span><\/li>\n<li><span style=\"font-weight: 400;\">Explorer, da support.microsoft.com\/en-us\/help\/17442\/windows-internetexplorer-delete-manage-cookies<\/span><\/li>\n<li><span style=\"font-weight: 400;\">Firefox, da support.mozilla.org\/kb\/kb\/it\/en\/enable-and-disable-cookies-websites-tracking-preferences<\/span><\/li>\n<li><span style=\"font-weight: 400;\">Safari, da support.apple.com\/it\/guide\/safari\/sfri11471\/mac<\/span><\/li>\n<\/ol>\n<\/li>\n<\/ol>\n<\/li>\n<\/ol>\n<p><span style=\"font-weight: 400;\">La disabilitazione dei cookie di Google Analytics non vi impedir\u00e0 di utilizzare il Sito. Se cancellate tutti i cookie da questo sito web, attraverso il vostro browser, cancellerete anche le impostazioni che avete scelto per i nostri cookie. In ogni caso, \u00e8 necessario accedere alla versione pi\u00f9 aggiornata di ciascun browser e, nel caso in cui si utilizzi un browser Internet diverso da quelli precedentemente indicati, si consiglia di consultare le diverse opzioni di gestione dei cookie che possono essere disponibili nello stesso in qualsiasi momento.<\/span><\/p>\n<p><strong>6. MODIFICHE ALLA POLITICA SUI COOKIE<\/strong><\/p>\n<p><span style=\"font-weight: 400;\">Per garantire che le linee guida sui cookie del Titolare del trattamento siano sempre conformi ai requisiti legali in vigore in un dato momento, il Titolare del trattamento si riserva il diritto di apportare modifiche alla presente Cookie Policy al fine di  <\/span><\/p>\n<p><strong>7. COMUNICAZIONI E TRASFERIMENTI INTERNAZIONALI DI DATI<\/strong><\/p>\n<p><span style=\"font-weight: 400;\">I cookie di terze parti utilizzati sul Sito appartengono a Google, con sede negli Stati Uniti, al di fuori dello Spazio economico europeo. Google \u00e8 firmataria del Privacy Shield Framework UE-USA.<\/span><\/p>\n<p><span style=\"font-weight: 400;\">I dati non saranno comunicati a terzi, salvo quanto previsto dalla suddetta informativa sulla privacy di Google.<\/span><\/p>\n<p><strong>8. POLITICA SULLA PRIVACY<\/strong><\/p>\n<p><span style=\"font-weight: 400;\">Per maggiori informazioni sul trattamento dei dati <a href=\"https:\/\/acropolis.athenstickets.org\/it\/informativa-sulla-privacy\/\">personali<\/a>, leggi la nostra <a href=\"https:\/\/acropolis.athenstickets.org\/it\/informativa-sulla-privacy\/\">Informativa sulla Privacy<\/a>.<\/span><\/p>\n<p><strong>9. DIRITTI DELL&#8217;UTENTE<\/strong><\/p>\n<p><span style=\"font-weight: 400;\">L&#8217;Utente pu\u00f2 esercitare i diritti di accesso, rettifica, cancellazione, opposizione, limitazione del trattamento e portabilit\u00e0, ove applicabili, nonch\u00e9 revocare il proprio consenso, relativamente ai trattamenti di cui \u00e8 responsabile il Titolare del trattamento. Per l&#8217;effettivo esercizio di tali diritti, l&#8217;Utente deve inoltrare la richiesta per iscritto al seguente indirizzo e-mail: support@<\/span>acropolis.athenstickets.org<span style=\"font-weight: 400;\">, e dimostrare la propria identit\u00e0 fornendo il proprio nome e cognome, una fotocopia della carta d&#8217;identit\u00e0 nazionale o di un documento d&#8217;identit\u00e0 equivalente che ne attesti l&#8217;identit\u00e0, una petizione che specifichi la richiesta, l&#8217;indirizzo per le notifiche, la data e la firma del richiedente<\/span>.<\/p>\n<p><span style=\"font-weight: 400;\">Per l&#8217;esercizio dei diritti nei confronti di Google, l&#8217;utente deve fare riferimento alle disposizioni della sua politica sulla privacy indicate sopra.<\/span><\/p>\n<p><span style=\"font-weight: 400;\">Allo stesso modo, l&#8217;Utente pu\u00f2 presentare un reclamo all&#8217;Agenzia Spagnola per la Protezione dei Dati (Autorit\u00e0 di Controllo competente in materia in Spagna), in particolare quando l&#8217;esercizio dei suoi diritti \u00e8 stato insoddisfacente, per iscritto, a C\/ Jorge Juan, n\u00ba 6, 28001 &#8211; Madrid, o attraverso il web: www.agpd.es.<\/span><\/p>\n\t\t\t\t\t\t\t\t<\/div>\n\t\t\t\t<\/div>\n\t\t\t\t\t<\/div>\n\t\t<\/div>\n\t\t\t\t\t<\/div>\n\t\t<\/section>\n\t\t\t\t<\/div>\n\t\t","protected":false},"excerpt":{"rendered":"<p>Politica sui cookie 1. IDENTIFICAZIONE E DATI DI CONTATTO DEL RESPONSABILE DEL TRATTAMENTO , numero ID , con sede in Calle Balmes n\u00ba 32, Principal 2\u00aa, C.P. 08007 Barcellona (Spagna) e registrata presso la Companies House di (Barcellona) al Volume 47314, Pagina 29 (di seguito, il &#8220;Titolare del trattamento&#8221;), \u00e8 responsabile del trattamento dei dati [&hellip;]<\/p>\n","protected":false},"author":1,"featured_media":0,"parent":0,"menu_order":0,"comment_status":"closed","ping_status":"closed","template":"elementor_header_footer","meta":{"footnotes":""},"class_list":["post-1126","page","type-page","status-publish","hentry"],"yoast_head":"<!-- This site is optimized with the Yoast SEO plugin v26.8 - https:\/\/yoast.com\/product\/yoast-seo-wordpress\/ -->\n<title>Politica sui cookie - Acropolis tickets<\/title>\n<meta name=\"description\" content=\"Scopri la nostra politica sui cookie. Utilizziamo i cookie per migliorare la tua esperienza di navigazione sul nostro sito web. Scopri come li utilizziamo qui.\" \/>\n<meta name=\"robots\" content=\"noindex, follow\" \/>\n<meta property=\"og:locale\" content=\"it_IT\" \/>\n<meta property=\"og:type\" content=\"article\" \/>\n<meta property=\"og:title\" content=\"Politica sui cookie - Acropolis tickets\" \/>\n<meta property=\"og:description\" content=\"Scopri la nostra politica sui cookie. Utilizziamo i cookie per migliorare la tua esperienza di navigazione sul nostro sito web. Scopri come li utilizziamo qui.\" \/>\n<meta property=\"og:url\" content=\"https:\/\/acropolis.athenstickets.org\/it\/politica-sui-cookie\/\" \/>\n<meta property=\"og:site_name\" content=\"Acropolis tickets\" \/>\n<meta property=\"article:modified_time\" content=\"2024-07-04T15:59:58+00:00\" \/>\n<meta property=\"og:image\" content=\"https:\/\/acropolis.athenstickets.org\/wp-content\/uploads\/2024\/07\/Itcubation-S.R.L.png\" \/>\n<meta name=\"twitter:card\" content=\"summary_large_image\" \/>\n<meta name=\"twitter:label1\" content=\"Tempo di lettura stimato\" \/>\n\t<meta name=\"twitter:data1\" content=\"5 minuti\" \/>\n<script type=\"application\/ld+json\" class=\"yoast-schema-graph\">{\"@context\":\"https:\/\/schema.org\",\"@graph\":[{\"@type\":\"WebPage\",\"@id\":\"https:\/\/acropolis.athenstickets.org\/it\/politica-sui-cookie\/\",\"url\":\"https:\/\/acropolis.athenstickets.org\/it\/politica-sui-cookie\/\",\"name\":\"Politica sui cookie - Acropolis tickets\",\"isPartOf\":{\"@id\":\"https:\/\/acropolis.athenstickets.org\/it\/#website\"},\"primaryImageOfPage\":{\"@id\":\"https:\/\/acropolis.athenstickets.org\/it\/politica-sui-cookie\/#primaryimage\"},\"image\":{\"@id\":\"https:\/\/acropolis.athenstickets.org\/it\/politica-sui-cookie\/#primaryimage\"},\"thumbnailUrl\":\"https:\/\/acropolis.athenstickets.org\/wp-content\/uploads\/2024\/07\/Itcubation-S.R.L.png\",\"datePublished\":\"2023-05-03T11:27:34+00:00\",\"dateModified\":\"2024-07-04T15:59:58+00:00\",\"description\":\"Scopri la nostra politica sui cookie. Utilizziamo i cookie per migliorare la tua esperienza di navigazione sul nostro sito web. Scopri come li utilizziamo qui.\",\"breadcrumb\":{\"@id\":\"https:\/\/acropolis.athenstickets.org\/it\/politica-sui-cookie\/#breadcrumb\"},\"inLanguage\":\"it-IT\",\"potentialAction\":[{\"@type\":\"ReadAction\",\"target\":[\"https:\/\/acropolis.athenstickets.org\/it\/politica-sui-cookie\/\"]}]},{\"@type\":\"ImageObject\",\"inLanguage\":\"it-IT\",\"@id\":\"https:\/\/acropolis.athenstickets.org\/it\/politica-sui-cookie\/#primaryimage\",\"url\":\"https:\/\/acropolis.athenstickets.org\/wp-content\/uploads\/2024\/07\/Itcubation-S.R.L.png\",\"contentUrl\":\"https:\/\/acropolis.athenstickets.org\/wp-content\/uploads\/2024\/07\/Itcubation-S.R.L.png\"},{\"@type\":\"BreadcrumbList\",\"@id\":\"https:\/\/acropolis.athenstickets.org\/it\/politica-sui-cookie\/#breadcrumb\",\"itemListElement\":[{\"@type\":\"ListItem\",\"position\":1,\"name\":\"Home\",\"item\":\"https:\/\/acropolis.athenstickets.org\/it\/\"},{\"@type\":\"ListItem\",\"position\":2,\"name\":\"Politica sui cookie\"}]},{\"@type\":\"WebSite\",\"@id\":\"https:\/\/acropolis.athenstickets.org\/it\/#website\",\"url\":\"https:\/\/acropolis.athenstickets.org\/it\/\",\"name\":\"Acropolis tickets\",\"description\":\"\",\"publisher\":{\"@id\":\"https:\/\/acropolis.athenstickets.org\/it\/#organization\"},\"potentialAction\":[{\"@type\":\"SearchAction\",\"target\":{\"@type\":\"EntryPoint\",\"urlTemplate\":\"https:\/\/acropolis.athenstickets.org\/it\/?s={search_term_string}\"},\"query-input\":{\"@type\":\"PropertyValueSpecification\",\"valueRequired\":true,\"valueName\":\"search_term_string\"}}],\"inLanguage\":\"it-IT\"},{\"@type\":\"Organization\",\"@id\":\"https:\/\/acropolis.athenstickets.org\/it\/#organization\",\"name\":\"Acropolis tickets\",\"url\":\"https:\/\/acropolis.athenstickets.org\/it\/\",\"logo\":{\"@type\":\"ImageObject\",\"inLanguage\":\"it-IT\",\"@id\":\"https:\/\/acropolis.athenstickets.org\/it\/#\/schema\/logo\/image\/\",\"url\":\"https:\/\/acropolis.athenstickets.org\/wp-content\/uploads\/2024\/12\/Group-1089-1.png\",\"contentUrl\":\"https:\/\/acropolis.athenstickets.org\/wp-content\/uploads\/2024\/12\/Group-1089-1.png\",\"width\":395,\"height\":64,\"caption\":\"Acropolis tickets\"},\"image\":{\"@id\":\"https:\/\/acropolis.athenstickets.org\/it\/#\/schema\/logo\/image\/\"}}]}<\/script>\n<!-- \/ Yoast SEO plugin. -->","yoast_head_json":{"title":"Politica sui cookie - Acropolis tickets","description":"Scopri la nostra politica sui cookie. Utilizziamo i cookie per migliorare la tua esperienza di navigazione sul nostro sito web. Scopri come li utilizziamo qui.","robots":{"index":"noindex","follow":"follow"},"og_locale":"it_IT","og_type":"article","og_title":"Politica sui cookie - Acropolis tickets","og_description":"Scopri la nostra politica sui cookie. Utilizziamo i cookie per migliorare la tua esperienza di navigazione sul nostro sito web. Scopri come li utilizziamo qui.","og_url":"https:\/\/acropolis.athenstickets.org\/it\/politica-sui-cookie\/","og_site_name":"Acropolis tickets","article_modified_time":"2024-07-04T15:59:58+00:00","og_image":[{"url":"https:\/\/acropolis.athenstickets.org\/wp-content\/uploads\/2024\/07\/Itcubation-S.R.L.png","type":"","width":"","height":""}],"twitter_card":"summary_large_image","twitter_misc":{"Tempo di lettura stimato":"5 minuti"},"schema":{"@context":"https:\/\/schema.org","@graph":[{"@type":"WebPage","@id":"https:\/\/acropolis.athenstickets.org\/it\/politica-sui-cookie\/","url":"https:\/\/acropolis.athenstickets.org\/it\/politica-sui-cookie\/","name":"Politica sui cookie - Acropolis tickets","isPartOf":{"@id":"https:\/\/acropolis.athenstickets.org\/it\/#website"},"primaryImageOfPage":{"@id":"https:\/\/acropolis.athenstickets.org\/it\/politica-sui-cookie\/#primaryimage"},"image":{"@id":"https:\/\/acropolis.athenstickets.org\/it\/politica-sui-cookie\/#primaryimage"},"thumbnailUrl":"https:\/\/acropolis.athenstickets.org\/wp-content\/uploads\/2024\/07\/Itcubation-S.R.L.png","datePublished":"2023-05-03T11:27:34+00:00","dateModified":"2024-07-04T15:59:58+00:00","description":"Scopri la nostra politica sui cookie. Utilizziamo i cookie per migliorare la tua esperienza di navigazione sul nostro sito web. Scopri come li utilizziamo qui.","breadcrumb":{"@id":"https:\/\/acropolis.athenstickets.org\/it\/politica-sui-cookie\/#breadcrumb"},"inLanguage":"it-IT","potentialAction":[{"@type":"ReadAction","target":["https:\/\/acropolis.athenstickets.org\/it\/politica-sui-cookie\/"]}]},{"@type":"ImageObject","inLanguage":"it-IT","@id":"https:\/\/acropolis.athenstickets.org\/it\/politica-sui-cookie\/#primaryimage","url":"https:\/\/acropolis.athenstickets.org\/wp-content\/uploads\/2024\/07\/Itcubation-S.R.L.png","contentUrl":"https:\/\/acropolis.athenstickets.org\/wp-content\/uploads\/2024\/07\/Itcubation-S.R.L.png"},{"@type":"BreadcrumbList","@id":"https:\/\/acropolis.athenstickets.org\/it\/politica-sui-cookie\/#breadcrumb","itemListElement":[{"@type":"ListItem","position":1,"name":"Home","item":"https:\/\/acropolis.athenstickets.org\/it\/"},{"@type":"ListItem","position":2,"name":"Politica sui cookie"}]},{"@type":"WebSite","@id":"https:\/\/acropolis.athenstickets.org\/it\/#website","url":"https:\/\/acropolis.athenstickets.org\/it\/","name":"Acropolis tickets","description":"","publisher":{"@id":"https:\/\/acropolis.athenstickets.org\/it\/#organization"},"potentialAction":[{"@type":"SearchAction","target":{"@type":"EntryPoint","urlTemplate":"https:\/\/acropolis.athenstickets.org\/it\/?s={search_term_string}"},"query-input":{"@type":"PropertyValueSpecification","valueRequired":true,"valueName":"search_term_string"}}],"inLanguage":"it-IT"},{"@type":"Organization","@id":"https:\/\/acropolis.athenstickets.org\/it\/#organization","name":"Acropolis tickets","url":"https:\/\/acropolis.athenstickets.org\/it\/","logo":{"@type":"ImageObject","inLanguage":"it-IT","@id":"https:\/\/acropolis.athenstickets.org\/it\/#\/schema\/logo\/image\/","url":"https:\/\/acropolis.athenstickets.org\/wp-content\/uploads\/2024\/12\/Group-1089-1.png","contentUrl":"https:\/\/acropolis.athenstickets.org\/wp-content\/uploads\/2024\/12\/Group-1089-1.png","width":395,"height":64,"caption":"Acropolis tickets"},"image":{"@id":"https:\/\/acropolis.athenstickets.org\/it\/#\/schema\/logo\/image\/"}}]}},"_links":{"self":[{"href":"https:\/\/acropolis.athenstickets.org\/it\/wp-json\/wp\/v2\/pages\/1126","targetHints":{"allow":["GET"]}}],"collection":[{"href":"https:\/\/acropolis.athenstickets.org\/it\/wp-json\/wp\/v2\/pages"}],"about":[{"href":"https:\/\/acropolis.athenstickets.org\/it\/wp-json\/wp\/v2\/types\/page"}],"author":[{"embeddable":true,"href":"https:\/\/acropolis.athenstickets.org\/it\/wp-json\/wp\/v2\/users\/1"}],"replies":[{"embeddable":true,"href":"https:\/\/acropolis.athenstickets.org\/it\/wp-json\/wp\/v2\/comments?post=1126"}],"version-history":[{"count":6,"href":"https:\/\/acropolis.athenstickets.org\/it\/wp-json\/wp\/v2\/pages\/1126\/revisions"}],"predecessor-version":[{"id":13076,"href":"https:\/\/acropolis.athenstickets.org\/it\/wp-json\/wp\/v2\/pages\/1126\/revisions\/13076"}],"wp:attachment":[{"href":"https:\/\/acropolis.athenstickets.org\/it\/wp-json\/wp\/v2\/media?parent=1126"}],"curies":[{"name":"wp","href":"https:\/\/api.w.org\/{rel}","templated":true}]}}