{"id":11577,"date":"2024-04-11T08:42:02","date_gmt":"2024-04-11T08:42:02","guid":{"rendered":"https:\/\/acropolis.athenstickets.org\/a-propos-de-nous\/"},"modified":"2025-02-05T11:27:59","modified_gmt":"2025-02-05T11:27:59","slug":"a-propos-de-nous","status":"publish","type":"page","link":"https:\/\/acropolis.athenstickets.org\/fr\/a-propos-de-nous\/","title":{"rendered":"A propos de nous"},"content":{"rendered":"\t\t<div data-elementor-type=\"wp-page\" data-elementor-id=\"11577\" class=\"elementor elementor-11577 elementor-11568\">\n\t\t\t\t\t\t<section class=\"elementor-section elementor-top-section elementor-element elementor-element-4aac332a elementor-section-boxed elementor-section-height-default elementor-section-height-default\" data-id=\"4aac332a\" data-element_type=\"section\">\n\t\t\t\t\t\t<div class=\"elementor-container elementor-column-gap-default\">\n\t\t\t\t\t<div class=\"elementor-column elementor-col-100 elementor-top-column elementor-element elementor-element-6a120b93\" data-id=\"6a120b93\" data-element_type=\"column\">\n\t\t\t<div class=\"elementor-widget-wrap elementor-element-populated\">\n\t\t\t\t\t\t<div class=\"elementor-element elementor-element-789ca3fa elementor-widget elementor-widget-heading\" data-id=\"789ca3fa\" data-element_type=\"widget\" data-widget_type=\"heading.default\">\n\t\t\t\t<div class=\"elementor-widget-container\">\n\t\t\t\t\t<h1 class=\"elementor-heading-title elementor-size-default\">\u00c0 propos des billets d'Acropolis<\/h1>\t\t\t\t<\/div>\n\t\t\t\t<\/div>\n\t\t\t\t<div class=\"elementor-element elementor-element-fa6c7a7 elementor-widget elementor-widget-text-editor\" data-id=\"fa6c7a7\" data-element_type=\"widget\" data-widget_type=\"text-editor.default\">\n\t\t\t\t<div class=\"elementor-widget-container\">\n\t\t\t\t\t\t\t\t\t<p>Explorez l&rsquo;essence de notre site Web de <b>billets pour l&rsquo;Acropole<\/b>, votre porte d&rsquo;entr\u00e9e pour une exp\u00e9rience parfaite \u00e0 Ath\u00e8nes.<\/p>\n<p>Bienvenue \u00e0 Acropolis Tickets ! Nous sommes une \u00e9quipe passionn\u00e9e qui se consacre \u00e0 rendre votre exp\u00e9rience \u00e0 Ath\u00e8nes inoubliable. Nous sommes passionn\u00e9s par les <b>monuments, les attractions et la d\u00e9couverte de diff\u00e9rentes cultures \u00e0 travers le monde<\/b>. Nous sommes fiers de partager nos connaissances et notre enthousiasme avec vous afin que vous puissiez d\u00e9couvrir la grandeur historique et culturelle d&rsquo;Ath\u00e8nes de la mani\u00e8re la plus passionnante et la plus enrichissante possible.<\/p>\n<p>Avec nous, vous acc\u00e9derez non seulement aux tr\u00e9sors de l&rsquo;Acropole, mais vous vous impr\u00e9gnerez \u00e9galement de la richesse de son pass\u00e9, de son pr\u00e9sent et de son avenir. Nous sommes l\u00e0 pour vous guider \u00e0 chaque \u00e9tape, de la <b>r\u00e9servation de vos billets \u00e0 la fourniture de conseils d&rsquo;experts pour tirer le meilleur parti de votre visite<\/b>.<\/p>\n<p>Rejoignez-nous dans cette aventure palpitante pour explorer ensemble la majest\u00e9 de l&rsquo;Acropole et c\u00e9l\u00e9brer la beaut\u00e9 et la diversit\u00e9 de notre monde. Pr\u00e9parez-vous \u00e0 vivre une exp\u00e9rience qui vous \u00e9merveillera et vous laissera des souvenirs imp\u00e9rissables !<\/p>\n\t\t\t\t\t\t\t\t<\/div>\n\t\t\t\t<\/div>\n\t\t\t\t<div class=\"elementor-element elementor-element-6c300864 elementor-widget elementor-widget-heading\" data-id=\"6c300864\" data-element_type=\"widget\" data-widget_type=\"heading.default\">\n\t\t\t\t<div class=\"elementor-widget-container\">\n\t\t\t\t\t<h2 class=\"elementor-heading-title elementor-size-default\">Qui sont les Billets Acropolis ?  \n<\/h2>\t\t\t\t<\/div>\n\t\t\t\t<\/div>\n\t\t\t\t<div class=\"elementor-element elementor-element-13037178 elementor-widget elementor-widget-text-editor\" data-id=\"13037178\" data-element_type=\"widget\" data-widget_type=\"text-editor.default\">\n\t\t\t\t<div class=\"elementor-widget-container\">\n\t\t\t\t\t\t\t\t\t<p>Chez Acropolis Tickets, nous sommes une \u00e9quipe d\u00e9vou\u00e9e de passionn\u00e9s de culture et d&rsquo;experts en tourisme, unis par un objectif unique : faire en <b>sorte que votre visite \u00e0 Ath\u00e8nes soit inoubliable <\/b>d\u00e8s le moment o\u00f9 vous achetez votre billet. Notre engagement consiste \u00e0 vous permettre de vous immerger pleinement dans la splendeur culturelle qui vous attend.<\/p>\n\t\t\t\t\t\t\t\t<\/div>\n\t\t\t\t<\/div>\n\t\t\t\t<div class=\"elementor-element elementor-element-29b2c94c elementor-widget elementor-widget-heading\" data-id=\"29b2c94c\" data-element_type=\"widget\" data-widget_type=\"heading.default\">\n\t\t\t\t<div class=\"elementor-widget-container\">\n\t\t\t\t\t<h2 class=\"elementor-heading-title elementor-size-default\">Notre essence\n<\/h2>\t\t\t\t<\/div>\n\t\t\t\t<\/div>\n\t\t\t\t<div class=\"elementor-element elementor-element-6f50dd00 elementor-widget elementor-widget-text-editor\" data-id=\"6f50dd00\" data-element_type=\"widget\" data-widget_type=\"text-editor.default\">\n\t\t\t\t<div class=\"elementor-widget-container\">\n\t\t\t\t\t\t\t\t\t<p>Chez Acropolis Tickets, notre essence r\u00e9side dans une passion profond\u00e9ment enracin\u00e9e pour l&rsquo;histoire, la culture et les merveilles du monde. Nous croyons au pouvoir transformateur du voyage et de l&rsquo;exploration, et nous nous effor\u00e7ons d&rsquo;allumer cette m\u00eame passion chez chaque visiteur qui franchit les portes d&rsquo;Acropolis. Gr\u00e2ce \u00e0 un m\u00e9lange d&rsquo;expertise, de d\u00e9vouement et d&rsquo;amour sinc\u00e8re pour ce que nous faisons, nous visons \u00e0 cr\u00e9er des moments d&rsquo;\u00e9merveillement, d&rsquo;inspiration et de d\u00e9couverte pour tous ceux qui s&#8217;embarquent dans ce voyage avec nous.<\/p>\n<p>Nous d\u00e9passons les simples services de r\u00e9servation ; nous sommes vos compagnons de voyage pour d\u00e9couvrir la riche histoire, l&rsquo;art exquis et la beaut\u00e9 intemporelle nich\u00e9s dans la grandeur de l&rsquo;Acropole. <b>Sp\u00e9cialis\u00e9s dans la vente en ligne de billets pour les mus\u00e9es et les sites culturels<\/b>, nous r\u00e9unissons les voyageurs du monde entier en leur offrant une myriade d&rsquo;occasions de se plonger dans des rencontres culturelles uniques.<\/p>\n<p>Notre mission est de d\u00e9voiler la vibrante tapisserie de la culture d&rsquo;Acropolis, en vous donnant acc\u00e8s aux chefs-d&rsquo;\u0153uvre durables qui ont s\u00e9duit d&rsquo;innombrables \u00e2mes.<\/p>\n<p>Admission assur\u00e9e : Avec les billets Acropolis, <b>votre entr\u00e9e dans l&rsquo;attraction est garantie<\/b>.<\/p>\t\t\t\t\t\t\t\t<\/div>\n\t\t\t\t<\/div>\n\t\t\t\t<div class=\"elementor-element elementor-element-7533a90b elementor-widget elementor-widget-heading\" data-id=\"7533a90b\" data-element_type=\"widget\" data-widget_type=\"heading.default\">\n\t\t\t\t<div class=\"elementor-widget-container\">\n\t\t\t\t\t<h2 class=\"elementor-heading-title elementor-size-default\">Notre mission\n<\/h2>\t\t\t\t<\/div>\n\t\t\t\t<\/div>\n\t\t\t\t<div class=\"elementor-element elementor-element-7e768ebf elementor-widget elementor-widget-text-editor\" data-id=\"7e768ebf\" data-element_type=\"widget\" data-widget_type=\"text-editor.default\">\n\t\t\t\t<div class=\"elementor-widget-container\">\n\t\t\t\t\t\t\t\t\t<p>Notre mission est simple mais profonde : \u00eatre votre compagnon de confiance pour d\u00e9couvrir la splendeur d&rsquo;Acropolis. Gr\u00e2ce \u00e0 un acc\u00e8s sans faille, des conseils avis\u00e9s et un service in\u00e9gal\u00e9, nous nous engageons \u00e0 faire en sorte que votre visite \u00e0 Acropolis ne soit rien de moins qu&rsquo;extraordinaire.<\/p>\n<p>Que vous soyez un passionn\u00e9 d&rsquo;histoire, un amateur d&rsquo;art ou simplement un voyageur curieux, notre objectif est d&rsquo;enrichir votre exp\u00e9rience, d&rsquo;approfondir votre compr\u00e9hension et de vous laisser des souvenirs qui dureront toute une vie. Rejoignez-nous dans cette mission, en explorant le pass\u00e9, en embrassant le pr\u00e9sent et en fa\u00e7onnant l&rsquo;avenir de l&rsquo;exploration culturelle \u00e0 Ath\u00e8nes.<\/p>\n\t\t\t\t\t\t\t\t<\/div>\n\t\t\t\t<\/div>\n\t\t\t\t\t<\/div>\n\t\t<\/div>\n\t\t\t\t\t<\/div>\n\t\t<\/section>\n\t\t\t\t<\/div>\n\t\t","protected":false},"excerpt":{"rendered":"<p>\u00c0 propos des billets d&rsquo;Acropolis Explorez l&rsquo;essence de notre site Web de billets pour l&rsquo;Acropole, votre porte d&rsquo;entr\u00e9e pour une exp\u00e9rience parfaite \u00e0 Ath\u00e8nes. Bienvenue \u00e0 Acropolis Tickets ! Nous sommes une \u00e9quipe passionn\u00e9e qui se consacre \u00e0 rendre votre exp\u00e9rience \u00e0 Ath\u00e8nes inoubliable. Nous sommes passionn\u00e9s par les monuments, les attractions et la d\u00e9couverte [&hellip;]<\/p>\n","protected":false},"author":1,"featured_media":0,"parent":0,"menu_order":0,"comment_status":"closed","ping_status":"closed","template":"elementor_header_footer","meta":{"footnotes":""},"class_list":["post-11577","page","type-page","status-publish","hentry"],"yoast_head":"<!-- This site is optimized with the Yoast SEO plugin v26.8 - https:\/\/yoast.com\/product\/yoast-seo-wordpress\/ -->\n<title>\u00c0 Propos de Nous - Billets &amp; Visites de l&#039;Acropole<\/title>\n<meta name=\"description\" content=\"Acropolis Tickets est la plateforme id\u00e9ale pour r\u00e9server vos billets pour l&#039;Acropole et le Mus\u00e9e de l&#039;Acropole lors de votre visite \u00e0 Ath\u00e8nes.\" \/>\n<meta name=\"robots\" content=\"index, follow, max-snippet:-1, max-image-preview:large, max-video-preview:-1\" \/>\n<link rel=\"canonical\" href=\"https:\/\/acropolis.athenstickets.org\/fr\/a-propos-de-nous\/\" \/>\n<meta property=\"og:locale\" content=\"fr_FR\" \/>\n<meta property=\"og:type\" content=\"article\" \/>\n<meta property=\"og:title\" content=\"\u00c0 Propos de Nous - Billets &amp; Visites de l&#039;Acropole\" \/>\n<meta property=\"og:description\" content=\"Acropolis Tickets est la plateforme id\u00e9ale pour r\u00e9server vos billets pour l&#039;Acropole et le Mus\u00e9e de l&#039;Acropole lors de votre visite \u00e0 Ath\u00e8nes.\" \/>\n<meta property=\"og:url\" content=\"https:\/\/acropolis.athenstickets.org\/fr\/a-propos-de-nous\/\" \/>\n<meta property=\"og:site_name\" content=\"Acropolis tickets\" \/>\n<meta property=\"article:modified_time\" content=\"2025-02-05T11:27:59+00:00\" \/>\n<meta name=\"twitter:card\" content=\"summary_large_image\" \/>\n<meta name=\"twitter:label1\" content=\"Dur\u00e9e de lecture estim\u00e9e\" \/>\n\t<meta name=\"twitter:data1\" content=\"3 minutes\" \/>\n<script type=\"application\/ld+json\" class=\"yoast-schema-graph\">{\"@context\":\"https:\/\/schema.org\",\"@graph\":[{\"@type\":\"WebPage\",\"@id\":\"https:\/\/acropolis.athenstickets.org\/fr\/a-propos-de-nous\/\",\"url\":\"https:\/\/acropolis.athenstickets.org\/fr\/a-propos-de-nous\/\",\"name\":\"\u00c0 Propos de Nous - Billets & Visites de l'Acropole\",\"isPartOf\":{\"@id\":\"https:\/\/acropolis.athenstickets.org\/fr\/#website\"},\"datePublished\":\"2024-04-11T08:42:02+00:00\",\"dateModified\":\"2025-02-05T11:27:59+00:00\",\"description\":\"Acropolis Tickets est la plateforme id\u00e9ale pour r\u00e9server vos billets pour l'Acropole et le Mus\u00e9e de l'Acropole lors de votre visite \u00e0 Ath\u00e8nes.\",\"breadcrumb\":{\"@id\":\"https:\/\/acropolis.athenstickets.org\/fr\/a-propos-de-nous\/#breadcrumb\"},\"inLanguage\":\"fr-FR\",\"potentialAction\":[{\"@type\":\"ReadAction\",\"target\":[\"https:\/\/acropolis.athenstickets.org\/fr\/a-propos-de-nous\/\"]}]},{\"@type\":\"BreadcrumbList\",\"@id\":\"https:\/\/acropolis.athenstickets.org\/fr\/a-propos-de-nous\/#breadcrumb\",\"itemListElement\":[{\"@type\":\"ListItem\",\"position\":1,\"name\":\"Home\",\"item\":\"https:\/\/acropolis.athenstickets.org\/fr\/\"},{\"@type\":\"ListItem\",\"position\":2,\"name\":\"A propos de nous\"}]},{\"@type\":\"WebSite\",\"@id\":\"https:\/\/acropolis.athenstickets.org\/fr\/#website\",\"url\":\"https:\/\/acropolis.athenstickets.org\/fr\/\",\"name\":\"Acropolis tickets\",\"description\":\"\",\"publisher\":{\"@id\":\"https:\/\/acropolis.athenstickets.org\/fr\/#organization\"},\"potentialAction\":[{\"@type\":\"SearchAction\",\"target\":{\"@type\":\"EntryPoint\",\"urlTemplate\":\"https:\/\/acropolis.athenstickets.org\/fr\/?s={search_term_string}\"},\"query-input\":{\"@type\":\"PropertyValueSpecification\",\"valueRequired\":true,\"valueName\":\"search_term_string\"}}],\"inLanguage\":\"fr-FR\"},{\"@type\":\"Organization\",\"@id\":\"https:\/\/acropolis.athenstickets.org\/fr\/#organization\",\"name\":\"Acropolis tickets\",\"url\":\"https:\/\/acropolis.athenstickets.org\/fr\/\",\"logo\":{\"@type\":\"ImageObject\",\"inLanguage\":\"fr-FR\",\"@id\":\"https:\/\/acropolis.athenstickets.org\/fr\/#\/schema\/logo\/image\/\",\"url\":\"https:\/\/acropolis.athenstickets.org\/wp-content\/uploads\/2024\/12\/Group-1089-1.png\",\"contentUrl\":\"https:\/\/acropolis.athenstickets.org\/wp-content\/uploads\/2024\/12\/Group-1089-1.png\",\"width\":395,\"height\":64,\"caption\":\"Acropolis tickets\"},\"image\":{\"@id\":\"https:\/\/acropolis.athenstickets.org\/fr\/#\/schema\/logo\/image\/\"}}]}<\/script>\n<!-- \/ Yoast SEO plugin. -->","yoast_head_json":{"title":"\u00c0 Propos de Nous - Billets & Visites de l'Acropole","description":"Acropolis Tickets est la plateforme id\u00e9ale pour r\u00e9server vos billets pour l'Acropole et le Mus\u00e9e de l'Acropole lors de votre visite \u00e0 Ath\u00e8nes.","robots":{"index":"index","follow":"follow","max-snippet":"max-snippet:-1","max-image-preview":"max-image-preview:large","max-video-preview":"max-video-preview:-1"},"canonical":"https:\/\/acropolis.athenstickets.org\/fr\/a-propos-de-nous\/","og_locale":"fr_FR","og_type":"article","og_title":"\u00c0 Propos de Nous - Billets & Visites de l'Acropole","og_description":"Acropolis Tickets est la plateforme id\u00e9ale pour r\u00e9server vos billets pour l'Acropole et le Mus\u00e9e de l'Acropole lors de votre visite \u00e0 Ath\u00e8nes.","og_url":"https:\/\/acropolis.athenstickets.org\/fr\/a-propos-de-nous\/","og_site_name":"Acropolis tickets","article_modified_time":"2025-02-05T11:27:59+00:00","twitter_card":"summary_large_image","twitter_misc":{"Dur\u00e9e de lecture estim\u00e9e":"3 minutes"},"schema":{"@context":"https:\/\/schema.org","@graph":[{"@type":"WebPage","@id":"https:\/\/acropolis.athenstickets.org\/fr\/a-propos-de-nous\/","url":"https:\/\/acropolis.athenstickets.org\/fr\/a-propos-de-nous\/","name":"\u00c0 Propos de Nous - Billets & Visites de l'Acropole","isPartOf":{"@id":"https:\/\/acropolis.athenstickets.org\/fr\/#website"},"datePublished":"2024-04-11T08:42:02+00:00","dateModified":"2025-02-05T11:27:59+00:00","description":"Acropolis Tickets est la plateforme id\u00e9ale pour r\u00e9server vos billets pour l'Acropole et le Mus\u00e9e de l'Acropole lors de votre visite \u00e0 Ath\u00e8nes.","breadcrumb":{"@id":"https:\/\/acropolis.athenstickets.org\/fr\/a-propos-de-nous\/#breadcrumb"},"inLanguage":"fr-FR","potentialAction":[{"@type":"ReadAction","target":["https:\/\/acropolis.athenstickets.org\/fr\/a-propos-de-nous\/"]}]},{"@type":"BreadcrumbList","@id":"https:\/\/acropolis.athenstickets.org\/fr\/a-propos-de-nous\/#breadcrumb","itemListElement":[{"@type":"ListItem","position":1,"name":"Home","item":"https:\/\/acropolis.athenstickets.org\/fr\/"},{"@type":"ListItem","position":2,"name":"A propos de nous"}]},{"@type":"WebSite","@id":"https:\/\/acropolis.athenstickets.org\/fr\/#website","url":"https:\/\/acropolis.athenstickets.org\/fr\/","name":"Acropolis tickets","description":"","publisher":{"@id":"https:\/\/acropolis.athenstickets.org\/fr\/#organization"},"potentialAction":[{"@type":"SearchAction","target":{"@type":"EntryPoint","urlTemplate":"https:\/\/acropolis.athenstickets.org\/fr\/?s={search_term_string}"},"query-input":{"@type":"PropertyValueSpecification","valueRequired":true,"valueName":"search_term_string"}}],"inLanguage":"fr-FR"},{"@type":"Organization","@id":"https:\/\/acropolis.athenstickets.org\/fr\/#organization","name":"Acropolis tickets","url":"https:\/\/acropolis.athenstickets.org\/fr\/","logo":{"@type":"ImageObject","inLanguage":"fr-FR","@id":"https:\/\/acropolis.athenstickets.org\/fr\/#\/schema\/logo\/image\/","url":"https:\/\/acropolis.athenstickets.org\/wp-content\/uploads\/2024\/12\/Group-1089-1.png","contentUrl":"https:\/\/acropolis.athenstickets.org\/wp-content\/uploads\/2024\/12\/Group-1089-1.png","width":395,"height":64,"caption":"Acropolis tickets"},"image":{"@id":"https:\/\/acropolis.athenstickets.org\/fr\/#\/schema\/logo\/image\/"}}]}},"_links":{"self":[{"href":"https:\/\/acropolis.athenstickets.org\/fr\/wp-json\/wp\/v2\/pages\/11577","targetHints":{"allow":["GET"]}}],"collection":[{"href":"https:\/\/acropolis.athenstickets.org\/fr\/wp-json\/wp\/v2\/pages"}],"about":[{"href":"https:\/\/acropolis.athenstickets.org\/fr\/wp-json\/wp\/v2\/types\/page"}],"author":[{"embeddable":true,"href":"https:\/\/acropolis.athenstickets.org\/fr\/wp-json\/wp\/v2\/users\/1"}],"replies":[{"embeddable":true,"href":"https:\/\/acropolis.athenstickets.org\/fr\/wp-json\/wp\/v2\/comments?post=11577"}],"version-history":[{"count":4,"href":"https:\/\/acropolis.athenstickets.org\/fr\/wp-json\/wp\/v2\/pages\/11577\/revisions"}],"predecessor-version":[{"id":12847,"href":"https:\/\/acropolis.athenstickets.org\/fr\/wp-json\/wp\/v2\/pages\/11577\/revisions\/12847"}],"wp:attachment":[{"href":"https:\/\/acropolis.athenstickets.org\/fr\/wp-json\/wp\/v2\/media?parent=11577"}],"curies":[{"name":"wp","href":"https:\/\/api.w.org\/{rel}","templated":true}]}}