{"id":13260,"date":"2024-07-11T10:00:00","date_gmt":"2024-07-11T10:00:00","guid":{"rendered":"https:\/\/acropolis.athenstickets.org\/cual-es-el-mejor-billete-para-tu-visita-a-la-acropolis\/"},"modified":"2024-07-11T10:00:14","modified_gmt":"2024-07-11T10:00:14","slug":"cual-es-el-mejor-billete-para-tu-visita-a-la-acropolis","status":"publish","type":"page","link":"https:\/\/acropolis.athenstickets.org\/es\/cual-es-el-mejor-billete-para-tu-visita-a-la-acropolis\/","title":{"rendered":"\u00bfCu\u00e1l es el mejor billete para tu visita a la Acr\u00f3polis?"},"content":{"rendered":"\t\t<div data-elementor-type=\"wp-page\" data-elementor-id=\"13260\" class=\"elementor elementor-13260 elementor-13204\">\n\t\t\t\t\t\t<section class=\"elementor-section elementor-top-section elementor-element elementor-element-ee148a0 elementor-section-height-min-height elementor-section-boxed elementor-section-height-default elementor-section-items-middle\" data-id=\"ee148a0\" data-element_type=\"section\" data-settings=\"{&quot;background_background&quot;:&quot;classic&quot;}\">\n\t\t\t\t\t\t\t<div class=\"elementor-background-overlay\"><\/div>\n\t\t\t\t\t\t\t<div class=\"elementor-container elementor-column-gap-default\">\n\t\t\t\t\t<div class=\"elementor-column elementor-col-50 elementor-top-column elementor-element elementor-element-157eb95\" data-id=\"157eb95\" data-element_type=\"column\">\n\t\t\t<div class=\"elementor-widget-wrap elementor-element-populated\">\n\t\t\t\t\t\t<div class=\"elementor-element elementor-element-957e50d elementor-widget elementor-widget-heading\" data-id=\"957e50d\" data-element_type=\"widget\" data-widget_type=\"heading.default\">\n\t\t\t\t<div class=\"elementor-widget-container\">\n\t\t\t\t\t<h1 class=\"elementor-heading-title elementor-size-default\">\u00bfCu\u00e1l es el mejor billete para tu visita a la Acr\u00f3polis?<\/h1>\t\t\t\t<\/div>\n\t\t\t\t<\/div>\n\t\t\t\t<div class=\"elementor-element elementor-element-619411c elementor-widget elementor-widget-text-editor\" data-id=\"619411c\" data-element_type=\"widget\" data-widget_type=\"text-editor.default\">\n\t\t\t\t<div class=\"elementor-widget-container\">\n\t\t\t\t\t\t\t\t\t<p>Descubre las mejores opciones de entradas para visitar la Acr\u00f3polis de Atenas. Inf\u00f3rmate sobre el Billete de Entrada a la Acr\u00f3polis y el Billete Combinado a la Acr\u00f3polis para aprovechar al m\u00e1ximo tu visita a este emblem\u00e1tico lugar antiguo.<\/p>\n\t\t\t\t\t\t\t\t<\/div>\n\t\t\t\t<\/div>\n\t\t\t\t\t<\/div>\n\t\t<\/div>\n\t\t\t\t<div class=\"elementor-column elementor-col-50 elementor-top-column elementor-element elementor-element-37e2838\" data-id=\"37e2838\" data-element_type=\"column\">\n\t\t\t<div class=\"elementor-widget-wrap\">\n\t\t\t\t\t\t\t<\/div>\n\t\t<\/div>\n\t\t\t\t\t<\/div>\n\t\t<\/section>\n\t\t\t\t<section class=\"elementor-section elementor-top-section elementor-element elementor-element-507e7c5 elementor-section-height-min-height elementor-section-boxed elementor-section-height-default elementor-section-items-middle\" data-id=\"507e7c5\" data-element_type=\"section\" data-settings=\"{&quot;background_background&quot;:&quot;classic&quot;}\">\n\t\t\t\t\t\t<div class=\"elementor-container elementor-column-gap-default\">\n\t\t\t\t\t<div class=\"elementor-column elementor-col-100 elementor-top-column elementor-element elementor-element-049dc52\" data-id=\"049dc52\" data-element_type=\"column\">\n\t\t\t<div class=\"elementor-widget-wrap\">\n\t\t\t\t\t\t\t<\/div>\n\t\t<\/div>\n\t\t\t\t\t<\/div>\n\t\t<\/section>\n\t\t\t\t<section class=\"elementor-section elementor-top-section elementor-element elementor-element-f941ea4 elementor-section-boxed elementor-section-height-default elementor-section-height-default\" data-id=\"f941ea4\" data-element_type=\"section\">\n\t\t\t\t\t\t<div class=\"elementor-container elementor-column-gap-default\">\n\t\t\t\t\t<div class=\"elementor-column elementor-col-100 elementor-top-column elementor-element elementor-element-41215b9\" data-id=\"41215b9\" data-element_type=\"column\">\n\t\t\t<div class=\"elementor-widget-wrap elementor-element-populated\">\n\t\t\t\t\t\t<div class=\"elementor-element elementor-element-f551729 elementor-widget elementor-widget-text-editor\" data-id=\"f551729\" data-element_type=\"widget\" data-widget_type=\"text-editor.default\">\n\t\t\t\t<div class=\"elementor-widget-container\">\n\t\t\t\t\t\t\t\t\tVisitar la Acr\u00f3polis de Atenas es una obligaci\u00f3n para cualquiera que viaje a Grecia. Esta antigua ciudadela, situada en lo alto de la ciudad, alberga algunos de los monumentos m\u00e1s emblem\u00e1ticos de la antigua Grecia, como el Parten\u00f3n, el Erectei\u00f3n y el Templo de Atenea Nik\u00e9. Sin embargo, planificar tu visita implica algo m\u00e1s que decidir qu\u00e9 ver; tambi\u00e9n requiere elegir el billete adecuado. Esta gu\u00eda te ayudar\u00e1 a comprender los distintos tipos de billetes disponibles y a determinar cu\u00e1l es el mejor para tu visita.\n\n\t\t\t\t\t\t\t\t<\/div>\n\t\t\t\t<\/div>\n\t\t\t\t<div class=\"elementor-element elementor-element-985dc85 elementor-widget elementor-widget-image\" data-id=\"985dc85\" data-element_type=\"widget\" data-widget_type=\"image.default\">\n\t\t\t\t<div class=\"elementor-widget-container\">\n\t\t\t\t\t\t\t\t\t\t\t\t\t\t\t<img fetchpriority=\"high\" decoding=\"async\" width=\"1100\" height=\"550\" src=\"https:\/\/acropolis.athenstickets.org\/wp-content\/uploads\/2024\/07\/best-tickets-for-Acropolis.webp\" class=\"attachment-full size-full wp-image-13212\" alt=\"people visiting the Acropolis Parthenon\" srcset=\"https:\/\/acropolis.athenstickets.org\/wp-content\/uploads\/2024\/07\/best-tickets-for-Acropolis.webp 1100w, https:\/\/acropolis.athenstickets.org\/wp-content\/uploads\/2024\/07\/best-tickets-for-Acropolis-300x150.webp 300w, https:\/\/acropolis.athenstickets.org\/wp-content\/uploads\/2024\/07\/best-tickets-for-Acropolis-1024x512.webp 1024w, https:\/\/acropolis.athenstickets.org\/wp-content\/uploads\/2024\/07\/best-tickets-for-Acropolis-768x384.webp 768w\" sizes=\"(max-width: 1100px) 100vw, 1100px\" \/>\t\t\t\t\t\t\t\t\t\t\t\t\t\t\t<\/div>\n\t\t\t\t<\/div>\n\t\t\t\t<div class=\"elementor-element elementor-element-8c6649c elementor-widget elementor-widget-heading\" data-id=\"8c6649c\" data-element_type=\"widget\" data-widget_type=\"heading.default\">\n\t\t\t\t<div class=\"elementor-widget-container\">\n\t\t\t\t\t<h2 class=\"elementor-heading-title elementor-size-default\">Visita a la Acr\u00f3polis<\/h2>\t\t\t\t<\/div>\n\t\t\t\t<\/div>\n\t\t\t\t<div class=\"elementor-element elementor-element-ac46957 elementor-widget elementor-widget-text-editor\" data-id=\"ac46957\" data-element_type=\"widget\" data-widget_type=\"text-editor.default\">\n\t\t\t\t<div class=\"elementor-widget-container\">\n\t\t\t\t\t\t\t\t\t<p>La Acr\u00f3polis ofrece un viaje a trav\u00e9s de la historia, el arte y la cultura. <b>Al explorar este antiguo lugar, encontrar\u00e1s numerosas estructuras y artefactos significativos que han dado forma a la civilizaci\u00f3n occidental<\/b>. Lo m\u00e1s destacado es el Parten\u00f3n, s\u00edmbolo de la arquitectura griega cl\u00e1sica, el Erectei\u00f3n, con sus ic\u00f3nicas Cari\u00e1tides, y el Templo de Atenea Nik\u00e9, dedicado a la diosa de la victoria.<\/p>\n<p>Una visita guiada a la Acr\u00f3polis es muy recomendable para enriquecer tu experiencia. Los gu\u00edas profesionales proporcionan valiosos conocimientos sobre el contexto hist\u00f3rico, los detalles arquitect\u00f3nicos y la importancia cultural de los monumentos. Las visitas suelen durar entre 1,5 y 2 horas y pueden adaptarse a tus intereses. Tambi\u00e9n puedes optar por una audiogu\u00eda, que te permitir\u00e1 explorar a tu propio ritmo sin dejar de recibir comentarios informativos.<\/p>\n\t\t\t\t\t\t\t\t<\/div>\n\t\t\t\t<\/div>\n\t\t\t\t<div class=\"elementor-element elementor-element-a283a70 elementor-widget elementor-widget-heading\" data-id=\"a283a70\" data-element_type=\"widget\" data-widget_type=\"heading.default\">\n\t\t\t\t<div class=\"elementor-widget-container\">\n\t\t\t\t\t<h2 class=\"elementor-heading-title elementor-size-default\">Tipos de entradas para la Acr\u00f3polis<\/h2>\t\t\t\t<\/div>\n\t\t\t\t<\/div>\n\t\t\t\t<div class=\"elementor-element elementor-element-bddabb6 elementor-widget elementor-widget-text-editor\" data-id=\"bddabb6\" data-element_type=\"widget\" data-widget_type=\"text-editor.default\">\n\t\t\t\t<div class=\"elementor-widget-container\">\n\t\t\t\t\t\t\t\t\tAl planificar tu visita, es esencial que conozcas las distintas opciones de entradas disponibles. Existen principalmente dos tipos de entradas: la Entrada a la Acr\u00f3polis y la Entrada Combinada a la Acr\u00f3polis. Cada una tiene sus ventajas, dependiendo de tus horarios, intereses y presupuesto.\n\n\t\t\t\t\t\t\t\t<\/div>\n\t\t\t\t<\/div>\n\t\t\t\t<div class=\"elementor-element elementor-element-a378997 elementor-widget elementor-widget-heading\" data-id=\"a378997\" data-element_type=\"widget\" data-widget_type=\"heading.default\">\n\t\t\t\t<div class=\"elementor-widget-container\">\n\t\t\t\t\t<h3 class=\"elementor-heading-title elementor-size-default\">Entrada a la Acr\u00f3polis<\/h3>\t\t\t\t<\/div>\n\t\t\t\t<\/div>\n\t\t\t\t<div class=\"elementor-element elementor-element-acd1e36 elementor-widget elementor-widget-text-editor\" data-id=\"acd1e36\" data-element_type=\"widget\" data-widget_type=\"text-editor.default\">\n\t\t\t\t<div class=\"elementor-widget-container\">\n\t\t\t\t\t\t\t\t\t<p>La Entrada a la <b>Acr\u00f3polis da acceso a la Acr\u00f3polis y a sus principales monumentos<\/b>, como el Parten\u00f3n, el Erectei\u00f3n, el Templo de Atenea Nik\u00e9 y los Propileos. Esta entrada es ideal para los visitantes que deseen centrarse exclusivamente en la Acr\u00f3polis y sumergirse en sus maravillas hist\u00f3ricas y arquitect\u00f3nicas.<\/p>\n<p><b>Ventajas del billete de entrada a la Acr\u00f3polis<br \/><\/b><\/p>\n<ol>\n<li><b>Experiencia concentrada: <\/b>El Billete de Entrada a la Acr\u00f3polis te permite concentrarte \u00fanicamente en la Acr\u00f3polis, asegur\u00e1ndote tiempo suficiente para explorar cada monumento en detalle.<\/li>\n<li><b>Rentable: <\/b>Para quienes tengan un presupuesto ajustado o dispongan de poco tiempo, este billete ofrece una opci\u00f3n m\u00e1s asequible que el billete combinado.<\/li>\n<li><b>Flexibilidad:<\/b> Con este billete, puedes pasar todo el tiempo que quieras en la Acr\u00f3polis sin sentirte apurado por ir a otros lugares.<\/li>\n<\/ol>\n<p><b><br \/>Desventajas del billete de entrada a la Acr\u00f3polis<\/b><\/p>\n<ol>\n<li><b>Acceso limitado:<\/b> Esta entrada s\u00f3lo cubre la Acr\u00f3polis, por lo que si piensas visitar otros yacimientos arqueol\u00f3gicos de Atenas, tendr\u00e1s que adquirir entradas adicionales.<\/li>\n<\/ol>\n<p><a href=\"https:\/\/acropolis.athenstickets.org\/es\/entradas-acropolis\/\"><b><u>Reserva tus entradas<\/u><\/b><\/a><\/p>\n\t\t\t\t\t\t\t\t<\/div>\n\t\t\t\t<\/div>\n\t\t\t\t<div class=\"elementor-element elementor-element-e07b7dd elementor-widget elementor-widget-heading\" data-id=\"e07b7dd\" data-element_type=\"widget\" data-widget_type=\"heading.default\">\n\t\t\t\t<div class=\"elementor-widget-container\">\n\t\t\t\t\t<h3 class=\"elementor-heading-title elementor-size-default\">Entrada combinada a la Acr\u00f3polis\n<\/h3>\t\t\t\t<\/div>\n\t\t\t\t<\/div>\n\t\t\t\t<div class=\"elementor-element elementor-element-2599ecd elementor-widget elementor-widget-text-editor\" data-id=\"2599ecd\" data-element_type=\"widget\" data-widget_type=\"text-editor.default\">\n\t\t\t\t<div class=\"elementor-widget-container\">\n\t\t\t\t\t\t\t\t\t<p>El Billete Combinado Acr\u00f3polis es una opci\u00f3n excelente para los visitantes que deseen una exploraci\u00f3n m\u00e1s completa de los tesoros arqueol\u00f3gicos de Atenas. Este billete incluye el <b>acceso a la Acr\u00f3polis y a otros seis importantes yacimientos arqueol\u00f3gicos<\/b>: el \u00c1gora Antigua, el \u00c1gora Romana, la Biblioteca de Adriano, el Templo de Zeus Ol\u00edmpico, Kerameikos y la Escuela de Arist\u00f3teles.<\/p>\n<p><b>Ventajas del Billete Combinado Acr\u00f3polis<br><\/b><\/p>\n<ol>\n<li><b>Exploraci\u00f3n Integral: <\/b>Este billete da acceso a m\u00faltiples lugares, lo que te permite experimentar un espectro m\u00e1s amplio de la historia y la cultura antiguas de Atenas.<\/li>\n<li><b>Ahorro de costes:<\/b> Adquirir el billete combinado puede resultar m\u00e1s econ\u00f3mico que comprar billetes individuales para cada sitio, sobre todo si piensas visitar varios de ellos.<\/li>\n<li><b>Comodidad:<\/b> Con un \u00fanico billete, puedes explorar varios sitios a lo largo de varios d\u00edas, lo que facilita la planificaci\u00f3n de tu itinerario y evita la molestia de comprar billetes por separado.<\/li>\n<\/ol>\n<p><b><br>Desventajas del Billete Combinado Acr\u00f3polis<br><\/b><\/p>\n<ol>\n<li><b>Mayor coste inicial:<\/b> El billete combinado es m\u00e1s caro que el billete de entrada \u00fanica, lo que puede ser una consideraci\u00f3n para los viajeros con presupuesto limitado.<\/li>\n<li><b>Compromiso de tiempo: <\/b>Para aprovechar al m\u00e1ximo el billete combinado, tienes que asignar tiempo suficiente para visitar todos los sitios incluidos, lo que puede no ser factible para los visitantes con una agenda apretada.<\/li>\n<\/ol>\n<p><br><\/p>\n<p><b><u><a href=\"https:\/\/acropolis.athenstickets.org\/es\/entrada-combinada-a-la-acropolis\/\">Reserva tus entradas<\/a><\/u><\/b><\/p>\t\t\t\t\t\t\t\t<\/div>\n\t\t\t\t<\/div>\n\t\t\t\t<div class=\"elementor-element elementor-element-8bf9b88 elementor-widget elementor-widget-heading\" data-id=\"8bf9b88\" data-element_type=\"widget\" data-widget_type=\"heading.default\">\n\t\t\t\t<div class=\"elementor-widget-container\">\n\t\t\t\t\t<h2 class=\"elementor-heading-title elementor-size-default\">Conclusi\u00f3n sobre la mejor entrada para tu visita a la Acr\u00f3polis<\/h2>\t\t\t\t<\/div>\n\t\t\t\t<\/div>\n\t\t\t\t<div class=\"elementor-element elementor-element-7bd2518 elementor-widget elementor-widget-text-editor\" data-id=\"7bd2518\" data-element_type=\"widget\" data-widget_type=\"text-editor.default\">\n\t\t\t\t<div class=\"elementor-widget-container\">\n\t\t\t\t\t\t\t\t\t<p>Visitar la Acr\u00f3polis de Atenas es un viaje en el tiempo, que ofrece una profunda conexi\u00f3n con el mundo antiguo. <b>Siguiendo este itinerario, te asegurar\u00e1s de ver los lugares m\u00e1s importantes e impresionantes, cada uno con su propia historia y significado<\/b>. Desde la gran entrada de los Propileos hasta el emblem\u00e1tico Parten\u00f3n, el intrincado Erectei\u00f3n y el elegante Templo de Atenea Nik\u00e9, cada paso revela el ingenio y el arte de la antigua civilizaci\u00f3n griega. No olvides explorar el Museo de la Acr\u00f3polis y los lugares circundantes, como el Ode\u00f3n de Herodes \u00c1tico, el Teatro de Dionisio y la Colina del Are\u00f3pago, para completar tu experiencia.<\/p>\n<p>Con una planificaci\u00f3n cuidadosa y un comienzo temprano, tu visita a la Acr\u00f3polis ser\u00e1 una experiencia memorable y enriquecedora, que te dejar\u00e1 un aprecio m\u00e1s profundo por el legado de la antigua Atenas.<\/p>\n\t\t\t\t\t\t\t\t<\/div>\n\t\t\t\t<\/div>\n\t\t\t\t\t<\/div>\n\t\t<\/div>\n\t\t\t\t\t<\/div>\n\t\t<\/section>\n\t\t\t\t<\/div>\n\t\t","protected":false},"excerpt":{"rendered":"<p>\u00bfCu\u00e1l es el mejor billete para tu visita a la Acr\u00f3polis? Descubre las mejores opciones de entradas para visitar la Acr\u00f3polis de Atenas. Inf\u00f3rmate sobre el Billete de Entrada a la Acr\u00f3polis y el Billete Combinado a la Acr\u00f3polis para aprovechar al m\u00e1ximo tu visita a este emblem\u00e1tico lugar antiguo. Visitar la Acr\u00f3polis de Atenas [&hellip;]<\/p>\n","protected":false},"author":1,"featured_media":0,"parent":0,"menu_order":0,"comment_status":"closed","ping_status":"closed","template":"elementor_header_footer","meta":{"footnotes":""},"class_list":["post-13260","page","type-page","status-publish","hentry"],"yoast_head":"<!-- This site is optimized with the Yoast SEO plugin v26.8 - https:\/\/yoast.com\/product\/yoast-seo-wordpress\/ -->\n<title>Elegir el billete adecuado para tu visita a la Acr\u00f3polis<\/title>\n<meta name=\"description\" content=\"Descubre las mejores opciones de entradas para visitar la Acr\u00f3polis de Atenas. Inf\u00f3rmate sobre las entradas a la Acr\u00f3polis para aprovechar al m\u00e1ximo tu visita.\" \/>\n<meta name=\"robots\" content=\"index, follow, max-snippet:-1, max-image-preview:large, max-video-preview:-1\" \/>\n<link rel=\"canonical\" href=\"https:\/\/acropolis.athenstickets.org\/es\/cual-es-el-mejor-billete-para-tu-visita-a-la-acropolis\/\" \/>\n<meta property=\"og:locale\" content=\"es_ES\" \/>\n<meta property=\"og:type\" content=\"article\" \/>\n<meta property=\"og:title\" content=\"Elegir el billete adecuado para tu visita a la Acr\u00f3polis\" \/>\n<meta property=\"og:description\" content=\"Descubre las mejores opciones de entradas para visitar la Acr\u00f3polis de Atenas. Inf\u00f3rmate sobre las entradas a la Acr\u00f3polis para aprovechar al m\u00e1ximo tu visita.\" \/>\n<meta property=\"og:url\" content=\"https:\/\/acropolis.athenstickets.org\/es\/cual-es-el-mejor-billete-para-tu-visita-a-la-acropolis\/\" \/>\n<meta property=\"og:site_name\" content=\"Acropolis tickets\" \/>\n<meta property=\"article:modified_time\" content=\"2024-07-11T10:00:14+00:00\" \/>\n<meta property=\"og:image\" content=\"https:\/\/acropolis.athenstickets.org\/wp-content\/uploads\/2024\/07\/best-tickets-for-Acropolis.webp\" \/>\n<meta name=\"twitter:card\" content=\"summary_large_image\" \/>\n<meta name=\"twitter:label1\" content=\"Tiempo de lectura\" \/>\n\t<meta name=\"twitter:data1\" content=\"5 minutos\" \/>\n<script type=\"application\/ld+json\" class=\"yoast-schema-graph\">{\"@context\":\"https:\/\/schema.org\",\"@graph\":[{\"@type\":\"WebPage\",\"@id\":\"https:\/\/acropolis.athenstickets.org\/es\/cual-es-el-mejor-billete-para-tu-visita-a-la-acropolis\/\",\"url\":\"https:\/\/acropolis.athenstickets.org\/es\/cual-es-el-mejor-billete-para-tu-visita-a-la-acropolis\/\",\"name\":\"Elegir el billete adecuado para tu visita a la Acr\u00f3polis\",\"isPartOf\":{\"@id\":\"https:\/\/acropolis.athenstickets.org\/es\/#website\"},\"primaryImageOfPage\":{\"@id\":\"https:\/\/acropolis.athenstickets.org\/es\/cual-es-el-mejor-billete-para-tu-visita-a-la-acropolis\/#primaryimage\"},\"image\":{\"@id\":\"https:\/\/acropolis.athenstickets.org\/es\/cual-es-el-mejor-billete-para-tu-visita-a-la-acropolis\/#primaryimage\"},\"thumbnailUrl\":\"https:\/\/acropolis.athenstickets.org\/wp-content\/uploads\/2024\/07\/best-tickets-for-Acropolis.webp\",\"datePublished\":\"2024-07-11T10:00:00+00:00\",\"dateModified\":\"2024-07-11T10:00:14+00:00\",\"description\":\"Descubre las mejores opciones de entradas para visitar la Acr\u00f3polis de Atenas. Inf\u00f3rmate sobre las entradas a la Acr\u00f3polis para aprovechar al m\u00e1ximo tu visita.\",\"breadcrumb\":{\"@id\":\"https:\/\/acropolis.athenstickets.org\/es\/cual-es-el-mejor-billete-para-tu-visita-a-la-acropolis\/#breadcrumb\"},\"inLanguage\":\"es\",\"potentialAction\":[{\"@type\":\"ReadAction\",\"target\":[\"https:\/\/acropolis.athenstickets.org\/es\/cual-es-el-mejor-billete-para-tu-visita-a-la-acropolis\/\"]}]},{\"@type\":\"ImageObject\",\"inLanguage\":\"es\",\"@id\":\"https:\/\/acropolis.athenstickets.org\/es\/cual-es-el-mejor-billete-para-tu-visita-a-la-acropolis\/#primaryimage\",\"url\":\"https:\/\/acropolis.athenstickets.org\/wp-content\/uploads\/2024\/07\/best-tickets-for-Acropolis.webp\",\"contentUrl\":\"https:\/\/acropolis.athenstickets.org\/wp-content\/uploads\/2024\/07\/best-tickets-for-Acropolis.webp\"},{\"@type\":\"BreadcrumbList\",\"@id\":\"https:\/\/acropolis.athenstickets.org\/es\/cual-es-el-mejor-billete-para-tu-visita-a-la-acropolis\/#breadcrumb\",\"itemListElement\":[{\"@type\":\"ListItem\",\"position\":1,\"name\":\"Home\",\"item\":\"https:\/\/acropolis.athenstickets.org\/es\/\"},{\"@type\":\"ListItem\",\"position\":2,\"name\":\"\u00bfCu\u00e1l es el mejor billete para tu visita a la Acr\u00f3polis?\"}]},{\"@type\":\"WebSite\",\"@id\":\"https:\/\/acropolis.athenstickets.org\/es\/#website\",\"url\":\"https:\/\/acropolis.athenstickets.org\/es\/\",\"name\":\"Acropolis tickets\",\"description\":\"\",\"publisher\":{\"@id\":\"https:\/\/acropolis.athenstickets.org\/es\/#organization\"},\"potentialAction\":[{\"@type\":\"SearchAction\",\"target\":{\"@type\":\"EntryPoint\",\"urlTemplate\":\"https:\/\/acropolis.athenstickets.org\/es\/?s={search_term_string}\"},\"query-input\":{\"@type\":\"PropertyValueSpecification\",\"valueRequired\":true,\"valueName\":\"search_term_string\"}}],\"inLanguage\":\"es\"},{\"@type\":\"Organization\",\"@id\":\"https:\/\/acropolis.athenstickets.org\/es\/#organization\",\"name\":\"Acropolis tickets\",\"url\":\"https:\/\/acropolis.athenstickets.org\/es\/\",\"logo\":{\"@type\":\"ImageObject\",\"inLanguage\":\"es\",\"@id\":\"https:\/\/acropolis.athenstickets.org\/es\/#\/schema\/logo\/image\/\",\"url\":\"https:\/\/acropolis.athenstickets.org\/wp-content\/uploads\/2024\/12\/Group-1089-1.png\",\"contentUrl\":\"https:\/\/acropolis.athenstickets.org\/wp-content\/uploads\/2024\/12\/Group-1089-1.png\",\"width\":395,\"height\":64,\"caption\":\"Acropolis tickets\"},\"image\":{\"@id\":\"https:\/\/acropolis.athenstickets.org\/es\/#\/schema\/logo\/image\/\"}}]}<\/script>\n<!-- \/ Yoast SEO plugin. -->","yoast_head_json":{"title":"Elegir el billete adecuado para tu visita a la Acr\u00f3polis","description":"Descubre las mejores opciones de entradas para visitar la Acr\u00f3polis de Atenas. Inf\u00f3rmate sobre las entradas a la Acr\u00f3polis para aprovechar al m\u00e1ximo tu visita.","robots":{"index":"index","follow":"follow","max-snippet":"max-snippet:-1","max-image-preview":"max-image-preview:large","max-video-preview":"max-video-preview:-1"},"canonical":"https:\/\/acropolis.athenstickets.org\/es\/cual-es-el-mejor-billete-para-tu-visita-a-la-acropolis\/","og_locale":"es_ES","og_type":"article","og_title":"Elegir el billete adecuado para tu visita a la Acr\u00f3polis","og_description":"Descubre las mejores opciones de entradas para visitar la Acr\u00f3polis de Atenas. Inf\u00f3rmate sobre las entradas a la Acr\u00f3polis para aprovechar al m\u00e1ximo tu visita.","og_url":"https:\/\/acropolis.athenstickets.org\/es\/cual-es-el-mejor-billete-para-tu-visita-a-la-acropolis\/","og_site_name":"Acropolis tickets","article_modified_time":"2024-07-11T10:00:14+00:00","og_image":[{"url":"https:\/\/acropolis.athenstickets.org\/wp-content\/uploads\/2024\/07\/best-tickets-for-Acropolis.webp","type":"","width":"","height":""}],"twitter_card":"summary_large_image","twitter_misc":{"Tiempo de lectura":"5 minutos"},"schema":{"@context":"https:\/\/schema.org","@graph":[{"@type":"WebPage","@id":"https:\/\/acropolis.athenstickets.org\/es\/cual-es-el-mejor-billete-para-tu-visita-a-la-acropolis\/","url":"https:\/\/acropolis.athenstickets.org\/es\/cual-es-el-mejor-billete-para-tu-visita-a-la-acropolis\/","name":"Elegir el billete adecuado para tu visita a la Acr\u00f3polis","isPartOf":{"@id":"https:\/\/acropolis.athenstickets.org\/es\/#website"},"primaryImageOfPage":{"@id":"https:\/\/acropolis.athenstickets.org\/es\/cual-es-el-mejor-billete-para-tu-visita-a-la-acropolis\/#primaryimage"},"image":{"@id":"https:\/\/acropolis.athenstickets.org\/es\/cual-es-el-mejor-billete-para-tu-visita-a-la-acropolis\/#primaryimage"},"thumbnailUrl":"https:\/\/acropolis.athenstickets.org\/wp-content\/uploads\/2024\/07\/best-tickets-for-Acropolis.webp","datePublished":"2024-07-11T10:00:00+00:00","dateModified":"2024-07-11T10:00:14+00:00","description":"Descubre las mejores opciones de entradas para visitar la Acr\u00f3polis de Atenas. Inf\u00f3rmate sobre las entradas a la Acr\u00f3polis para aprovechar al m\u00e1ximo tu visita.","breadcrumb":{"@id":"https:\/\/acropolis.athenstickets.org\/es\/cual-es-el-mejor-billete-para-tu-visita-a-la-acropolis\/#breadcrumb"},"inLanguage":"es","potentialAction":[{"@type":"ReadAction","target":["https:\/\/acropolis.athenstickets.org\/es\/cual-es-el-mejor-billete-para-tu-visita-a-la-acropolis\/"]}]},{"@type":"ImageObject","inLanguage":"es","@id":"https:\/\/acropolis.athenstickets.org\/es\/cual-es-el-mejor-billete-para-tu-visita-a-la-acropolis\/#primaryimage","url":"https:\/\/acropolis.athenstickets.org\/wp-content\/uploads\/2024\/07\/best-tickets-for-Acropolis.webp","contentUrl":"https:\/\/acropolis.athenstickets.org\/wp-content\/uploads\/2024\/07\/best-tickets-for-Acropolis.webp"},{"@type":"BreadcrumbList","@id":"https:\/\/acropolis.athenstickets.org\/es\/cual-es-el-mejor-billete-para-tu-visita-a-la-acropolis\/#breadcrumb","itemListElement":[{"@type":"ListItem","position":1,"name":"Home","item":"https:\/\/acropolis.athenstickets.org\/es\/"},{"@type":"ListItem","position":2,"name":"\u00bfCu\u00e1l es el mejor billete para tu visita a la Acr\u00f3polis?"}]},{"@type":"WebSite","@id":"https:\/\/acropolis.athenstickets.org\/es\/#website","url":"https:\/\/acropolis.athenstickets.org\/es\/","name":"Acropolis tickets","description":"","publisher":{"@id":"https:\/\/acropolis.athenstickets.org\/es\/#organization"},"potentialAction":[{"@type":"SearchAction","target":{"@type":"EntryPoint","urlTemplate":"https:\/\/acropolis.athenstickets.org\/es\/?s={search_term_string}"},"query-input":{"@type":"PropertyValueSpecification","valueRequired":true,"valueName":"search_term_string"}}],"inLanguage":"es"},{"@type":"Organization","@id":"https:\/\/acropolis.athenstickets.org\/es\/#organization","name":"Acropolis tickets","url":"https:\/\/acropolis.athenstickets.org\/es\/","logo":{"@type":"ImageObject","inLanguage":"es","@id":"https:\/\/acropolis.athenstickets.org\/es\/#\/schema\/logo\/image\/","url":"https:\/\/acropolis.athenstickets.org\/wp-content\/uploads\/2024\/12\/Group-1089-1.png","contentUrl":"https:\/\/acropolis.athenstickets.org\/wp-content\/uploads\/2024\/12\/Group-1089-1.png","width":395,"height":64,"caption":"Acropolis tickets"},"image":{"@id":"https:\/\/acropolis.athenstickets.org\/es\/#\/schema\/logo\/image\/"}}]}},"_links":{"self":[{"href":"https:\/\/acropolis.athenstickets.org\/es\/wp-json\/wp\/v2\/pages\/13260","targetHints":{"allow":["GET"]}}],"collection":[{"href":"https:\/\/acropolis.athenstickets.org\/es\/wp-json\/wp\/v2\/pages"}],"about":[{"href":"https:\/\/acropolis.athenstickets.org\/es\/wp-json\/wp\/v2\/types\/page"}],"author":[{"embeddable":true,"href":"https:\/\/acropolis.athenstickets.org\/es\/wp-json\/wp\/v2\/users\/1"}],"replies":[{"embeddable":true,"href":"https:\/\/acropolis.athenstickets.org\/es\/wp-json\/wp\/v2\/comments?post=13260"}],"version-history":[{"count":1,"href":"https:\/\/acropolis.athenstickets.org\/es\/wp-json\/wp\/v2\/pages\/13260\/revisions"}],"predecessor-version":[{"id":13262,"href":"https:\/\/acropolis.athenstickets.org\/es\/wp-json\/wp\/v2\/pages\/13260\/revisions\/13262"}],"wp:attachment":[{"href":"https:\/\/acropolis.athenstickets.org\/es\/wp-json\/wp\/v2\/media?parent=13260"}],"curies":[{"name":"wp","href":"https:\/\/api.w.org\/{rel}","templated":true}]}}