{"id":1184,"date":"2023-05-03T11:27:34","date_gmt":"2023-05-03T11:27:34","guid":{"rendered":"https:\/\/acropolis.athenstickets.org\/politica-de-cookies\/"},"modified":"2025-02-07T09:53:36","modified_gmt":"2025-02-07T09:53:36","slug":"politica-de-cookies","status":"publish","type":"page","link":"https:\/\/acropolis.athenstickets.org\/es\/politica-de-cookies\/","title":{"rendered":"Pol\u00edtica de cookies"},"content":{"rendered":"\t\t<div data-elementor-type=\"wp-page\" data-elementor-id=\"1184\" class=\"elementor elementor-1184 elementor-334\">\n\t\t\t\t\t\t<section class=\"elementor-section elementor-top-section elementor-element elementor-element-28ebf9e6 elementor-section-boxed elementor-section-height-default elementor-section-height-default\" data-id=\"28ebf9e6\" data-element_type=\"section\">\n\t\t\t\t\t\t<div class=\"elementor-container elementor-column-gap-default\">\n\t\t\t\t\t<div class=\"elementor-column elementor-col-100 elementor-top-column elementor-element elementor-element-4f47817a\" data-id=\"4f47817a\" data-element_type=\"column\">\n\t\t\t<div class=\"elementor-widget-wrap elementor-element-populated\">\n\t\t\t\t\t\t<div class=\"elementor-element elementor-element-b150163 elementor-widget elementor-widget-heading\" data-id=\"b150163\" data-element_type=\"widget\" data-widget_type=\"heading.default\">\n\t\t\t\t<div class=\"elementor-widget-container\">\n\t\t\t\t\t<h1 class=\"elementor-heading-title elementor-size-default\">Pol\u00edtica de cookies<\/h1>\t\t\t\t<\/div>\n\t\t\t\t<\/div>\n\t\t\t\t<div class=\"elementor-element elementor-element-2a677a32 elementor-widget elementor-widget-text-editor\" data-id=\"2a677a32\" data-element_type=\"widget\" data-widget_type=\"text-editor.default\">\n\t\t\t\t<div class=\"elementor-widget-container\">\n\t\t\t\t\t\t\t\t\t<p><strong>1. IDENTIFICACI\u00d3N Y DATOS DE CONTACTO DEL RESPONSABLE DEL TRATAMIENTO<\/strong><\/p>\n<p><span style=\"font-weight: 400;\"><img decoding=\"async\" class=\"alignnone size-full wp-image-13046\" src=\"https:\/\/acropolis.athenstickets.org\/wp-content\/uploads\/2024\/07\/Itcubation-S.R.L.png\" alt=\"\" width=\"254\" height=\"16\">, DNI <img decoding=\"async\" class=\"alignnone size-full wp-image-13052\" src=\"https:\/\/acropolis.athenstickets.org\/wp-content\/uploads\/2024\/07\/NIF-TMS.jpg\" alt=\"\" width=\"111\" height=\"16\">, con domicilio en Calle Balmes n\u00ba 32, Principal 2\u00aa, C.P. 08007 Barcelona (Espa\u00f1a) e inscrita en el Registro Mercantil de (Barcelona) al Tomo 47314, Folio 29 (en adelante, el \u00abResponsable del Tratamiento\u00bb), es responsable del tratamiento de los datos recabados o generados como consecuencia del acceso, uso y navegaci\u00f3n de los usuarios de www.acropolis.athenstickets.org (en adelante, el \u00abUsuario\u00bb o los \u00abUsuarios\u00bb y el \u00abSitio Web\u00bb o la \u00abWeb\u00bb respectivamente), y utiliza cookies con la finalidad de realizar un seguimiento de los h\u00e1bitos de navegaci\u00f3n de los Usuarios en esta Web, tal y como se indica en la presente pol\u00edtica de cookies (en adelante, la \u00abPol\u00edtica de Cookies\u00bb).<\/span><\/p>\n<p><strong>2. CONCEPTO<\/strong><\/p>\n<p><span style=\"font-weight: 400;\">Una cookie es un fichero que se descarga en el equipo inform\u00e1tico utilizado por el Usuario al acceder a determinadas p\u00e1ginas web para almacenar y recuperar informaci\u00f3n sobre la navegaci\u00f3n que se efect\u00faa desde dicho equipo. As\u00ed, la informaci\u00f3n recogida a trav\u00e9s de las cookies nos permite obtener informaci\u00f3n sobre los h\u00e1bitos de navegaci\u00f3n de los Usuarios.<\/span><\/p>\n<p><strong>3. TIPOS DE COOKIES Y TRATAMIENTO DE DATOS POR COOKIES<\/strong><\/p>\n<p><span style=\"font-weight: 400;\">Este Sitio Web s\u00f3lo permite el uso de cookies de la herramienta Google Analytics perteneciente a Google, Inc. (en adelante, \u00abGoogle\u00bb), compa\u00f1\u00eda registrada en Delaware, en 1600 Amphitheatre Parkway, Mountain View (California), CA 94043, EE.UU., que es, por tanto, el tercero responsable de los datos personales.<\/span><\/p>\n<p><span style=\"font-weight: 400;\">En este sentido, Google Analytics capta las interacciones de los usuarios en el Sitio Web (hora de la visita, si el Usuario ha estado antes en el sitio, qu\u00e9 sitio ha recomendado al Usuario que visite el sitio web en cuesti\u00f3n, direcci\u00f3n IP, etc.) y no facilita al Responsable del Tratamiento ninguna informaci\u00f3n relativa a la direcci\u00f3n IP real del Usuario, sino que \u00fanicamente proporciona informaci\u00f3n estad\u00edstica consistente en visitas (visitantes \u00fanicos, n\u00famero de p\u00e1ginas vistas, p\u00e1gina\/vista, duraci\u00f3n media de la visita, tasa de rebote, % de visitas nuevas, visitantes nuevos y recurrentes, frecuencia y visitas recientes, interacciones, p\u00e1ginas visitadas), datos demogr\u00e1ficos (idioma, pa\u00eds\/territorio, ciudad), sistema (navegador, sistema operativo, proveedor de acceso a Internet, categor\u00eda de dispositivo), fuente\/medio, etc.<\/span><\/p>\n<p><strong>4. FINALIDAD DE LAS COOKIES<\/strong><\/p>\n<p><span style=\"font-weight: 400;\">La finalidad es que el Responsable del Tratamiento pueda conocer los h\u00e1bitos de navegaci\u00f3n de los Usuarios del Sitio Web, y pueda consultar diversos informes que describan c\u00f3mo interact\u00faan los Usuarios que visitan el Sitio Web con el fin de mejorarlo. A trav\u00e9s de esta informaci\u00f3n, el Responsable del Tratamiento puede analizar la navegaci\u00f3n de los Usuarios del Sitio Web, y Google Analytics tambi\u00e9n informa de las tendencias del Sitio Web sin identificar a sus Usuarios.<\/span><\/p>\n<p><span style=\"font-weight: 400;\">Por otro lado, el Usuario puede consultar las condiciones generales de Google en www.google.com\/analytics\/tos.html y su pol\u00edtica de privacidad en www.google.com\/intl\/es\/policies\/privacy.<\/span><\/p>\n<p><span style=\"font-weight: 400;\">Sin embargo, el Responsable del Tratamiento no puede controlar y no se hace responsable del contenido y veracidad de los t\u00e9rminos y condiciones y las pol\u00edticas de privacidad de Google a las que se hace referencia en la presente Pol\u00edtica de Cookies.<\/span><\/p>\n<p><strong>5. DESACTIVACI\u00d3N DE COOKIES<\/strong><\/p>\n<p><span style=\"font-weight: 400;\">Los visitantes del sitio web podr\u00e1n revocar en cualquier momento el consentimiento prestado a trav\u00e9s del bot\u00f3n situado en la parte superior de la presente Pol\u00edtica de Cookies.<\/span><\/p>\n<p><span style=\"font-weight: 400;\">Alternativamente, tambi\u00e9n puede inhabilitar las cookies de Google Analytics, utilizando los siguientes sistemas:<\/span><\/p>\n<ol>\n<li><span style=\"font-weight: 400;\">El sistema de inhabilitaci\u00f3n de Google Analytics es accesible en el siguiente enlace: <\/span><span style=\"font-weight: 400;\">https:\/\/tools.google.com\/dlpage\/gaoptout?hl=es <\/span> <\/li>\n<li><span style=\"font-weight: 400;\">Configuraci\u00f3n del navegador; por ejemplo:<\/span><\/li>\n<li style=\"list-style-type: none;\">\n<ol>\n<li style=\"list-style-type: none;\">\n<ol>\n<li><span style=\"font-weight: 400;\">Chrome, desde support.google.com\/chrome\/answer\/95647?hl=es<\/span><\/li>\n<li><span style=\"font-weight: 400;\">Explorer, en support.microsoft.com\/en-us\/help\/17442\/windows-internetexplorer-delete-manage-cookies<\/span><\/li>\n<li><span style=\"font-weight: 400;\">Firefox, de support.mozilla.org\/kb\/kb\/en\/enable-and-disable-cookies-websites-tracking-preferences<\/span><\/li>\n<li><span style=\"font-weight: 400;\">Safari, en support.apple.com\/es\/es\/guide\/safari\/sfri11471\/mac<\/span><\/li>\n<\/ol>\n<\/li>\n<\/ol>\n<\/li>\n<\/ol>\n<p><span style=\"font-weight: 400;\">La desactivaci\u00f3n de las cookies de Google Analytics no le impedir\u00e1 utilizar este sitio web. Si elimina todas las cookies de este sitio web, a trav\u00e9s de su navegador, tambi\u00e9n eliminar\u00e1 la configuraci\u00f3n que haya elegido para nuestras cookies. En cualquier caso, deber\u00e1 acceder a la versi\u00f3n m\u00e1s actualizada de cada navegador, y en el caso de que utilice cualquier otro navegador de Internet de los anteriormente indicados, le recomendamos que consulte las diferentes opciones de gesti\u00f3n de cookies que puedan estar disponibles en el mismo en cada momento.<\/span><\/p>\n<p><strong>6. CAMBIOS EN LA POL\u00cdTICA DE COOKIES<\/strong><\/p>\n<p><span style=\"font-weight: 400;\">Con el fin de que las directrices del Responsable del Tratamiento en materia de cookies cumplan en todo momento con los requisitos legales vigentes en cada momento, el Responsable del Tratamiento se reserva el derecho a realizar modificaciones en la presente Pol\u00edtica de Cookies con el objeto de  <\/span><\/p>\n<p><strong>7. COMUNICACIONES Y TRANSFERENCIAS INTERNACIONALES DE DATOS<\/strong><\/p>\n<p><span style=\"font-weight: 400;\">Las cookies de terceros utilizadas en el Sitio Web pertenecen a Google, ubicada en Estados Unidos, fuera del Espacio Econ\u00f3mico Europeo. Google es signatario del Marco del Escudo de Privacidad UE-EE.UU.<\/span><\/p>\n<p><span style=\"font-weight: 400;\">Los datos no se comunicar\u00e1n a terceros, salvo en los casos previstos en la mencionada pol\u00edtica de privacidad de Google.<\/span><\/p>\n<p><strong>8. POL\u00cdTICA DE PRIVACIDAD<\/strong><\/p>\n<p><span style=\"font-weight: 400;\">Lea nuestra <a href=\"https:\/\/acropolis.athenstickets.org\/es\/politica-de-privacidad\/\">Pol\u00edtica de privacidad<\/a> para obtener m\u00e1s informaci\u00f3n sobre el tratamiento de datos personales.<\/span><\/p>\n<p><strong>9. DERECHOS DEL USUARIO<\/strong><\/p>\n<p><span style=\"font-weight: 400;\">El Usuario podr\u00e1 ejercer los derechos de acceso, rectificaci\u00f3n, supresi\u00f3n, oposici\u00f3n, limitaci\u00f3n del tratamiento y portabilidad, en su caso, as\u00ed como revocar su consentimiento, respecto de los tratamientos de los que sea responsable el Responsable del Tratamiento. Para el ejercicio efectivo de estos derechos, el Usuario deber\u00e1 remitir la solicitud por escrito a la siguiente direcci\u00f3n de correo electr\u00f3nico: support@<\/span>acropolis.athenstickets.org<span style=\"font-weight: 400;\">, y acreditar su identidad aportando su nombre y apellidos, fotocopia del DNI o documento identificativo equivalente que acredite su identidad, petici\u00f3n en la que se concrete la solicitud, domicilio a efectos de notificaciones, y fecha y firma del solicitante.<\/span><\/p>\n<p><span style=\"font-weight: 400;\">Para el ejercicio de los derechos correspondientes frente a Google, deber\u00e1 atenerse a lo dispuesto en su pol\u00edtica de privacidad arriba indicada.<\/span><\/p>\n<p><span style=\"font-weight: 400;\">Asimismo, el Usuario podr\u00e1 presentar una reclamaci\u00f3n ante la Agencia Espa\u00f1ola de Protecci\u00f3n de Datos (Autoridad de Control competente en esta materia en Espa\u00f1a), especialmente cuando el ejercicio de sus derechos no haya sido satisfactorio, por escrito, a C\/ Jorge Juan, n\u00ba 6, 28001 &#8211; Madrid, o a trav\u00e9s de la web: www.agpd.es.<\/span><\/p>\n\t\t\t\t\t\t\t\t<\/div>\n\t\t\t\t<\/div>\n\t\t\t\t\t<\/div>\n\t\t<\/div>\n\t\t\t\t\t<\/div>\n\t\t<\/section>\n\t\t\t\t<\/div>\n\t\t","protected":false},"excerpt":{"rendered":"<p>Pol\u00edtica de cookies 1. IDENTIFICACI\u00d3N Y DATOS DE CONTACTO DEL RESPONSABLE DEL TRATAMIENTO , DNI , con domicilio en Calle Balmes n\u00ba 32, Principal 2\u00aa, C.P. 08007 Barcelona (Espa\u00f1a) e inscrita en el Registro Mercantil de (Barcelona) al Tomo 47314, Folio 29 (en adelante, el \u00abResponsable del Tratamiento\u00bb), es responsable del tratamiento de los datos [&hellip;]<\/p>\n","protected":false},"author":1,"featured_media":0,"parent":0,"menu_order":0,"comment_status":"closed","ping_status":"closed","template":"elementor_header_footer","meta":{"footnotes":""},"class_list":["post-1184","page","type-page","status-publish","hentry"],"yoast_head":"<!-- This site is optimized with the Yoast SEO plugin v26.8 - https:\/\/yoast.com\/product\/yoast-seo-wordpress\/ -->\n<title>Pol\u00edtica de cookies - Acropolis tickets<\/title>\n<meta name=\"description\" content=\"Inf\u00f3rmate sobre nuestra pol\u00edtica de cookies. Utilizamos cookies para mejorar tu experiencia de navegaci\u00f3n en nuestro sitio web\" \/>\n<meta name=\"robots\" content=\"noindex, follow\" \/>\n<meta property=\"og:locale\" content=\"es_ES\" \/>\n<meta property=\"og:type\" content=\"article\" \/>\n<meta property=\"og:title\" content=\"Pol\u00edtica de cookies - Acropolis tickets\" \/>\n<meta property=\"og:description\" content=\"Inf\u00f3rmate sobre nuestra pol\u00edtica de cookies. Utilizamos cookies para mejorar tu experiencia de navegaci\u00f3n en nuestro sitio web\" \/>\n<meta property=\"og:url\" content=\"https:\/\/acropolis.athenstickets.org\/es\/politica-de-cookies\/\" \/>\n<meta property=\"og:site_name\" content=\"Acropolis tickets\" \/>\n<meta property=\"article:modified_time\" content=\"2025-02-07T09:53:36+00:00\" \/>\n<meta property=\"og:image\" content=\"https:\/\/acropolis.athenstickets.org\/wp-content\/uploads\/2024\/07\/Itcubation-S.R.L.png\" \/>\n<meta name=\"twitter:card\" content=\"summary_large_image\" \/>\n<meta name=\"twitter:label1\" content=\"Tiempo de lectura\" \/>\n\t<meta name=\"twitter:data1\" content=\"5 minutos\" \/>\n<script type=\"application\/ld+json\" class=\"yoast-schema-graph\">{\"@context\":\"https:\/\/schema.org\",\"@graph\":[{\"@type\":\"WebPage\",\"@id\":\"https:\/\/acropolis.athenstickets.org\/es\/politica-de-cookies\/\",\"url\":\"https:\/\/acropolis.athenstickets.org\/es\/politica-de-cookies\/\",\"name\":\"Pol\u00edtica de cookies - Acropolis tickets\",\"isPartOf\":{\"@id\":\"https:\/\/acropolis.athenstickets.org\/es\/#website\"},\"primaryImageOfPage\":{\"@id\":\"https:\/\/acropolis.athenstickets.org\/es\/politica-de-cookies\/#primaryimage\"},\"image\":{\"@id\":\"https:\/\/acropolis.athenstickets.org\/es\/politica-de-cookies\/#primaryimage\"},\"thumbnailUrl\":\"https:\/\/acropolis.athenstickets.org\/wp-content\/uploads\/2024\/07\/Itcubation-S.R.L.png\",\"datePublished\":\"2023-05-03T11:27:34+00:00\",\"dateModified\":\"2025-02-07T09:53:36+00:00\",\"description\":\"Inf\u00f3rmate sobre nuestra pol\u00edtica de cookies. Utilizamos cookies para mejorar tu experiencia de navegaci\u00f3n en nuestro sitio web\",\"breadcrumb\":{\"@id\":\"https:\/\/acropolis.athenstickets.org\/es\/politica-de-cookies\/#breadcrumb\"},\"inLanguage\":\"es\",\"potentialAction\":[{\"@type\":\"ReadAction\",\"target\":[\"https:\/\/acropolis.athenstickets.org\/es\/politica-de-cookies\/\"]}]},{\"@type\":\"ImageObject\",\"inLanguage\":\"es\",\"@id\":\"https:\/\/acropolis.athenstickets.org\/es\/politica-de-cookies\/#primaryimage\",\"url\":\"https:\/\/acropolis.athenstickets.org\/wp-content\/uploads\/2024\/07\/Itcubation-S.R.L.png\",\"contentUrl\":\"https:\/\/acropolis.athenstickets.org\/wp-content\/uploads\/2024\/07\/Itcubation-S.R.L.png\"},{\"@type\":\"BreadcrumbList\",\"@id\":\"https:\/\/acropolis.athenstickets.org\/es\/politica-de-cookies\/#breadcrumb\",\"itemListElement\":[{\"@type\":\"ListItem\",\"position\":1,\"name\":\"Home\",\"item\":\"https:\/\/acropolis.athenstickets.org\/es\/\"},{\"@type\":\"ListItem\",\"position\":2,\"name\":\"Pol\u00edtica de cookies\"}]},{\"@type\":\"WebSite\",\"@id\":\"https:\/\/acropolis.athenstickets.org\/es\/#website\",\"url\":\"https:\/\/acropolis.athenstickets.org\/es\/\",\"name\":\"Acropolis tickets\",\"description\":\"\",\"publisher\":{\"@id\":\"https:\/\/acropolis.athenstickets.org\/es\/#organization\"},\"potentialAction\":[{\"@type\":\"SearchAction\",\"target\":{\"@type\":\"EntryPoint\",\"urlTemplate\":\"https:\/\/acropolis.athenstickets.org\/es\/?s={search_term_string}\"},\"query-input\":{\"@type\":\"PropertyValueSpecification\",\"valueRequired\":true,\"valueName\":\"search_term_string\"}}],\"inLanguage\":\"es\"},{\"@type\":\"Organization\",\"@id\":\"https:\/\/acropolis.athenstickets.org\/es\/#organization\",\"name\":\"Acropolis tickets\",\"url\":\"https:\/\/acropolis.athenstickets.org\/es\/\",\"logo\":{\"@type\":\"ImageObject\",\"inLanguage\":\"es\",\"@id\":\"https:\/\/acropolis.athenstickets.org\/es\/#\/schema\/logo\/image\/\",\"url\":\"https:\/\/acropolis.athenstickets.org\/wp-content\/uploads\/2024\/12\/Group-1089-1.png\",\"contentUrl\":\"https:\/\/acropolis.athenstickets.org\/wp-content\/uploads\/2024\/12\/Group-1089-1.png\",\"width\":395,\"height\":64,\"caption\":\"Acropolis tickets\"},\"image\":{\"@id\":\"https:\/\/acropolis.athenstickets.org\/es\/#\/schema\/logo\/image\/\"}}]}<\/script>\n<!-- \/ Yoast SEO plugin. -->","yoast_head_json":{"title":"Pol\u00edtica de cookies - Acropolis tickets","description":"Inf\u00f3rmate sobre nuestra pol\u00edtica de cookies. Utilizamos cookies para mejorar tu experiencia de navegaci\u00f3n en nuestro sitio web","robots":{"index":"noindex","follow":"follow"},"og_locale":"es_ES","og_type":"article","og_title":"Pol\u00edtica de cookies - Acropolis tickets","og_description":"Inf\u00f3rmate sobre nuestra pol\u00edtica de cookies. Utilizamos cookies para mejorar tu experiencia de navegaci\u00f3n en nuestro sitio web","og_url":"https:\/\/acropolis.athenstickets.org\/es\/politica-de-cookies\/","og_site_name":"Acropolis tickets","article_modified_time":"2025-02-07T09:53:36+00:00","og_image":[{"url":"https:\/\/acropolis.athenstickets.org\/wp-content\/uploads\/2024\/07\/Itcubation-S.R.L.png","type":"","width":"","height":""}],"twitter_card":"summary_large_image","twitter_misc":{"Tiempo de lectura":"5 minutos"},"schema":{"@context":"https:\/\/schema.org","@graph":[{"@type":"WebPage","@id":"https:\/\/acropolis.athenstickets.org\/es\/politica-de-cookies\/","url":"https:\/\/acropolis.athenstickets.org\/es\/politica-de-cookies\/","name":"Pol\u00edtica de cookies - Acropolis tickets","isPartOf":{"@id":"https:\/\/acropolis.athenstickets.org\/es\/#website"},"primaryImageOfPage":{"@id":"https:\/\/acropolis.athenstickets.org\/es\/politica-de-cookies\/#primaryimage"},"image":{"@id":"https:\/\/acropolis.athenstickets.org\/es\/politica-de-cookies\/#primaryimage"},"thumbnailUrl":"https:\/\/acropolis.athenstickets.org\/wp-content\/uploads\/2024\/07\/Itcubation-S.R.L.png","datePublished":"2023-05-03T11:27:34+00:00","dateModified":"2025-02-07T09:53:36+00:00","description":"Inf\u00f3rmate sobre nuestra pol\u00edtica de cookies. Utilizamos cookies para mejorar tu experiencia de navegaci\u00f3n en nuestro sitio web","breadcrumb":{"@id":"https:\/\/acropolis.athenstickets.org\/es\/politica-de-cookies\/#breadcrumb"},"inLanguage":"es","potentialAction":[{"@type":"ReadAction","target":["https:\/\/acropolis.athenstickets.org\/es\/politica-de-cookies\/"]}]},{"@type":"ImageObject","inLanguage":"es","@id":"https:\/\/acropolis.athenstickets.org\/es\/politica-de-cookies\/#primaryimage","url":"https:\/\/acropolis.athenstickets.org\/wp-content\/uploads\/2024\/07\/Itcubation-S.R.L.png","contentUrl":"https:\/\/acropolis.athenstickets.org\/wp-content\/uploads\/2024\/07\/Itcubation-S.R.L.png"},{"@type":"BreadcrumbList","@id":"https:\/\/acropolis.athenstickets.org\/es\/politica-de-cookies\/#breadcrumb","itemListElement":[{"@type":"ListItem","position":1,"name":"Home","item":"https:\/\/acropolis.athenstickets.org\/es\/"},{"@type":"ListItem","position":2,"name":"Pol\u00edtica de cookies"}]},{"@type":"WebSite","@id":"https:\/\/acropolis.athenstickets.org\/es\/#website","url":"https:\/\/acropolis.athenstickets.org\/es\/","name":"Acropolis tickets","description":"","publisher":{"@id":"https:\/\/acropolis.athenstickets.org\/es\/#organization"},"potentialAction":[{"@type":"SearchAction","target":{"@type":"EntryPoint","urlTemplate":"https:\/\/acropolis.athenstickets.org\/es\/?s={search_term_string}"},"query-input":{"@type":"PropertyValueSpecification","valueRequired":true,"valueName":"search_term_string"}}],"inLanguage":"es"},{"@type":"Organization","@id":"https:\/\/acropolis.athenstickets.org\/es\/#organization","name":"Acropolis tickets","url":"https:\/\/acropolis.athenstickets.org\/es\/","logo":{"@type":"ImageObject","inLanguage":"es","@id":"https:\/\/acropolis.athenstickets.org\/es\/#\/schema\/logo\/image\/","url":"https:\/\/acropolis.athenstickets.org\/wp-content\/uploads\/2024\/12\/Group-1089-1.png","contentUrl":"https:\/\/acropolis.athenstickets.org\/wp-content\/uploads\/2024\/12\/Group-1089-1.png","width":395,"height":64,"caption":"Acropolis tickets"},"image":{"@id":"https:\/\/acropolis.athenstickets.org\/es\/#\/schema\/logo\/image\/"}}]}},"_links":{"self":[{"href":"https:\/\/acropolis.athenstickets.org\/es\/wp-json\/wp\/v2\/pages\/1184","targetHints":{"allow":["GET"]}}],"collection":[{"href":"https:\/\/acropolis.athenstickets.org\/es\/wp-json\/wp\/v2\/pages"}],"about":[{"href":"https:\/\/acropolis.athenstickets.org\/es\/wp-json\/wp\/v2\/types\/page"}],"author":[{"embeddable":true,"href":"https:\/\/acropolis.athenstickets.org\/es\/wp-json\/wp\/v2\/users\/1"}],"replies":[{"embeddable":true,"href":"https:\/\/acropolis.athenstickets.org\/es\/wp-json\/wp\/v2\/comments?post=1184"}],"version-history":[{"count":6,"href":"https:\/\/acropolis.athenstickets.org\/es\/wp-json\/wp\/v2\/pages\/1184\/revisions"}],"predecessor-version":[{"id":13075,"href":"https:\/\/acropolis.athenstickets.org\/es\/wp-json\/wp\/v2\/pages\/1184\/revisions\/13075"}],"wp:attachment":[{"href":"https:\/\/acropolis.athenstickets.org\/es\/wp-json\/wp\/v2\/media?parent=1184"}],"curies":[{"name":"wp","href":"https:\/\/api.w.org\/{rel}","templated":true}]}}