{"id":11597,"date":"2024-04-11T08:42:02","date_gmt":"2024-04-11T08:42:02","guid":{"rendered":"https:\/\/acropolis.athenstickets.org\/quienes-somos\/"},"modified":"2024-06-27T14:32:34","modified_gmt":"2024-06-27T14:32:34","slug":"quienes-somos","status":"publish","type":"page","link":"https:\/\/acropolis.athenstickets.org\/es\/quienes-somos\/","title":{"rendered":"Qui\u00e9nes somos"},"content":{"rendered":"\t\t<div data-elementor-type=\"wp-page\" data-elementor-id=\"11597\" class=\"elementor elementor-11597 elementor-11568\">\n\t\t\t\t\t\t<section class=\"elementor-section elementor-top-section elementor-element elementor-element-4aac332a elementor-section-boxed elementor-section-height-default elementor-section-height-default\" data-id=\"4aac332a\" data-element_type=\"section\">\n\t\t\t\t\t\t<div class=\"elementor-container elementor-column-gap-default\">\n\t\t\t\t\t<div class=\"elementor-column elementor-col-100 elementor-top-column elementor-element elementor-element-6a120b93\" data-id=\"6a120b93\" data-element_type=\"column\">\n\t\t\t<div class=\"elementor-widget-wrap elementor-element-populated\">\n\t\t\t\t\t\t<div class=\"elementor-element elementor-element-789ca3fa elementor-widget elementor-widget-heading\" data-id=\"789ca3fa\" data-element_type=\"widget\" data-widget_type=\"heading.default\">\n\t\t\t\t<div class=\"elementor-widget-container\">\n\t\t\t\t\t<h1 class=\"elementor-heading-title elementor-size-default\">Acerca de las entradas Acr\u00f3polis<\/h1>\t\t\t\t<\/div>\n\t\t\t\t<\/div>\n\t\t\t\t<div class=\"elementor-element elementor-element-fa6c7a7 elementor-widget elementor-widget-text-editor\" data-id=\"fa6c7a7\" data-element_type=\"widget\" data-widget_type=\"text-editor.default\">\n\t\t\t\t<div class=\"elementor-widget-container\">\n\t\t\t\t\t\t\t\t\t<p>Explore la esencia de nuestro sitio web <b>Acropolis Tickets<\/b>, su puerta de entrada a una experiencia perfecta en Atenas.<\/p>\n<p>\u00a1Bienvenido a Acropolis Tickets! Somos un equipo apasionado dedicado a hacer que su experiencia en Atenas sea inolvidable. Nos apasionan los <b>monumentos, las atracciones y explorar diferentes culturas de todo el<\/b> mundo. Nos enorgullece compartir nuestros conocimientos y entusiasmo con usted para que pueda descubrir la grandeza hist\u00f3rica y cultural de Atenas de la forma m\u00e1s emocionante y enriquecedora posible.<\/p>\n<p>Con nosotros, no s\u00f3lo acceder\u00e1 a los tesoros de la Acr\u00f3polis, sino que se sumergir\u00e1 en la riqueza de su pasado, presente y futuro. Estamos aqu\u00ed para guiarle en cada paso del camino, desde la <b>reserva de sus entradas hasta consejos de expertos para aprovechar al m\u00e1ximo su visita<\/b>.<\/p>\n<p>Acomp\u00e1\u00f1enos en esta emocionante aventura mientras exploramos juntos la majestuosidad de la Acr\u00f3polis y celebramos la belleza y la diversidad de nuestro mundo. Prep\u00e1rese para una experiencia que le dejar\u00e1 asombrado y con recuerdos para toda la vida.<\/p>\n\t\t\t\t\t\t\t\t<\/div>\n\t\t\t\t<\/div>\n\t\t\t\t<div class=\"elementor-element elementor-element-6c300864 elementor-widget elementor-widget-heading\" data-id=\"6c300864\" data-element_type=\"widget\" data-widget_type=\"heading.default\">\n\t\t\t\t<div class=\"elementor-widget-container\">\n\t\t\t\t\t<h2 class=\"elementor-heading-title elementor-size-default\">\u00bfQui\u00e9nes son Acropolis Tickets?  \n<\/h2>\t\t\t\t<\/div>\n\t\t\t\t<\/div>\n\t\t\t\t<div class=\"elementor-element elementor-element-13037178 elementor-widget elementor-widget-text-editor\" data-id=\"13037178\" data-element_type=\"widget\" data-widget_type=\"text-editor.default\">\n\t\t\t\t<div class=\"elementor-widget-container\">\n\t\t\t\t\t\t\t\t\t<p>En Acropolis Tickets, somos un equipo dedicado de aficionados a la cultura y expertos en turismo unidos por un \u00fanico objetivo: <b>garantizar que su visita a Atenas sea inolvidable <\/b>desde el momento en que asegure su entrada. Nuestro compromiso consiste en permitirle sumergirse plenamente en el esplendor cultural que le espera.<\/p>\n\t\t\t\t\t\t\t\t<\/div>\n\t\t\t\t<\/div>\n\t\t\t\t<div class=\"elementor-element elementor-element-29b2c94c elementor-widget elementor-widget-heading\" data-id=\"29b2c94c\" data-element_type=\"widget\" data-widget_type=\"heading.default\">\n\t\t\t\t<div class=\"elementor-widget-container\">\n\t\t\t\t\t<h2 class=\"elementor-heading-title elementor-size-default\">Nuestra esencia\n<\/h2>\t\t\t\t<\/div>\n\t\t\t\t<\/div>\n\t\t\t\t<div class=\"elementor-element elementor-element-6f50dd00 elementor-widget elementor-widget-text-editor\" data-id=\"6f50dd00\" data-element_type=\"widget\" data-widget_type=\"text-editor.default\">\n\t\t\t\t<div class=\"elementor-widget-container\">\n\t\t\t\t\t\t\t\t\t<p>En Acropolis Tickets, nuestra esencia reside en una arraigada pasi\u00f3n por la historia, la cultura y las maravillas del mundo. Creemos en el poder transformador de los viajes y la exploraci\u00f3n, y nos esforzamos por encender esa misma pasi\u00f3n en cada visitante que cruza las puertas de Acr\u00f3polis. Con una mezcla de experiencia, dedicaci\u00f3n y aut\u00e9ntico amor por lo que hacemos, nuestro objetivo es crear momentos de asombro, inspiraci\u00f3n y descubrimiento para todos los que se embarcan en este viaje con nosotros.<\/p>\n<p>Trascendemos los meros servicios de reserva; somos tus compa\u00f1eros de viaje para descubrir la rica historia, el arte exquisito y la belleza intemporal que encierra la grandeza de la Acr\u00f3polis. <b>Especializados en la venta de entradas en l\u00ednea para museos y lugares de inter\u00e9s cultural<\/b>, unimos a viajeros de todo el mundo, ofreciendo un sinf\u00edn de oportunidades para adentrarse en encuentros culturales \u00fanicos.<\/p>\n<p>Nuestra misi\u00f3n es desvelar el vibrante tapiz de la cultura de la Acr\u00f3polis, permiti\u00e9ndole acceder a las perdurables obras maestras que han embelesado a innumerables almas.<\/p>\n<p>Entrada asegurada: Con Acropolis Tickets, <b>su entrada a la atracci\u00f3n est\u00e1 garantizada<\/b>.<\/p>\t\t\t\t\t\t\t\t<\/div>\n\t\t\t\t<\/div>\n\t\t\t\t<div class=\"elementor-element elementor-element-7533a90b elementor-widget elementor-widget-heading\" data-id=\"7533a90b\" data-element_type=\"widget\" data-widget_type=\"heading.default\">\n\t\t\t\t<div class=\"elementor-widget-container\">\n\t\t\t\t\t<h2 class=\"elementor-heading-title elementor-size-default\">Nuestra misi\u00f3n\n<\/h2>\t\t\t\t<\/div>\n\t\t\t\t<\/div>\n\t\t\t\t<div class=\"elementor-element elementor-element-7e768ebf elementor-widget elementor-widget-text-editor\" data-id=\"7e768ebf\" data-element_type=\"widget\" data-widget_type=\"text-editor.default\">\n\t\t\t\t<div class=\"elementor-widget-container\">\n\t\t\t\t\t\t\t\t\t<p>Nuestra misi\u00f3n es sencilla pero profunda: ser su compa\u00f1ero de confianza para descubrir el esplendor de la Acr\u00f3polis. A trav\u00e9s de un acceso fluido, una orientaci\u00f3n perspicaz y un servicio inigualable, nos comprometemos a garantizar que su visita a la Acr\u00f3polis sea nada menos que extraordinaria.<\/p>\n<p>Ya sea un entusiasta de la historia, un aficionado al arte o simplemente un viajero curioso, nuestro objetivo es enriquecer su experiencia, profundizar en sus conocimientos y dejarle recuerdos para toda la vida. Acomp\u00e1\u00f1enos en esta misi\u00f3n juntos, explorando el pasado, abrazando el presente y dando forma al futuro de la exploraci\u00f3n cultural en Atenas.<\/p>\n\t\t\t\t\t\t\t\t<\/div>\n\t\t\t\t<\/div>\n\t\t\t\t\t<\/div>\n\t\t<\/div>\n\t\t\t\t\t<\/div>\n\t\t<\/section>\n\t\t\t\t<\/div>\n\t\t","protected":false},"excerpt":{"rendered":"<p>Acerca de las entradas Acr\u00f3polis Explore la esencia de nuestro sitio web Acropolis Tickets, su puerta de entrada a una experiencia perfecta en Atenas. \u00a1Bienvenido a Acropolis Tickets! Somos un equipo apasionado dedicado a hacer que su experiencia en Atenas sea inolvidable. Nos apasionan los monumentos, las atracciones y explorar diferentes culturas de todo el [&hellip;]<\/p>\n","protected":false},"author":1,"featured_media":0,"parent":0,"menu_order":0,"comment_status":"closed","ping_status":"closed","template":"elementor_header_footer","meta":{"footnotes":""},"class_list":["post-11597","page","type-page","status-publish","hentry"],"yoast_head":"<!-- This site is optimized with the Yoast SEO plugin v26.8 - https:\/\/yoast.com\/product\/yoast-seo-wordpress\/ -->\n<title>Qui\u00e9nes Somos - Entradas y Tours en la Acr\u00f3polis<\/title>\n<meta name=\"description\" content=\"Acropolis Tickets es una plataforma de viajes ideal para reservar entradas para la Acr\u00f3polis y el Museo de la Acr\u00f3polis en sus pr\u00f3ximas vacaciones en Atenas.\" \/>\n<meta name=\"robots\" content=\"index, follow, max-snippet:-1, max-image-preview:large, max-video-preview:-1\" \/>\n<link rel=\"canonical\" href=\"https:\/\/acropolis.athenstickets.org\/es\/quienes-somos\/\" \/>\n<meta property=\"og:locale\" content=\"es_ES\" \/>\n<meta property=\"og:type\" content=\"article\" \/>\n<meta property=\"og:title\" content=\"Qui\u00e9nes Somos - Entradas y Tours en la Acr\u00f3polis\" \/>\n<meta property=\"og:description\" content=\"Acropolis Tickets es una plataforma de viajes ideal para reservar entradas para la Acr\u00f3polis y el Museo de la Acr\u00f3polis en sus pr\u00f3ximas vacaciones en Atenas.\" \/>\n<meta property=\"og:url\" content=\"https:\/\/acropolis.athenstickets.org\/es\/quienes-somos\/\" \/>\n<meta property=\"og:site_name\" content=\"Acropolis tickets\" \/>\n<meta property=\"article:modified_time\" content=\"2024-06-27T14:32:34+00:00\" \/>\n<meta name=\"twitter:card\" content=\"summary_large_image\" \/>\n<meta name=\"twitter:label1\" content=\"Tiempo de lectura\" \/>\n\t<meta name=\"twitter:data1\" content=\"3 minutos\" \/>\n<script type=\"application\/ld+json\" class=\"yoast-schema-graph\">{\"@context\":\"https:\/\/schema.org\",\"@graph\":[{\"@type\":\"WebPage\",\"@id\":\"https:\/\/acropolis.athenstickets.org\/es\/quienes-somos\/\",\"url\":\"https:\/\/acropolis.athenstickets.org\/es\/quienes-somos\/\",\"name\":\"Qui\u00e9nes Somos - Entradas y Tours en la Acr\u00f3polis\",\"isPartOf\":{\"@id\":\"https:\/\/acropolis.athenstickets.org\/es\/#website\"},\"datePublished\":\"2024-04-11T08:42:02+00:00\",\"dateModified\":\"2024-06-27T14:32:34+00:00\",\"description\":\"Acropolis Tickets es una plataforma de viajes ideal para reservar entradas para la Acr\u00f3polis y el Museo de la Acr\u00f3polis en sus pr\u00f3ximas vacaciones en Atenas.\",\"breadcrumb\":{\"@id\":\"https:\/\/acropolis.athenstickets.org\/es\/quienes-somos\/#breadcrumb\"},\"inLanguage\":\"es\",\"potentialAction\":[{\"@type\":\"ReadAction\",\"target\":[\"https:\/\/acropolis.athenstickets.org\/es\/quienes-somos\/\"]}]},{\"@type\":\"BreadcrumbList\",\"@id\":\"https:\/\/acropolis.athenstickets.org\/es\/quienes-somos\/#breadcrumb\",\"itemListElement\":[{\"@type\":\"ListItem\",\"position\":1,\"name\":\"Home\",\"item\":\"https:\/\/acropolis.athenstickets.org\/es\/\"},{\"@type\":\"ListItem\",\"position\":2,\"name\":\"Qui\u00e9nes somos\"}]},{\"@type\":\"WebSite\",\"@id\":\"https:\/\/acropolis.athenstickets.org\/es\/#website\",\"url\":\"https:\/\/acropolis.athenstickets.org\/es\/\",\"name\":\"Acropolis tickets\",\"description\":\"\",\"publisher\":{\"@id\":\"https:\/\/acropolis.athenstickets.org\/es\/#organization\"},\"potentialAction\":[{\"@type\":\"SearchAction\",\"target\":{\"@type\":\"EntryPoint\",\"urlTemplate\":\"https:\/\/acropolis.athenstickets.org\/es\/?s={search_term_string}\"},\"query-input\":{\"@type\":\"PropertyValueSpecification\",\"valueRequired\":true,\"valueName\":\"search_term_string\"}}],\"inLanguage\":\"es\"},{\"@type\":\"Organization\",\"@id\":\"https:\/\/acropolis.athenstickets.org\/es\/#organization\",\"name\":\"Acropolis tickets\",\"url\":\"https:\/\/acropolis.athenstickets.org\/es\/\",\"logo\":{\"@type\":\"ImageObject\",\"inLanguage\":\"es\",\"@id\":\"https:\/\/acropolis.athenstickets.org\/es\/#\/schema\/logo\/image\/\",\"url\":\"https:\/\/acropolis.athenstickets.org\/wp-content\/uploads\/2024\/12\/Group-1089-1.png\",\"contentUrl\":\"https:\/\/acropolis.athenstickets.org\/wp-content\/uploads\/2024\/12\/Group-1089-1.png\",\"width\":395,\"height\":64,\"caption\":\"Acropolis tickets\"},\"image\":{\"@id\":\"https:\/\/acropolis.athenstickets.org\/es\/#\/schema\/logo\/image\/\"}}]}<\/script>\n<!-- \/ Yoast SEO plugin. -->","yoast_head_json":{"title":"Qui\u00e9nes Somos - Entradas y Tours en la Acr\u00f3polis","description":"Acropolis Tickets es una plataforma de viajes ideal para reservar entradas para la Acr\u00f3polis y el Museo de la Acr\u00f3polis en sus pr\u00f3ximas vacaciones en Atenas.","robots":{"index":"index","follow":"follow","max-snippet":"max-snippet:-1","max-image-preview":"max-image-preview:large","max-video-preview":"max-video-preview:-1"},"canonical":"https:\/\/acropolis.athenstickets.org\/es\/quienes-somos\/","og_locale":"es_ES","og_type":"article","og_title":"Qui\u00e9nes Somos - Entradas y Tours en la Acr\u00f3polis","og_description":"Acropolis Tickets es una plataforma de viajes ideal para reservar entradas para la Acr\u00f3polis y el Museo de la Acr\u00f3polis en sus pr\u00f3ximas vacaciones en Atenas.","og_url":"https:\/\/acropolis.athenstickets.org\/es\/quienes-somos\/","og_site_name":"Acropolis tickets","article_modified_time":"2024-06-27T14:32:34+00:00","twitter_card":"summary_large_image","twitter_misc":{"Tiempo de lectura":"3 minutos"},"schema":{"@context":"https:\/\/schema.org","@graph":[{"@type":"WebPage","@id":"https:\/\/acropolis.athenstickets.org\/es\/quienes-somos\/","url":"https:\/\/acropolis.athenstickets.org\/es\/quienes-somos\/","name":"Qui\u00e9nes Somos - Entradas y Tours en la Acr\u00f3polis","isPartOf":{"@id":"https:\/\/acropolis.athenstickets.org\/es\/#website"},"datePublished":"2024-04-11T08:42:02+00:00","dateModified":"2024-06-27T14:32:34+00:00","description":"Acropolis Tickets es una plataforma de viajes ideal para reservar entradas para la Acr\u00f3polis y el Museo de la Acr\u00f3polis en sus pr\u00f3ximas vacaciones en Atenas.","breadcrumb":{"@id":"https:\/\/acropolis.athenstickets.org\/es\/quienes-somos\/#breadcrumb"},"inLanguage":"es","potentialAction":[{"@type":"ReadAction","target":["https:\/\/acropolis.athenstickets.org\/es\/quienes-somos\/"]}]},{"@type":"BreadcrumbList","@id":"https:\/\/acropolis.athenstickets.org\/es\/quienes-somos\/#breadcrumb","itemListElement":[{"@type":"ListItem","position":1,"name":"Home","item":"https:\/\/acropolis.athenstickets.org\/es\/"},{"@type":"ListItem","position":2,"name":"Qui\u00e9nes somos"}]},{"@type":"WebSite","@id":"https:\/\/acropolis.athenstickets.org\/es\/#website","url":"https:\/\/acropolis.athenstickets.org\/es\/","name":"Acropolis tickets","description":"","publisher":{"@id":"https:\/\/acropolis.athenstickets.org\/es\/#organization"},"potentialAction":[{"@type":"SearchAction","target":{"@type":"EntryPoint","urlTemplate":"https:\/\/acropolis.athenstickets.org\/es\/?s={search_term_string}"},"query-input":{"@type":"PropertyValueSpecification","valueRequired":true,"valueName":"search_term_string"}}],"inLanguage":"es"},{"@type":"Organization","@id":"https:\/\/acropolis.athenstickets.org\/es\/#organization","name":"Acropolis tickets","url":"https:\/\/acropolis.athenstickets.org\/es\/","logo":{"@type":"ImageObject","inLanguage":"es","@id":"https:\/\/acropolis.athenstickets.org\/es\/#\/schema\/logo\/image\/","url":"https:\/\/acropolis.athenstickets.org\/wp-content\/uploads\/2024\/12\/Group-1089-1.png","contentUrl":"https:\/\/acropolis.athenstickets.org\/wp-content\/uploads\/2024\/12\/Group-1089-1.png","width":395,"height":64,"caption":"Acropolis tickets"},"image":{"@id":"https:\/\/acropolis.athenstickets.org\/es\/#\/schema\/logo\/image\/"}}]}},"_links":{"self":[{"href":"https:\/\/acropolis.athenstickets.org\/es\/wp-json\/wp\/v2\/pages\/11597","targetHints":{"allow":["GET"]}}],"collection":[{"href":"https:\/\/acropolis.athenstickets.org\/es\/wp-json\/wp\/v2\/pages"}],"about":[{"href":"https:\/\/acropolis.athenstickets.org\/es\/wp-json\/wp\/v2\/types\/page"}],"author":[{"embeddable":true,"href":"https:\/\/acropolis.athenstickets.org\/es\/wp-json\/wp\/v2\/users\/1"}],"replies":[{"embeddable":true,"href":"https:\/\/acropolis.athenstickets.org\/es\/wp-json\/wp\/v2\/comments?post=11597"}],"version-history":[{"count":3,"href":"https:\/\/acropolis.athenstickets.org\/es\/wp-json\/wp\/v2\/pages\/11597\/revisions"}],"predecessor-version":[{"id":12849,"href":"https:\/\/acropolis.athenstickets.org\/es\/wp-json\/wp\/v2\/pages\/11597\/revisions\/12849"}],"wp:attachment":[{"href":"https:\/\/acropolis.athenstickets.org\/es\/wp-json\/wp\/v2\/media?parent=11597"}],"curies":[{"name":"wp","href":"https:\/\/api.w.org\/{rel}","templated":true}]}}