{"id":13254,"date":"2024-07-11T10:00:00","date_gmt":"2024-07-11T10:00:00","guid":{"rendered":"https:\/\/acropolis.athenstickets.org\/was-ist-das-beste-ticket-fuer-ihren-besuch-der-akropolis\/"},"modified":"2024-07-11T10:00:11","modified_gmt":"2024-07-11T10:00:11","slug":"was-ist-das-beste-ticket-fuer-ihren-besuch-der-akropolis","status":"publish","type":"page","link":"https:\/\/acropolis.athenstickets.org\/de\/was-ist-das-beste-ticket-fuer-ihren-besuch-der-akropolis\/","title":{"rendered":"Was ist das beste Ticket f\u00fcr Ihren Besuch der Akropolis?"},"content":{"rendered":"\t\t<div data-elementor-type=\"wp-page\" data-elementor-id=\"13254\" class=\"elementor elementor-13254 elementor-13204\">\n\t\t\t\t\t\t<section class=\"elementor-section elementor-top-section elementor-element elementor-element-ee148a0 elementor-section-height-min-height elementor-section-boxed elementor-section-height-default elementor-section-items-middle\" data-id=\"ee148a0\" data-element_type=\"section\" data-settings=\"{&quot;background_background&quot;:&quot;classic&quot;}\">\n\t\t\t\t\t\t\t<div class=\"elementor-background-overlay\"><\/div>\n\t\t\t\t\t\t\t<div class=\"elementor-container elementor-column-gap-default\">\n\t\t\t\t\t<div class=\"elementor-column elementor-col-50 elementor-top-column elementor-element elementor-element-157eb95\" data-id=\"157eb95\" data-element_type=\"column\">\n\t\t\t<div class=\"elementor-widget-wrap elementor-element-populated\">\n\t\t\t\t\t\t<div class=\"elementor-element elementor-element-957e50d elementor-widget elementor-widget-heading\" data-id=\"957e50d\" data-element_type=\"widget\" data-widget_type=\"heading.default\">\n\t\t\t\t<div class=\"elementor-widget-container\">\n\t\t\t\t\t<h1 class=\"elementor-heading-title elementor-size-default\">Was ist das beste Ticket f\u00fcr Ihren Besuch der Akropolis?<\/h1>\t\t\t\t<\/div>\n\t\t\t\t<\/div>\n\t\t\t\t<div class=\"elementor-element elementor-element-619411c elementor-widget elementor-widget-text-editor\" data-id=\"619411c\" data-element_type=\"widget\" data-widget_type=\"text-editor.default\">\n\t\t\t\t<div class=\"elementor-widget-container\">\n\t\t\t\t\t\t\t\t\t<p>Entdecken Sie die besten Ticketoptionen f\u00fcr den Besuch der Akropolis von Athen. Informieren Sie sich \u00fcber das Akropolis-Eintrittsticket und das Akropolis-Kombiticket, damit Sie das Beste aus Ihrem Besuch dieser ber\u00fchmten antiken St\u00e4tte machen k\u00f6nnen.<\/p>\n\t\t\t\t\t\t\t\t<\/div>\n\t\t\t\t<\/div>\n\t\t\t\t\t<\/div>\n\t\t<\/div>\n\t\t\t\t<div class=\"elementor-column elementor-col-50 elementor-top-column elementor-element elementor-element-37e2838\" data-id=\"37e2838\" data-element_type=\"column\">\n\t\t\t<div class=\"elementor-widget-wrap\">\n\t\t\t\t\t\t\t<\/div>\n\t\t<\/div>\n\t\t\t\t\t<\/div>\n\t\t<\/section>\n\t\t\t\t<section class=\"elementor-section elementor-top-section elementor-element elementor-element-507e7c5 elementor-section-height-min-height elementor-section-boxed elementor-section-height-default elementor-section-items-middle\" data-id=\"507e7c5\" data-element_type=\"section\" data-settings=\"{&quot;background_background&quot;:&quot;classic&quot;}\">\n\t\t\t\t\t\t<div class=\"elementor-container elementor-column-gap-default\">\n\t\t\t\t\t<div class=\"elementor-column elementor-col-100 elementor-top-column elementor-element elementor-element-049dc52\" data-id=\"049dc52\" data-element_type=\"column\">\n\t\t\t<div class=\"elementor-widget-wrap\">\n\t\t\t\t\t\t\t<\/div>\n\t\t<\/div>\n\t\t\t\t\t<\/div>\n\t\t<\/section>\n\t\t\t\t<section class=\"elementor-section elementor-top-section elementor-element elementor-element-f941ea4 elementor-section-boxed elementor-section-height-default elementor-section-height-default\" data-id=\"f941ea4\" data-element_type=\"section\">\n\t\t\t\t\t\t<div class=\"elementor-container elementor-column-gap-default\">\n\t\t\t\t\t<div class=\"elementor-column elementor-col-100 elementor-top-column elementor-element elementor-element-41215b9\" data-id=\"41215b9\" data-element_type=\"column\">\n\t\t\t<div class=\"elementor-widget-wrap elementor-element-populated\">\n\t\t\t\t\t\t<div class=\"elementor-element elementor-element-f551729 elementor-widget elementor-widget-text-editor\" data-id=\"f551729\" data-element_type=\"widget\" data-widget_type=\"text-editor.default\">\n\t\t\t\t<div class=\"elementor-widget-container\">\n\t\t\t\t\t\t\t\t\tDer Besuch der Akropolis in Athen ist ein Muss f\u00fcr jeden Griechenland-Reisenden. Diese antike Zitadelle, die hoch \u00fcber der Stadt thront, beherbergt einige der ber\u00fchmtesten Monumente des antiken Griechenlands, darunter den Parthenon, das Erechtheion und den Tempel der Athena Nike. Bei der Planung Ihres Besuchs geht es jedoch nicht nur um die Entscheidung, was Sie sehen m\u00f6chten, sondern auch um die Wahl der richtigen Eintrittskarte. Dieser Leitfaden hilft Ihnen, die verschiedenen Arten von Tickets zu verstehen und zu entscheiden, welches Ticket f\u00fcr Ihren Besuch am besten geeignet ist.\n\n\t\t\t\t\t\t\t\t<\/div>\n\t\t\t\t<\/div>\n\t\t\t\t<div class=\"elementor-element elementor-element-985dc85 elementor-widget elementor-widget-image\" data-id=\"985dc85\" data-element_type=\"widget\" data-widget_type=\"image.default\">\n\t\t\t\t<div class=\"elementor-widget-container\">\n\t\t\t\t\t\t\t\t\t\t\t\t\t\t\t<img fetchpriority=\"high\" decoding=\"async\" width=\"1100\" height=\"550\" src=\"https:\/\/acropolis.athenstickets.org\/wp-content\/uploads\/2024\/07\/best-tickets-for-Acropolis.webp\" class=\"attachment-full size-full wp-image-13209\" alt=\"people visiting the Acropolis Parthenon\" srcset=\"https:\/\/acropolis.athenstickets.org\/wp-content\/uploads\/2024\/07\/best-tickets-for-Acropolis.webp 1100w, https:\/\/acropolis.athenstickets.org\/wp-content\/uploads\/2024\/07\/best-tickets-for-Acropolis-300x150.webp 300w, https:\/\/acropolis.athenstickets.org\/wp-content\/uploads\/2024\/07\/best-tickets-for-Acropolis-1024x512.webp 1024w, https:\/\/acropolis.athenstickets.org\/wp-content\/uploads\/2024\/07\/best-tickets-for-Acropolis-768x384.webp 768w\" sizes=\"(max-width: 1100px) 100vw, 1100px\" \/>\t\t\t\t\t\t\t\t\t\t\t\t\t\t\t<\/div>\n\t\t\t\t<\/div>\n\t\t\t\t<div class=\"elementor-element elementor-element-8c6649c elementor-widget elementor-widget-heading\" data-id=\"8c6649c\" data-element_type=\"widget\" data-widget_type=\"heading.default\">\n\t\t\t\t<div class=\"elementor-widget-container\">\n\t\t\t\t\t<h2 class=\"elementor-heading-title elementor-size-default\">Die Akropolis Tour<\/h2>\t\t\t\t<\/div>\n\t\t\t\t<\/div>\n\t\t\t\t<div class=\"elementor-element elementor-element-ac46957 elementor-widget elementor-widget-text-editor\" data-id=\"ac46957\" data-element_type=\"widget\" data-widget_type=\"text-editor.default\">\n\t\t\t\t<div class=\"elementor-widget-container\">\n\t\t\t\t\t\t\t\t\t<p>Die Akropolis bietet eine Reise durch Geschichte, Kunst und Kultur. <b>Bei Ihrer Erkundung dieser antiken St\u00e4tte werden Sie zahlreiche bedeutende Bauwerke und Artefakte entdecken, die die westliche Zivilisation gepr\u00e4gt haben<\/b>. Zu den H\u00f6hepunkten geh\u00f6ren der Parthenon, ein Symbol der klassischen griechischen Architektur, das Erechtheion mit seinen ikonischen Karyatiden und der Tempel der Athena Nike, der der G\u00f6ttin des Sieges gewidmet ist.<\/p>\n<p>Eine gef\u00fchrte Tour durch die Akropolis ist sehr empfehlenswert und bereichert Ihr Erlebnis. Professionelle F\u00fchrer geben wertvolle Einblicke in den historischen Kontext, die architektonischen Details und die kulturelle Bedeutung der Monumente. Die Touren dauern in der Regel zwischen 1,5 und 2 Stunden und k\u00f6nnen auf Ihre Interessen zugeschnitten werden. Alternativ k\u00f6nnen Sie sich auch f\u00fcr einen Audioguide entscheiden, der es Ihnen erm\u00f6glicht, die Stadt in Ihrem eigenen Tempo zu erkunden und dennoch informative Kommentare zu erhalten.<\/p>\n\t\t\t\t\t\t\t\t<\/div>\n\t\t\t\t<\/div>\n\t\t\t\t<div class=\"elementor-element elementor-element-a283a70 elementor-widget elementor-widget-heading\" data-id=\"a283a70\" data-element_type=\"widget\" data-widget_type=\"heading.default\">\n\t\t\t\t<div class=\"elementor-widget-container\">\n\t\t\t\t\t<h2 class=\"elementor-heading-title elementor-size-default\">Arten von Eintrittskarten f\u00fcr die Akropolis<\/h2>\t\t\t\t<\/div>\n\t\t\t\t<\/div>\n\t\t\t\t<div class=\"elementor-element elementor-element-bddabb6 elementor-widget elementor-widget-text-editor\" data-id=\"bddabb6\" data-element_type=\"widget\" data-widget_type=\"text-editor.default\">\n\t\t\t\t<div class=\"elementor-widget-container\">\n\t\t\t\t\t\t\t\t\tWenn Sie Ihren Besuch planen, sollten Sie sich unbedingt \u00fcber die verschiedenen verf\u00fcgbaren Ticketoptionen informieren. Es gibt haupts\u00e4chlich zwei Arten von Eintrittskarten: die Akropolis-Eintrittskarte und die Akropolis-Kombikarte. Jede hat ihre Vorteile, je nach Ihrem Zeitplan, Ihren Interessen und Ihrem Budget.\n\n\t\t\t\t\t\t\t\t<\/div>\n\t\t\t\t<\/div>\n\t\t\t\t<div class=\"elementor-element elementor-element-a378997 elementor-widget elementor-widget-heading\" data-id=\"a378997\" data-element_type=\"widget\" data-widget_type=\"heading.default\">\n\t\t\t\t<div class=\"elementor-widget-container\">\n\t\t\t\t\t<h3 class=\"elementor-heading-title elementor-size-default\">Eintrittskarte f\u00fcr die Akropolis<\/h3>\t\t\t\t<\/div>\n\t\t\t\t<\/div>\n\t\t\t\t<div class=\"elementor-element elementor-element-acd1e36 elementor-widget elementor-widget-text-editor\" data-id=\"acd1e36\" data-element_type=\"widget\" data-widget_type=\"text-editor.default\">\n\t\t\t\t<div class=\"elementor-widget-container\">\n\t\t\t\t\t\t\t\t\t<p>Die Eintrittskarte f\u00fcr die Akropolis <b>erm\u00f6glicht den Zugang zur Akropolis und ihren wichtigsten Monumenten<\/b>, darunter der Parthenon, das Erechtheion, der Tempel der Athena Nike und die Propyl\u00e4en. Dieses Ticket ist ideal f\u00fcr Besucher, die sich ausschlie\u00dflich auf die Akropolis konzentrieren und in ihre historischen und architektonischen Wunder eintauchen m\u00f6chten.<\/p>\n<p><b>Vorteile der Eintrittskarte f\u00fcr die Akropolis<br \/><\/b><\/p>\n<ol>\n<li><b>Konzentriertes Erlebnis: <\/b>Mit dem Akropolis-Eintrittsticket k\u00f6nnen Sie sich ausschlie\u00dflich auf die Akropolis konzentrieren und haben ausreichend Zeit, um jedes Monument im Detail zu erkunden.<\/li>\n<li><b>Kosteng\u00fcnstig: <\/b>F\u00fcr diejenigen, die \u00fcber ein knappes Budget verf\u00fcgen oder nur wenig Zeit haben, ist dieses Ticket im Vergleich zum Kombiticket eine g\u00fcnstigere Option.<\/li>\n<li><b>Flexibilit\u00e4t:<\/b> Mit diesem Ticket k\u00f6nnen Sie so viel Zeit auf der Akropolis verbringen, wie Sie m\u00f6chten, ohne das Gef\u00fchl zu haben, zu anderen Sehensw\u00fcrdigkeiten weiterziehen zu m\u00fcssen.<\/li>\n<\/ol>\n<p><b><br \/>Nachteile der Eintrittskarte f\u00fcr die Akropolis<\/b><\/p>\n<ol>\n<li><b>Eingeschr\u00e4nkter Zugang:<\/b> Dieses Ticket gilt nur f\u00fcr die Akropolis. Wenn Sie andere arch\u00e4ologische St\u00e4tten in Athen besuchen m\u00f6chten, m\u00fcssen Sie zus\u00e4tzliche Tickets kaufen.<\/li>\n<\/ol>\n<p><a href=\"https:\/\/acropolis.athenstickets.org\/de\/akropolis-karten\/\"><b><u>Buchen Sie Ihre Tickets<\/u><\/b><\/a><\/p>\n\t\t\t\t\t\t\t\t<\/div>\n\t\t\t\t<\/div>\n\t\t\t\t<div class=\"elementor-element elementor-element-e07b7dd elementor-widget elementor-widget-heading\" data-id=\"e07b7dd\" data-element_type=\"widget\" data-widget_type=\"heading.default\">\n\t\t\t\t<div class=\"elementor-widget-container\">\n\t\t\t\t\t<h3 class=\"elementor-heading-title elementor-size-default\">Akropolis Kombi-Ticket\n<\/h3>\t\t\t\t<\/div>\n\t\t\t\t<\/div>\n\t\t\t\t<div class=\"elementor-element elementor-element-2599ecd elementor-widget elementor-widget-text-editor\" data-id=\"2599ecd\" data-element_type=\"widget\" data-widget_type=\"text-editor.default\">\n\t\t\t\t<div class=\"elementor-widget-container\">\n\t\t\t\t\t\t\t\t\t<p>Das Akropolis-Kombiticket ist eine ausgezeichnete Option f\u00fcr Besucher, die die arch\u00e4ologischen Sch\u00e4tze Athens umfassend erkunden m\u00f6chten. Dieses Ticket beinhaltet den <b>Zugang zur Akropolis und zu sechs weiteren wichtigen arch\u00e4ologischen St\u00e4tten<\/b>: die antike Agora, die r\u00f6mische Agora, die Hadriansbibliothek, den Tempel des olympischen Zeus, Kerameikos und die Schule des Aristoteles.<\/p>\n<p><b>Vorteile des Akropolis-Kombitickets<br><\/b><\/p>\n<ol>\n<li><b>Umfassende Erkundung: <\/b>Mit diesem Ticket haben Sie Zugang zu mehreren Sehensw\u00fcrdigkeiten, so dass Sie ein breiteres Spektrum der antiken Geschichte und Kultur Athens erleben k\u00f6nnen.<\/li>\n<li><b>Kostenersparnis:<\/b> Der Kauf des Kombitickets kann g\u00fcnstiger sein als der Kauf von Einzeltickets f\u00fcr jede Sehensw\u00fcrdigkeit, vor allem wenn Sie mehrere davon besuchen m\u00f6chten.<\/li>\n<li><b>Bequemlichkeit:<\/b> Mit einem einzigen Ticket k\u00f6nnen Sie mehrere Sehensw\u00fcrdigkeiten \u00fcber mehrere Tage hinweg besichtigen. Das erleichtert die Planung Ihrer Reiseroute und erspart Ihnen die M\u00fche, separate Tickets zu kaufen.<\/li>\n<\/ol>\n<p><b><br>Nachteile des Akropolis-Kombitickets<br><\/b><\/p>\n<ol>\n<li><b>H\u00f6here Vorabkosten:<\/b> Das Kombiticket ist teurer als das Einzelticket, was f\u00fcr preisbewusste Reisende eine \u00dcberlegung wert sein k\u00f6nnte.<\/li>\n<li><b>Zeitaufwand: <\/b>Um das Kombiticket optimal nutzen zu k\u00f6nnen, m\u00fcssen Sie ausreichend Zeit f\u00fcr den Besuch aller enthaltenen Sehensw\u00fcrdigkeiten einplanen, was f\u00fcr Besucher mit einem engen Zeitplan m\u00f6glicherweise nicht machbar ist.<\/li>\n<\/ol>\n<p><br><\/p>\n<p><b><u><a href=\"https:\/\/acropolis.athenstickets.org\/de\/akropolis-kombiticket\/\">Buchen Sie Ihre Tickets<\/a><\/u><\/b><\/p>\t\t\t\t\t\t\t\t<\/div>\n\t\t\t\t<\/div>\n\t\t\t\t<div class=\"elementor-element elementor-element-8bf9b88 elementor-widget elementor-widget-heading\" data-id=\"8bf9b88\" data-element_type=\"widget\" data-widget_type=\"heading.default\">\n\t\t\t\t<div class=\"elementor-widget-container\">\n\t\t\t\t\t<h2 class=\"elementor-heading-title elementor-size-default\">Fazit zum besten Ticket f\u00fcr Ihren Besuch der Akropolis<\/h2>\t\t\t\t<\/div>\n\t\t\t\t<\/div>\n\t\t\t\t<div class=\"elementor-element elementor-element-7bd2518 elementor-widget elementor-widget-text-editor\" data-id=\"7bd2518\" data-element_type=\"widget\" data-widget_type=\"text-editor.default\">\n\t\t\t\t<div class=\"elementor-widget-container\">\n\t\t\t\t\t\t\t\t\t<p>Der Besuch der Akropolis von Athen ist eine Reise durch die Zeit und bietet eine tiefe Verbindung zur antiken Welt. <b>Wenn Sie diesem Reiseplan folgen, k\u00f6nnen Sie sicherstellen, dass Sie die wichtigsten und beeindruckendsten St\u00e4tten sehen, die alle ihre eigene Geschichte und Bedeutung<\/b> haben. Vom gro\u00dfartigen Eingang der Propyl\u00e4en bis zum ikonischen Parthenon, dem komplizierten Erechtheion und dem eleganten Tempel der Athena Nike zeigt jeder Schritt den Einfallsreichtum und die Kunstfertigkeit der antiken griechischen Zivilisation. Vergessen Sie nicht, das Akropolismuseum und die umliegenden St\u00e4tten wie das Odeon des Herodes Atticus, das Theater des Dionysos und den Areopag-H\u00fcgel zu erkunden, um Ihr Erlebnis abzurunden.<\/p>\n<p>Mit einer sorgf\u00e4ltigen Planung und einem fr\u00fchen Start wird Ihr Besuch der Akropolis zu einem unvergesslichen und bereichernden Erlebnis, bei dem Sie das Verm\u00e4chtnis des antiken Athen noch mehr zu sch\u00e4tzen wissen.<\/p>\n\t\t\t\t\t\t\t\t<\/div>\n\t\t\t\t<\/div>\n\t\t\t\t\t<\/div>\n\t\t<\/div>\n\t\t\t\t\t<\/div>\n\t\t<\/section>\n\t\t\t\t<\/div>\n\t\t","protected":false},"excerpt":{"rendered":"<p>Was ist das beste Ticket f\u00fcr Ihren Besuch der Akropolis? Entdecken Sie die besten Ticketoptionen f\u00fcr den Besuch der Akropolis von Athen. Informieren Sie sich \u00fcber das Akropolis-Eintrittsticket und das Akropolis-Kombiticket, damit Sie das Beste aus Ihrem Besuch dieser ber\u00fchmten antiken St\u00e4tte machen k\u00f6nnen. Der Besuch der Akropolis in Athen ist ein Muss f\u00fcr jeden [&hellip;]<\/p>\n","protected":false},"author":1,"featured_media":0,"parent":0,"menu_order":0,"comment_status":"closed","ping_status":"closed","template":"elementor_header_footer","meta":{"footnotes":""},"class_list":["post-13254","page","type-page","status-publish","hentry"],"yoast_head":"<!-- This site is optimized with the Yoast SEO plugin v26.8 - https:\/\/yoast.com\/product\/yoast-seo-wordpress\/ -->\n<title>Die Wahl des richtigen Tickets f\u00fcr Ihren Akropolis-Besuch<\/title>\n<meta name=\"description\" content=\"Entdecken Sie die besten Ticketoptionen f\u00fcr den Besuch der Akropolis von Athen. Informieren Sie sich \u00fcber Akropolis-Tickets, damit Sie das Beste aus Ihrem Besuch machen k\u00f6nnen.\" \/>\n<meta name=\"robots\" content=\"index, follow, max-snippet:-1, max-image-preview:large, max-video-preview:-1\" \/>\n<link rel=\"canonical\" href=\"https:\/\/acropolis.athenstickets.org\/de\/was-ist-das-beste-ticket-fuer-ihren-besuch-der-akropolis\/\" \/>\n<meta property=\"og:locale\" content=\"de_DE\" \/>\n<meta property=\"og:type\" content=\"article\" \/>\n<meta property=\"og:title\" content=\"Die Wahl des richtigen Tickets f\u00fcr Ihren Akropolis-Besuch\" \/>\n<meta property=\"og:description\" content=\"Entdecken Sie die besten Ticketoptionen f\u00fcr den Besuch der Akropolis von Athen. Informieren Sie sich \u00fcber Akropolis-Tickets, damit Sie das Beste aus Ihrem Besuch machen k\u00f6nnen.\" \/>\n<meta property=\"og:url\" content=\"https:\/\/acropolis.athenstickets.org\/de\/was-ist-das-beste-ticket-fuer-ihren-besuch-der-akropolis\/\" \/>\n<meta property=\"og:site_name\" content=\"Acropolis tickets\" \/>\n<meta property=\"article:modified_time\" content=\"2024-07-11T10:00:11+00:00\" \/>\n<meta property=\"og:image\" content=\"https:\/\/acropolis.athenstickets.org\/wp-content\/uploads\/2024\/07\/best-tickets-for-Acropolis.webp\" \/>\n<meta name=\"twitter:card\" content=\"summary_large_image\" \/>\n<meta name=\"twitter:label1\" content=\"Gesch\u00e4tzte Lesezeit\" \/>\n\t<meta name=\"twitter:data1\" content=\"5\u00a0Minuten\" \/>\n<script type=\"application\/ld+json\" class=\"yoast-schema-graph\">{\"@context\":\"https:\/\/schema.org\",\"@graph\":[{\"@type\":\"WebPage\",\"@id\":\"https:\/\/acropolis.athenstickets.org\/de\/was-ist-das-beste-ticket-fuer-ihren-besuch-der-akropolis\/\",\"url\":\"https:\/\/acropolis.athenstickets.org\/de\/was-ist-das-beste-ticket-fuer-ihren-besuch-der-akropolis\/\",\"name\":\"Die Wahl des richtigen Tickets f\u00fcr Ihren Akropolis-Besuch\",\"isPartOf\":{\"@id\":\"https:\/\/acropolis.athenstickets.org\/de\/#website\"},\"primaryImageOfPage\":{\"@id\":\"https:\/\/acropolis.athenstickets.org\/de\/was-ist-das-beste-ticket-fuer-ihren-besuch-der-akropolis\/#primaryimage\"},\"image\":{\"@id\":\"https:\/\/acropolis.athenstickets.org\/de\/was-ist-das-beste-ticket-fuer-ihren-besuch-der-akropolis\/#primaryimage\"},\"thumbnailUrl\":\"https:\/\/acropolis.athenstickets.org\/wp-content\/uploads\/2024\/07\/best-tickets-for-Acropolis.webp\",\"datePublished\":\"2024-07-11T10:00:00+00:00\",\"dateModified\":\"2024-07-11T10:00:11+00:00\",\"description\":\"Entdecken Sie die besten Ticketoptionen f\u00fcr den Besuch der Akropolis von Athen. Informieren Sie sich \u00fcber Akropolis-Tickets, damit Sie das Beste aus Ihrem Besuch machen k\u00f6nnen.\",\"breadcrumb\":{\"@id\":\"https:\/\/acropolis.athenstickets.org\/de\/was-ist-das-beste-ticket-fuer-ihren-besuch-der-akropolis\/#breadcrumb\"},\"inLanguage\":\"de\",\"potentialAction\":[{\"@type\":\"ReadAction\",\"target\":[\"https:\/\/acropolis.athenstickets.org\/de\/was-ist-das-beste-ticket-fuer-ihren-besuch-der-akropolis\/\"]}]},{\"@type\":\"ImageObject\",\"inLanguage\":\"de\",\"@id\":\"https:\/\/acropolis.athenstickets.org\/de\/was-ist-das-beste-ticket-fuer-ihren-besuch-der-akropolis\/#primaryimage\",\"url\":\"https:\/\/acropolis.athenstickets.org\/wp-content\/uploads\/2024\/07\/best-tickets-for-Acropolis.webp\",\"contentUrl\":\"https:\/\/acropolis.athenstickets.org\/wp-content\/uploads\/2024\/07\/best-tickets-for-Acropolis.webp\"},{\"@type\":\"BreadcrumbList\",\"@id\":\"https:\/\/acropolis.athenstickets.org\/de\/was-ist-das-beste-ticket-fuer-ihren-besuch-der-akropolis\/#breadcrumb\",\"itemListElement\":[{\"@type\":\"ListItem\",\"position\":1,\"name\":\"Home\",\"item\":\"https:\/\/acropolis.athenstickets.org\/de\/\"},{\"@type\":\"ListItem\",\"position\":2,\"name\":\"Was ist das beste Ticket f\u00fcr Ihren Besuch der Akropolis?\"}]},{\"@type\":\"WebSite\",\"@id\":\"https:\/\/acropolis.athenstickets.org\/de\/#website\",\"url\":\"https:\/\/acropolis.athenstickets.org\/de\/\",\"name\":\"Acropolis tickets\",\"description\":\"\",\"publisher\":{\"@id\":\"https:\/\/acropolis.athenstickets.org\/de\/#organization\"},\"potentialAction\":[{\"@type\":\"SearchAction\",\"target\":{\"@type\":\"EntryPoint\",\"urlTemplate\":\"https:\/\/acropolis.athenstickets.org\/de\/?s={search_term_string}\"},\"query-input\":{\"@type\":\"PropertyValueSpecification\",\"valueRequired\":true,\"valueName\":\"search_term_string\"}}],\"inLanguage\":\"de\"},{\"@type\":\"Organization\",\"@id\":\"https:\/\/acropolis.athenstickets.org\/de\/#organization\",\"name\":\"Acropolis tickets\",\"url\":\"https:\/\/acropolis.athenstickets.org\/de\/\",\"logo\":{\"@type\":\"ImageObject\",\"inLanguage\":\"de\",\"@id\":\"https:\/\/acropolis.athenstickets.org\/de\/#\/schema\/logo\/image\/\",\"url\":\"https:\/\/acropolis.athenstickets.org\/wp-content\/uploads\/2024\/12\/Group-1089-1.png\",\"contentUrl\":\"https:\/\/acropolis.athenstickets.org\/wp-content\/uploads\/2024\/12\/Group-1089-1.png\",\"width\":395,\"height\":64,\"caption\":\"Acropolis tickets\"},\"image\":{\"@id\":\"https:\/\/acropolis.athenstickets.org\/de\/#\/schema\/logo\/image\/\"}}]}<\/script>\n<!-- \/ Yoast SEO plugin. -->","yoast_head_json":{"title":"Die Wahl des richtigen Tickets f\u00fcr Ihren Akropolis-Besuch","description":"Entdecken Sie die besten Ticketoptionen f\u00fcr den Besuch der Akropolis von Athen. Informieren Sie sich \u00fcber Akropolis-Tickets, damit Sie das Beste aus Ihrem Besuch machen k\u00f6nnen.","robots":{"index":"index","follow":"follow","max-snippet":"max-snippet:-1","max-image-preview":"max-image-preview:large","max-video-preview":"max-video-preview:-1"},"canonical":"https:\/\/acropolis.athenstickets.org\/de\/was-ist-das-beste-ticket-fuer-ihren-besuch-der-akropolis\/","og_locale":"de_DE","og_type":"article","og_title":"Die Wahl des richtigen Tickets f\u00fcr Ihren Akropolis-Besuch","og_description":"Entdecken Sie die besten Ticketoptionen f\u00fcr den Besuch der Akropolis von Athen. Informieren Sie sich \u00fcber Akropolis-Tickets, damit Sie das Beste aus Ihrem Besuch machen k\u00f6nnen.","og_url":"https:\/\/acropolis.athenstickets.org\/de\/was-ist-das-beste-ticket-fuer-ihren-besuch-der-akropolis\/","og_site_name":"Acropolis tickets","article_modified_time":"2024-07-11T10:00:11+00:00","og_image":[{"url":"https:\/\/acropolis.athenstickets.org\/wp-content\/uploads\/2024\/07\/best-tickets-for-Acropolis.webp","type":"","width":"","height":""}],"twitter_card":"summary_large_image","twitter_misc":{"Gesch\u00e4tzte Lesezeit":"5\u00a0Minuten"},"schema":{"@context":"https:\/\/schema.org","@graph":[{"@type":"WebPage","@id":"https:\/\/acropolis.athenstickets.org\/de\/was-ist-das-beste-ticket-fuer-ihren-besuch-der-akropolis\/","url":"https:\/\/acropolis.athenstickets.org\/de\/was-ist-das-beste-ticket-fuer-ihren-besuch-der-akropolis\/","name":"Die Wahl des richtigen Tickets f\u00fcr Ihren Akropolis-Besuch","isPartOf":{"@id":"https:\/\/acropolis.athenstickets.org\/de\/#website"},"primaryImageOfPage":{"@id":"https:\/\/acropolis.athenstickets.org\/de\/was-ist-das-beste-ticket-fuer-ihren-besuch-der-akropolis\/#primaryimage"},"image":{"@id":"https:\/\/acropolis.athenstickets.org\/de\/was-ist-das-beste-ticket-fuer-ihren-besuch-der-akropolis\/#primaryimage"},"thumbnailUrl":"https:\/\/acropolis.athenstickets.org\/wp-content\/uploads\/2024\/07\/best-tickets-for-Acropolis.webp","datePublished":"2024-07-11T10:00:00+00:00","dateModified":"2024-07-11T10:00:11+00:00","description":"Entdecken Sie die besten Ticketoptionen f\u00fcr den Besuch der Akropolis von Athen. Informieren Sie sich \u00fcber Akropolis-Tickets, damit Sie das Beste aus Ihrem Besuch machen k\u00f6nnen.","breadcrumb":{"@id":"https:\/\/acropolis.athenstickets.org\/de\/was-ist-das-beste-ticket-fuer-ihren-besuch-der-akropolis\/#breadcrumb"},"inLanguage":"de","potentialAction":[{"@type":"ReadAction","target":["https:\/\/acropolis.athenstickets.org\/de\/was-ist-das-beste-ticket-fuer-ihren-besuch-der-akropolis\/"]}]},{"@type":"ImageObject","inLanguage":"de","@id":"https:\/\/acropolis.athenstickets.org\/de\/was-ist-das-beste-ticket-fuer-ihren-besuch-der-akropolis\/#primaryimage","url":"https:\/\/acropolis.athenstickets.org\/wp-content\/uploads\/2024\/07\/best-tickets-for-Acropolis.webp","contentUrl":"https:\/\/acropolis.athenstickets.org\/wp-content\/uploads\/2024\/07\/best-tickets-for-Acropolis.webp"},{"@type":"BreadcrumbList","@id":"https:\/\/acropolis.athenstickets.org\/de\/was-ist-das-beste-ticket-fuer-ihren-besuch-der-akropolis\/#breadcrumb","itemListElement":[{"@type":"ListItem","position":1,"name":"Home","item":"https:\/\/acropolis.athenstickets.org\/de\/"},{"@type":"ListItem","position":2,"name":"Was ist das beste Ticket f\u00fcr Ihren Besuch der Akropolis?"}]},{"@type":"WebSite","@id":"https:\/\/acropolis.athenstickets.org\/de\/#website","url":"https:\/\/acropolis.athenstickets.org\/de\/","name":"Acropolis tickets","description":"","publisher":{"@id":"https:\/\/acropolis.athenstickets.org\/de\/#organization"},"potentialAction":[{"@type":"SearchAction","target":{"@type":"EntryPoint","urlTemplate":"https:\/\/acropolis.athenstickets.org\/de\/?s={search_term_string}"},"query-input":{"@type":"PropertyValueSpecification","valueRequired":true,"valueName":"search_term_string"}}],"inLanguage":"de"},{"@type":"Organization","@id":"https:\/\/acropolis.athenstickets.org\/de\/#organization","name":"Acropolis tickets","url":"https:\/\/acropolis.athenstickets.org\/de\/","logo":{"@type":"ImageObject","inLanguage":"de","@id":"https:\/\/acropolis.athenstickets.org\/de\/#\/schema\/logo\/image\/","url":"https:\/\/acropolis.athenstickets.org\/wp-content\/uploads\/2024\/12\/Group-1089-1.png","contentUrl":"https:\/\/acropolis.athenstickets.org\/wp-content\/uploads\/2024\/12\/Group-1089-1.png","width":395,"height":64,"caption":"Acropolis tickets"},"image":{"@id":"https:\/\/acropolis.athenstickets.org\/de\/#\/schema\/logo\/image\/"}}]}},"_links":{"self":[{"href":"https:\/\/acropolis.athenstickets.org\/de\/wp-json\/wp\/v2\/pages\/13254","targetHints":{"allow":["GET"]}}],"collection":[{"href":"https:\/\/acropolis.athenstickets.org\/de\/wp-json\/wp\/v2\/pages"}],"about":[{"href":"https:\/\/acropolis.athenstickets.org\/de\/wp-json\/wp\/v2\/types\/page"}],"author":[{"embeddable":true,"href":"https:\/\/acropolis.athenstickets.org\/de\/wp-json\/wp\/v2\/users\/1"}],"replies":[{"embeddable":true,"href":"https:\/\/acropolis.athenstickets.org\/de\/wp-json\/wp\/v2\/comments?post=13254"}],"version-history":[{"count":1,"href":"https:\/\/acropolis.athenstickets.org\/de\/wp-json\/wp\/v2\/pages\/13254\/revisions"}],"predecessor-version":[{"id":13257,"href":"https:\/\/acropolis.athenstickets.org\/de\/wp-json\/wp\/v2\/pages\/13254\/revisions\/13257"}],"wp:attachment":[{"href":"https:\/\/acropolis.athenstickets.org\/de\/wp-json\/wp\/v2\/media?parent=13254"}],"curies":[{"name":"wp","href":"https:\/\/api.w.org\/{rel}","templated":true}]}}