{"id":13134,"date":"2024-07-08T08:56:34","date_gmt":"2024-07-08T08:56:34","guid":{"rendered":"https:\/\/acropolis.athenstickets.org\/wie-die-akropolis-zum-unesco-weltkulturerbe-wurde\/"},"modified":"2024-07-08T08:58:47","modified_gmt":"2024-07-08T08:58:47","slug":"wie-die-akropolis-zum-unesco-weltkulturerbe-wurde","status":"publish","type":"page","link":"https:\/\/acropolis.athenstickets.org\/de\/wie-die-akropolis-zum-unesco-weltkulturerbe-wurde\/","title":{"rendered":"Wie die Akropolis zum UNESCO-Weltkulturerbe wurde"},"content":{"rendered":"\t\t<div data-elementor-type=\"wp-page\" data-elementor-id=\"13134\" class=\"elementor elementor-13134 elementor-13125\">\n\t\t\t\t\t\t<section class=\"elementor-section elementor-top-section elementor-element elementor-element-eaf8b5e elementor-section-height-min-height elementor-section-boxed elementor-section-height-default elementor-section-items-middle\" data-id=\"eaf8b5e\" data-element_type=\"section\" data-settings=\"{&quot;background_background&quot;:&quot;classic&quot;}\">\n\t\t\t\t\t\t\t<div class=\"elementor-background-overlay\"><\/div>\n\t\t\t\t\t\t\t<div class=\"elementor-container elementor-column-gap-default\">\n\t\t\t\t\t<div class=\"elementor-column elementor-col-50 elementor-top-column elementor-element elementor-element-e9bca08\" data-id=\"e9bca08\" data-element_type=\"column\">\n\t\t\t<div class=\"elementor-widget-wrap elementor-element-populated\">\n\t\t\t\t\t\t<div class=\"elementor-element elementor-element-ec33ddd elementor-widget elementor-widget-heading\" data-id=\"ec33ddd\" data-element_type=\"widget\" data-widget_type=\"heading.default\">\n\t\t\t\t<div class=\"elementor-widget-container\">\n\t\t\t\t\t<h1 class=\"elementor-heading-title elementor-size-default\">Wie die Akropolis zum UNESCO-Weltkulturerbe wurde<\/h1>\t\t\t\t<\/div>\n\t\t\t\t<\/div>\n\t\t\t\t<div class=\"elementor-element elementor-element-c98e3f9 elementor-widget elementor-widget-text-editor\" data-id=\"c98e3f9\" data-element_type=\"widget\" data-widget_type=\"text-editor.default\">\n\t\t\t\t<div class=\"elementor-widget-container\">\n\t\t\t\t\t\t\t\t\t<p>Entdecken Sie die Geschichte, die einzigartigen Merkmale und die Bem\u00fchungen zur Erhaltung der Akropolis von Athen, einer UNESCO-Weltkulturerbest\u00e4tte, und ihre Bedeutung f\u00fcr die griechische Kultur der Antike und der Neuzeit.<\/p>\n\t\t\t\t\t\t\t\t<\/div>\n\t\t\t\t<\/div>\n\t\t\t\t\t<\/div>\n\t\t<\/div>\n\t\t\t\t<div class=\"elementor-column elementor-col-50 elementor-top-column elementor-element elementor-element-4b7394d\" data-id=\"4b7394d\" data-element_type=\"column\">\n\t\t\t<div class=\"elementor-widget-wrap\">\n\t\t\t\t\t\t\t<\/div>\n\t\t<\/div>\n\t\t\t\t\t<\/div>\n\t\t<\/section>\n\t\t\t\t<section class=\"elementor-section elementor-top-section elementor-element elementor-element-0592343 elementor-section-height-min-height elementor-section-boxed elementor-section-height-default elementor-section-items-middle\" data-id=\"0592343\" data-element_type=\"section\" data-settings=\"{&quot;background_background&quot;:&quot;classic&quot;}\">\n\t\t\t\t\t\t<div class=\"elementor-container elementor-column-gap-default\">\n\t\t\t\t\t<div class=\"elementor-column elementor-col-100 elementor-top-column elementor-element elementor-element-a37c454\" data-id=\"a37c454\" data-element_type=\"column\">\n\t\t\t<div class=\"elementor-widget-wrap\">\n\t\t\t\t\t\t\t<\/div>\n\t\t<\/div>\n\t\t\t\t\t<\/div>\n\t\t<\/section>\n\t\t\t\t<section class=\"elementor-section elementor-top-section elementor-element elementor-element-e04d35c elementor-section-boxed elementor-section-height-default elementor-section-height-default\" data-id=\"e04d35c\" data-element_type=\"section\">\n\t\t\t\t\t\t<div class=\"elementor-container elementor-column-gap-default\">\n\t\t\t\t\t<div class=\"elementor-column elementor-col-100 elementor-top-column elementor-element elementor-element-efa916f\" data-id=\"efa916f\" data-element_type=\"column\">\n\t\t\t<div class=\"elementor-widget-wrap elementor-element-populated\">\n\t\t\t\t\t\t<div class=\"elementor-element elementor-element-eb5b09c elementor-widget elementor-widget-text-editor\" data-id=\"eb5b09c\" data-element_type=\"widget\" data-widget_type=\"text-editor.default\">\n\t\t\t\t<div class=\"elementor-widget-container\">\n\t\t\t\t\t\t\t\t\t<p>Die Akropolis von Athen ist nicht nur ein monumentales Symbol der antiken griechischen Zivilisation, sie ist auch ein Leuchtturm des kulturellen Erbes und der architektonischen Brillanz. Diese ikonische St\u00e4tte, die sich majest\u00e4tisch \u00fcber der Stadt Athen erhebt, hat Historiker, Arch\u00e4ologen und Reisende seit Jahrhunderten in ihren Bann gezogen. Seine Bedeutung geht \u00fcber seine physischen Strukturen hinaus und verk\u00f6rpert die k\u00fcnstlerischen und intellektuellen Errungenschaften der klassischen \u00c4ra. 1987 wurde die Akropolis zu Recht als UNESCO-Weltkulturerbe anerkannt, was ihren Status als unsch\u00e4tzbarer Teil der menschlichen Geschichte zementierte. In diesem Beitrag erkunden wir die reiche Geschichte der Akropolis, ihre einzigartigen architektonischen Merkmale, den Weg zum UNESCO-Weltkulturerbe und die laufenden Bem\u00fchungen, diesen zeitlosen Schatz f\u00fcr k\u00fcnftige Generationen zu erhalten.<\/p>\n\t\t\t\t\t\t\t\t<\/div>\n\t\t\t\t<\/div>\n\t\t\t\t<div class=\"elementor-element elementor-element-7e9f0cf elementor-widget elementor-widget-image\" data-id=\"7e9f0cf\" data-element_type=\"widget\" data-widget_type=\"image.default\">\n\t\t\t\t<div class=\"elementor-widget-container\">\n\t\t\t\t\t\t\t\t\t\t\t\t\t\t\t<img fetchpriority=\"high\" decoding=\"async\" width=\"900\" height=\"500\" src=\"https:\/\/acropolis.athenstickets.org\/wp-content\/uploads\/2023\/10\/AcropilisViews.webp\" class=\"attachment-full size-full wp-image-10137\" alt=\"Acropolis viewpoint\" srcset=\"https:\/\/acropolis.athenstickets.org\/wp-content\/uploads\/2023\/10\/AcropilisViews.webp 900w, https:\/\/acropolis.athenstickets.org\/wp-content\/uploads\/2023\/10\/AcropilisViews-300x167.webp 300w, https:\/\/acropolis.athenstickets.org\/wp-content\/uploads\/2023\/10\/AcropilisViews-768x427.webp 768w, https:\/\/acropolis.athenstickets.org\/wp-content\/uploads\/2023\/10\/AcropilisViews-600x333.webp 600w\" sizes=\"(max-width: 900px) 100vw, 900px\" \/>\t\t\t\t\t\t\t\t\t\t\t\t\t\t\t<\/div>\n\t\t\t\t<\/div>\n\t\t\t\t<div class=\"elementor-element elementor-element-e68e22e elementor-widget elementor-widget-heading\" data-id=\"e68e22e\" data-element_type=\"widget\" data-widget_type=\"heading.default\">\n\t\t\t\t<div class=\"elementor-widget-container\">\n\t\t\t\t\t<h2 class=\"elementor-heading-title elementor-size-default\">Die Akropolis: Eine historische St\u00e4tte\n<\/h2>\t\t\t\t<\/div>\n\t\t\t\t<\/div>\n\t\t\t\t<div class=\"elementor-element elementor-element-9893d20 elementor-widget elementor-widget-text-editor\" data-id=\"9893d20\" data-element_type=\"widget\" data-widget_type=\"text-editor.default\">\n\t\t\t\t<div class=\"elementor-widget-container\">\n\t\t\t\t\t\t\t\t\t<p>Auf einem felsigen H\u00fcgel im Herzen von Athen, Griechenland, <b>steht<\/b> die <b>Akropolis als Symbol der antiken Zivilisation und architektonischen Brillanz<\/b>. Diese historische St\u00e4tte aus dem 5. Jahrhundert v. Chr. repr\u00e4sentiert den Zenit der klassischen griechischen Kunst und Kultur. Das Wort &#8222;Akropolis&#8220; selbst bedeutet &#8222;hohe Stadt&#8220;, und sie diente als religi\u00f6ses und zeremonielles Zentrum des antiken Athen.<\/p>\n<p>Die Akropolis beherbergt mehrere bedeutende Bauwerke, vor allem den Parthenon, einen Tempel, der der G\u00f6ttin Athene gewidmet ist, die als Schutzherrin Athens galt. Weitere wichtige Geb\u00e4ude sind das Erechtheion, der Tempel der Athena Nike und die Propyl\u00e4en, das gro\u00dfe Eingangsportal zur Akropolis. Diese Bauwerke wurden unter der F\u00fchrung von Perikles w\u00e4hrend des so genannten Goldenen Zeitalters von Athen errichtet und zeigen die architektonischen und k\u00fcnstlerischen F\u00e4higkeiten der alten Griechen.<\/p>\t\t\t\t\t\t\t\t<\/div>\n\t\t\t\t<\/div>\n\t\t\t\t<div class=\"elementor-element elementor-element-d1851b5 elementor-widget elementor-widget-heading\" data-id=\"d1851b5\" data-element_type=\"widget\" data-widget_type=\"heading.default\">\n\t\t\t\t<div class=\"elementor-widget-container\">\n\t\t\t\t\t<h2 class=\"elementor-heading-title elementor-size-default\">Einzigartige Merkmale der Akropolis\n<\/h2>\t\t\t\t<\/div>\n\t\t\t\t<\/div>\n\t\t\t\t<div class=\"elementor-element elementor-element-e9e6fc9 elementor-widget elementor-widget-text-editor\" data-id=\"e9e6fc9\" data-element_type=\"widget\" data-widget_type=\"text-editor.default\">\n\t\t\t\t<div class=\"elementor-widget-container\">\n\t\t\t\t\t\t\t\t\t<p><b>Die Akropolis ist bekannt f\u00fcr ihre architektonischen Innovationen und k\u00fcnstlerischen Leistungen<\/b>. Der Parthenon zum Beispiel wird f\u00fcr seine perfekten Proportionen und seine komplizierten Skulpturen gefeiert. Der Parthenon wurde von den Architekten Iktinos und Kallikrates entworfen und unter der Leitung von Phidias erbaut. Er verk\u00f6rpert die Prinzipien der klassischen Architektur, darunter Harmonie, Symmetrie und Gleichgewicht. Die dorischen S\u00e4ulen und die gemei\u00dfelten Friese, die Szenen aus der griechischen Mythologie darstellen, sind Meisterwerke der antiken Kunst.<\/p>\n<p>Das Erechtheion ist ein weiteres architektonisches Wunderwerk, bemerkenswert f\u00fcr sein asymmetrisches Design und die ber\u00fchmten Karyatiden, weibliche Figuren, die als S\u00e4ulen dienen. Dieser Tempel wurde gebaut, um dem unebenen Gel\u00e4nde der Akropolis gerecht zu werden und sowohl Athene als auch Poseidon zu ehren, was die komplexen religi\u00f6sen Praktiken des antiken Athen widerspiegelt.<\/p>\n<p>Der Tempel der Athena Nike ist zwar kleiner, aber wegen seiner anmutigen ionischen S\u00e4ulen und des Frieses, das den Sieg der Athener \u00fcber die Perser darstellt, bedeutend. Die Propyl\u00e4en, das gro\u00dfe Tor zur Akropolis, beeindrucken durch ihre monumentalen Ausma\u00dfe und die geschickte Integration von dorischen und ionischen Elementen.<\/p>\t\t\t\t\t\t\t\t<\/div>\n\t\t\t\t<\/div>\n\t\t\t\t<div class=\"elementor-element elementor-element-7ed2777 elementor-widget elementor-widget-heading\" data-id=\"7ed2777\" data-element_type=\"widget\" data-widget_type=\"heading.default\">\n\t\t\t\t<div class=\"elementor-widget-container\">\n\t\t\t\t\t<h2 class=\"elementor-heading-title elementor-size-default\">Wann wurde die Akropolis von der UNESCO zum Weltkulturerbe erkl\u00e4rt?<\/h2>\t\t\t\t<\/div>\n\t\t\t\t<\/div>\n\t\t\t\t<div class=\"elementor-element elementor-element-28a0e7d elementor-widget elementor-widget-text-editor\" data-id=\"28a0e7d\" data-element_type=\"widget\" data-widget_type=\"text-editor.default\">\n\t\t\t\t<div class=\"elementor-widget-container\">\n\t\t\t\t\t\t\t\t\t<p>Die Akropolis wurde 1987 von der UNESCO zum Weltkulturerbe ernannt, in Anerkennung ihres au\u00dfergew\u00f6hnlichen universellen Wertes f\u00fcr die Menschheit. Diese Anerkennung ist ein Zeugnis f\u00fcr die historische, kulturelle und architektonische Bedeutung der Akropolis. Das Verfahren zur Aufnahme in die Liste des UNESCO-Welterbes umfasst eine strenge Bewertung auf der Grundlage von Kriterien wie Authentizit\u00e4t, Integrit\u00e4t und Beitrag zum Welterbe.<\/p>\n<p><b>Die Akropolis erf\u00fcllt mehrere UNESCO-Kriterien<\/b>, darunter die Darstellung eines Meisterwerks des menschlichen Sch\u00f6pfergeistes (Kriterium i), seinen Einfluss auf nachfolgende Kulturen und Zivilisationen (Kriterium ii), und seine Verbindung mit Ideen und \u00dcberzeugungen von universeller Bedeutung (Kriterium vi). Die Erhaltung und Pr\u00e4sentation der antiken griechischen Kultur und ihres Einflusses auf die westliche Zivilisation spielte eine entscheidende Rolle bei der Auswahl der St\u00e4tte als Weltkulturerbe.<\/p>\t\t\t\t\t\t\t\t<\/div>\n\t\t\t\t<\/div>\n\t\t\t\t<div class=\"elementor-element elementor-element-48f52fe elementor-widget elementor-widget-heading\" data-id=\"48f52fe\" data-element_type=\"widget\" data-widget_type=\"heading.default\">\n\t\t\t\t<div class=\"elementor-widget-container\">\n\t\t\t\t\t<h2 class=\"elementor-heading-title elementor-size-default\">Die Akropolis heute<\/h2>\t\t\t\t<\/div>\n\t\t\t\t<\/div>\n\t\t\t\t<div class=\"elementor-element elementor-element-6600b22 elementor-widget elementor-widget-text-editor\" data-id=\"6600b22\" data-element_type=\"widget\" data-widget_type=\"text-editor.default\">\n\t\t\t\t<div class=\"elementor-widget-container\">\n\t\t\t\t\t\t\t\t\t<p>Heute ist die Akropolis weiterhin eine wichtige kulturelle und touristische Attraktion, die jedes Jahr Millionen von Besuchern aus aller Welt anzieht. Die <b>Bem\u00fchungen, die Akropolis von Athen zu erhalten, dauern an, da die St\u00e4tte durch Umweltfaktoren, Tourismus und Urbanisierung vor Herausforderungen steht<\/b>. Die griechische Regierung hat in Zusammenarbeit mit internationalen Organisationen umfangreiche Restaurierungsprojekte durchgef\u00fchrt, um die Akropolis f\u00fcr k\u00fcnftige Generationen zu erhalten.<\/p>\n<p>Eine der bedeutendsten Ma\u00dfnahmen zur Erhaltung der Stadt ist das Akropolis-Restaurierungsprojekt, das in den 1970er Jahren begonnen wurde. Dieses Projekt umfasst akribische Forschung, Dokumentation und Konservierungsarbeiten, um die durch Verschmutzung, nat\u00fcrliche Alterung und fr\u00fchere Restaurierungsversuche entstandenen Sch\u00e4den zu beheben. Bei dem Projekt wurden fortschrittliche Technologien und traditionelle Handwerkskunst eingesetzt, um die strukturelle Integrit\u00e4t und den \u00e4sthetischen Wert der Monumente wiederherzustellen.<\/p>\n\t\t\t\t\t\t\t\t<\/div>\n\t\t\t\t<\/div>\n\t\t\t\t<div class=\"elementor-element elementor-element-41914a4 elementor-widget elementor-widget-heading\" data-id=\"41914a4\" data-element_type=\"widget\" data-widget_type=\"heading.default\">\n\t\t\t\t<div class=\"elementor-widget-container\">\n\t\t\t\t\t<h2 class=\"elementor-heading-title elementor-size-default\">Schlussfolgerung zur Akropolis als Weltkulturerbe<\/h2>\t\t\t\t<\/div>\n\t\t\t\t<\/div>\n\t\t\t\t<div class=\"elementor-element elementor-element-15a154b elementor-widget elementor-widget-text-editor\" data-id=\"15a154b\" data-element_type=\"widget\" data-widget_type=\"text-editor.default\">\n\t\t\t\t<div class=\"elementor-widget-container\">\n\t\t\t\t\t\t\t\t\t<p>Die Akropolis von Athen ist ein monumentales Zeugnis der antiken griechischen Zivilisation und verk\u00f6rpert die kulturellen, k\u00fcnstlerischen und architektonischen Errungenschaften der klassischen \u00c4ra. Seine Ernennung zum UNESCO-Weltkulturerbe unterstreicht seinen universellen Wert und die Notwendigkeit, dieses ikonische Wahrzeichen f\u00fcr k\u00fcnftige Generationen zu erhalten.<\/p>\n<p>Die laufenden Restaurierungs- und Konservierungsarbeiten unterstreichen das Engagement der internationalen Gemeinschaft, die Akropolis vor dem Zahn der Zeit, der Umweltverschmutzung und dem menschlichen Einfluss zu sch\u00fctzen. Durch die Kombination fortschrittlicher Technologien mit traditionellen Techniken wird versucht, die Integrit\u00e4t und Authentizit\u00e4t der Akropolis zu bewahren und gleichzeitig sicherzustellen, dass sie f\u00fcr Besucher aus aller Welt zug\u00e4nglich und inspirierend bleibt.<\/p>\n<p>Wenn wir die Akropolis weiterhin bewundern und studieren, dient sie nicht nur als Bindeglied zu unserer Vergangenheit, sondern auch als Erinnerung an die ungebrochene Kraft der menschlichen Kreativit\u00e4t und die Bedeutung der Bewahrung unseres gemeinsamen Erbes.<\/p>\n\t\t\t\t\t\t\t\t<\/div>\n\t\t\t\t<\/div>\n\t\t\t\t\t<\/div>\n\t\t<\/div>\n\t\t\t\t\t<\/div>\n\t\t<\/section>\n\t\t\t\t<\/div>\n\t\t","protected":false},"excerpt":{"rendered":"<p>Wie die Akropolis zum UNESCO-Weltkulturerbe wurde Entdecken Sie die Geschichte, die einzigartigen Merkmale und die Bem\u00fchungen zur Erhaltung der Akropolis von Athen, einer UNESCO-Weltkulturerbest\u00e4tte, und ihre Bedeutung f\u00fcr die griechische Kultur der Antike und der Neuzeit. Die Akropolis von Athen ist nicht nur ein monumentales Symbol der antiken griechischen Zivilisation, sie ist auch ein Leuchtturm [&hellip;]<\/p>\n","protected":false},"author":1,"featured_media":0,"parent":0,"menu_order":0,"comment_status":"closed","ping_status":"closed","template":"elementor_header_footer","meta":{"footnotes":""},"class_list":["post-13134","page","type-page","status-publish","hentry"],"yoast_head":"<!-- This site is optimized with the Yoast SEO plugin v26.8 - https:\/\/yoast.com\/product\/yoast-seo-wordpress\/ -->\n<title>Die Akropolis als UNESCO-Weltkulturerbe<\/title>\n<meta name=\"description\" content=\"Entdecken Sie die Geschichte, die einzigartigen Merkmale und die Bem\u00fchungen zur Erhaltung der Akropolis von Athen, die zum UNESCO-Weltkulturerbe geh\u00f6rt.\" \/>\n<meta name=\"robots\" content=\"index, follow, max-snippet:-1, max-image-preview:large, max-video-preview:-1\" \/>\n<link rel=\"canonical\" href=\"https:\/\/acropolis.athenstickets.org\/de\/wie-die-akropolis-zum-unesco-weltkulturerbe-wurde\/\" \/>\n<meta property=\"og:locale\" content=\"de_DE\" \/>\n<meta property=\"og:type\" content=\"article\" \/>\n<meta property=\"og:title\" content=\"Die Akropolis als UNESCO-Weltkulturerbe\" \/>\n<meta property=\"og:description\" content=\"Entdecken Sie die Geschichte, die einzigartigen Merkmale und die Bem\u00fchungen zur Erhaltung der Akropolis von Athen, die zum UNESCO-Weltkulturerbe geh\u00f6rt.\" \/>\n<meta property=\"og:url\" content=\"https:\/\/acropolis.athenstickets.org\/de\/wie-die-akropolis-zum-unesco-weltkulturerbe-wurde\/\" \/>\n<meta property=\"og:site_name\" content=\"Acropolis tickets\" \/>\n<meta property=\"article:modified_time\" content=\"2024-07-08T08:58:47+00:00\" \/>\n<meta property=\"og:image\" content=\"https:\/\/acropolis.athenstickets.org\/wp-content\/uploads\/2023\/10\/AcropilisViews.webp\" \/>\n<meta name=\"twitter:card\" content=\"summary_large_image\" \/>\n<meta name=\"twitter:label1\" content=\"Gesch\u00e4tzte Lesezeit\" \/>\n\t<meta name=\"twitter:data1\" content=\"5\u00a0Minuten\" \/>\n<script type=\"application\/ld+json\" class=\"yoast-schema-graph\">{\"@context\":\"https:\/\/schema.org\",\"@graph\":[{\"@type\":\"WebPage\",\"@id\":\"https:\/\/acropolis.athenstickets.org\/de\/wie-die-akropolis-zum-unesco-weltkulturerbe-wurde\/\",\"url\":\"https:\/\/acropolis.athenstickets.org\/de\/wie-die-akropolis-zum-unesco-weltkulturerbe-wurde\/\",\"name\":\"Die Akropolis als UNESCO-Weltkulturerbe\",\"isPartOf\":{\"@id\":\"https:\/\/acropolis.athenstickets.org\/de\/#website\"},\"primaryImageOfPage\":{\"@id\":\"https:\/\/acropolis.athenstickets.org\/de\/wie-die-akropolis-zum-unesco-weltkulturerbe-wurde\/#primaryimage\"},\"image\":{\"@id\":\"https:\/\/acropolis.athenstickets.org\/de\/wie-die-akropolis-zum-unesco-weltkulturerbe-wurde\/#primaryimage\"},\"thumbnailUrl\":\"https:\/\/acropolis.athenstickets.org\/wp-content\/uploads\/2023\/10\/AcropilisViews.webp\",\"datePublished\":\"2024-07-08T08:56:34+00:00\",\"dateModified\":\"2024-07-08T08:58:47+00:00\",\"description\":\"Entdecken Sie die Geschichte, die einzigartigen Merkmale und die Bem\u00fchungen zur Erhaltung der Akropolis von Athen, die zum UNESCO-Weltkulturerbe geh\u00f6rt.\",\"breadcrumb\":{\"@id\":\"https:\/\/acropolis.athenstickets.org\/de\/wie-die-akropolis-zum-unesco-weltkulturerbe-wurde\/#breadcrumb\"},\"inLanguage\":\"de\",\"potentialAction\":[{\"@type\":\"ReadAction\",\"target\":[\"https:\/\/acropolis.athenstickets.org\/de\/wie-die-akropolis-zum-unesco-weltkulturerbe-wurde\/\"]}]},{\"@type\":\"ImageObject\",\"inLanguage\":\"de\",\"@id\":\"https:\/\/acropolis.athenstickets.org\/de\/wie-die-akropolis-zum-unesco-weltkulturerbe-wurde\/#primaryimage\",\"url\":\"https:\/\/acropolis.athenstickets.org\/wp-content\/uploads\/2023\/10\/AcropilisViews.webp\",\"contentUrl\":\"https:\/\/acropolis.athenstickets.org\/wp-content\/uploads\/2023\/10\/AcropilisViews.webp\"},{\"@type\":\"BreadcrumbList\",\"@id\":\"https:\/\/acropolis.athenstickets.org\/de\/wie-die-akropolis-zum-unesco-weltkulturerbe-wurde\/#breadcrumb\",\"itemListElement\":[{\"@type\":\"ListItem\",\"position\":1,\"name\":\"Home\",\"item\":\"https:\/\/acropolis.athenstickets.org\/de\/\"},{\"@type\":\"ListItem\",\"position\":2,\"name\":\"Wie die Akropolis zum UNESCO-Weltkulturerbe wurde\"}]},{\"@type\":\"WebSite\",\"@id\":\"https:\/\/acropolis.athenstickets.org\/de\/#website\",\"url\":\"https:\/\/acropolis.athenstickets.org\/de\/\",\"name\":\"Acropolis tickets\",\"description\":\"\",\"publisher\":{\"@id\":\"https:\/\/acropolis.athenstickets.org\/de\/#organization\"},\"potentialAction\":[{\"@type\":\"SearchAction\",\"target\":{\"@type\":\"EntryPoint\",\"urlTemplate\":\"https:\/\/acropolis.athenstickets.org\/de\/?s={search_term_string}\"},\"query-input\":{\"@type\":\"PropertyValueSpecification\",\"valueRequired\":true,\"valueName\":\"search_term_string\"}}],\"inLanguage\":\"de\"},{\"@type\":\"Organization\",\"@id\":\"https:\/\/acropolis.athenstickets.org\/de\/#organization\",\"name\":\"Acropolis tickets\",\"url\":\"https:\/\/acropolis.athenstickets.org\/de\/\",\"logo\":{\"@type\":\"ImageObject\",\"inLanguage\":\"de\",\"@id\":\"https:\/\/acropolis.athenstickets.org\/de\/#\/schema\/logo\/image\/\",\"url\":\"https:\/\/acropolis.athenstickets.org\/wp-content\/uploads\/2024\/12\/Group-1089-1.png\",\"contentUrl\":\"https:\/\/acropolis.athenstickets.org\/wp-content\/uploads\/2024\/12\/Group-1089-1.png\",\"width\":395,\"height\":64,\"caption\":\"Acropolis tickets\"},\"image\":{\"@id\":\"https:\/\/acropolis.athenstickets.org\/de\/#\/schema\/logo\/image\/\"}}]}<\/script>\n<!-- \/ Yoast SEO plugin. -->","yoast_head_json":{"title":"Die Akropolis als UNESCO-Weltkulturerbe","description":"Entdecken Sie die Geschichte, die einzigartigen Merkmale und die Bem\u00fchungen zur Erhaltung der Akropolis von Athen, die zum UNESCO-Weltkulturerbe geh\u00f6rt.","robots":{"index":"index","follow":"follow","max-snippet":"max-snippet:-1","max-image-preview":"max-image-preview:large","max-video-preview":"max-video-preview:-1"},"canonical":"https:\/\/acropolis.athenstickets.org\/de\/wie-die-akropolis-zum-unesco-weltkulturerbe-wurde\/","og_locale":"de_DE","og_type":"article","og_title":"Die Akropolis als UNESCO-Weltkulturerbe","og_description":"Entdecken Sie die Geschichte, die einzigartigen Merkmale und die Bem\u00fchungen zur Erhaltung der Akropolis von Athen, die zum UNESCO-Weltkulturerbe geh\u00f6rt.","og_url":"https:\/\/acropolis.athenstickets.org\/de\/wie-die-akropolis-zum-unesco-weltkulturerbe-wurde\/","og_site_name":"Acropolis tickets","article_modified_time":"2024-07-08T08:58:47+00:00","og_image":[{"url":"https:\/\/acropolis.athenstickets.org\/wp-content\/uploads\/2023\/10\/AcropilisViews.webp","type":"","width":"","height":""}],"twitter_card":"summary_large_image","twitter_misc":{"Gesch\u00e4tzte Lesezeit":"5\u00a0Minuten"},"schema":{"@context":"https:\/\/schema.org","@graph":[{"@type":"WebPage","@id":"https:\/\/acropolis.athenstickets.org\/de\/wie-die-akropolis-zum-unesco-weltkulturerbe-wurde\/","url":"https:\/\/acropolis.athenstickets.org\/de\/wie-die-akropolis-zum-unesco-weltkulturerbe-wurde\/","name":"Die Akropolis als UNESCO-Weltkulturerbe","isPartOf":{"@id":"https:\/\/acropolis.athenstickets.org\/de\/#website"},"primaryImageOfPage":{"@id":"https:\/\/acropolis.athenstickets.org\/de\/wie-die-akropolis-zum-unesco-weltkulturerbe-wurde\/#primaryimage"},"image":{"@id":"https:\/\/acropolis.athenstickets.org\/de\/wie-die-akropolis-zum-unesco-weltkulturerbe-wurde\/#primaryimage"},"thumbnailUrl":"https:\/\/acropolis.athenstickets.org\/wp-content\/uploads\/2023\/10\/AcropilisViews.webp","datePublished":"2024-07-08T08:56:34+00:00","dateModified":"2024-07-08T08:58:47+00:00","description":"Entdecken Sie die Geschichte, die einzigartigen Merkmale und die Bem\u00fchungen zur Erhaltung der Akropolis von Athen, die zum UNESCO-Weltkulturerbe geh\u00f6rt.","breadcrumb":{"@id":"https:\/\/acropolis.athenstickets.org\/de\/wie-die-akropolis-zum-unesco-weltkulturerbe-wurde\/#breadcrumb"},"inLanguage":"de","potentialAction":[{"@type":"ReadAction","target":["https:\/\/acropolis.athenstickets.org\/de\/wie-die-akropolis-zum-unesco-weltkulturerbe-wurde\/"]}]},{"@type":"ImageObject","inLanguage":"de","@id":"https:\/\/acropolis.athenstickets.org\/de\/wie-die-akropolis-zum-unesco-weltkulturerbe-wurde\/#primaryimage","url":"https:\/\/acropolis.athenstickets.org\/wp-content\/uploads\/2023\/10\/AcropilisViews.webp","contentUrl":"https:\/\/acropolis.athenstickets.org\/wp-content\/uploads\/2023\/10\/AcropilisViews.webp"},{"@type":"BreadcrumbList","@id":"https:\/\/acropolis.athenstickets.org\/de\/wie-die-akropolis-zum-unesco-weltkulturerbe-wurde\/#breadcrumb","itemListElement":[{"@type":"ListItem","position":1,"name":"Home","item":"https:\/\/acropolis.athenstickets.org\/de\/"},{"@type":"ListItem","position":2,"name":"Wie die Akropolis zum UNESCO-Weltkulturerbe wurde"}]},{"@type":"WebSite","@id":"https:\/\/acropolis.athenstickets.org\/de\/#website","url":"https:\/\/acropolis.athenstickets.org\/de\/","name":"Acropolis tickets","description":"","publisher":{"@id":"https:\/\/acropolis.athenstickets.org\/de\/#organization"},"potentialAction":[{"@type":"SearchAction","target":{"@type":"EntryPoint","urlTemplate":"https:\/\/acropolis.athenstickets.org\/de\/?s={search_term_string}"},"query-input":{"@type":"PropertyValueSpecification","valueRequired":true,"valueName":"search_term_string"}}],"inLanguage":"de"},{"@type":"Organization","@id":"https:\/\/acropolis.athenstickets.org\/de\/#organization","name":"Acropolis tickets","url":"https:\/\/acropolis.athenstickets.org\/de\/","logo":{"@type":"ImageObject","inLanguage":"de","@id":"https:\/\/acropolis.athenstickets.org\/de\/#\/schema\/logo\/image\/","url":"https:\/\/acropolis.athenstickets.org\/wp-content\/uploads\/2024\/12\/Group-1089-1.png","contentUrl":"https:\/\/acropolis.athenstickets.org\/wp-content\/uploads\/2024\/12\/Group-1089-1.png","width":395,"height":64,"caption":"Acropolis tickets"},"image":{"@id":"https:\/\/acropolis.athenstickets.org\/de\/#\/schema\/logo\/image\/"}}]}},"_links":{"self":[{"href":"https:\/\/acropolis.athenstickets.org\/de\/wp-json\/wp\/v2\/pages\/13134","targetHints":{"allow":["GET"]}}],"collection":[{"href":"https:\/\/acropolis.athenstickets.org\/de\/wp-json\/wp\/v2\/pages"}],"about":[{"href":"https:\/\/acropolis.athenstickets.org\/de\/wp-json\/wp\/v2\/types\/page"}],"author":[{"embeddable":true,"href":"https:\/\/acropolis.athenstickets.org\/de\/wp-json\/wp\/v2\/users\/1"}],"replies":[{"embeddable":true,"href":"https:\/\/acropolis.athenstickets.org\/de\/wp-json\/wp\/v2\/comments?post=13134"}],"version-history":[{"count":2,"href":"https:\/\/acropolis.athenstickets.org\/de\/wp-json\/wp\/v2\/pages\/13134\/revisions"}],"predecessor-version":[{"id":13145,"href":"https:\/\/acropolis.athenstickets.org\/de\/wp-json\/wp\/v2\/pages\/13134\/revisions\/13145"}],"wp:attachment":[{"href":"https:\/\/acropolis.athenstickets.org\/de\/wp-json\/wp\/v2\/media?parent=13134"}],"curies":[{"name":"wp","href":"https:\/\/api.w.org\/{rel}","templated":true}]}}