{"id":11581,"date":"2024-04-11T08:42:02","date_gmt":"2024-04-11T08:42:02","guid":{"rendered":"https:\/\/acropolis.athenstickets.org\/ueber-uns\/"},"modified":"2024-07-26T11:02:59","modified_gmt":"2024-07-26T11:02:59","slug":"ueber-uns","status":"publish","type":"page","link":"https:\/\/acropolis.athenstickets.org\/de\/ueber-uns\/","title":{"rendered":"\u00dcber uns"},"content":{"rendered":"\t\t<div data-elementor-type=\"wp-page\" data-elementor-id=\"11581\" class=\"elementor elementor-11581 elementor-11568\">\n\t\t\t\t\t\t<section class=\"elementor-section elementor-top-section elementor-element elementor-element-4aac332a elementor-section-boxed elementor-section-height-default elementor-section-height-default\" data-id=\"4aac332a\" data-element_type=\"section\">\n\t\t\t\t\t\t<div class=\"elementor-container elementor-column-gap-default\">\n\t\t\t\t\t<div class=\"elementor-column elementor-col-100 elementor-top-column elementor-element elementor-element-6a120b93\" data-id=\"6a120b93\" data-element_type=\"column\">\n\t\t\t<div class=\"elementor-widget-wrap elementor-element-populated\">\n\t\t\t\t\t\t<div class=\"elementor-element elementor-element-789ca3fa elementor-widget elementor-widget-heading\" data-id=\"789ca3fa\" data-element_type=\"widget\" data-widget_type=\"heading.default\">\n\t\t\t\t<div class=\"elementor-widget-container\">\n\t\t\t\t\t<h1 class=\"elementor-heading-title elementor-size-default\">\u00dcber Akropolis Tickets<\/h1>\t\t\t\t<\/div>\n\t\t\t\t<\/div>\n\t\t\t\t<div class=\"elementor-element elementor-element-fa6c7a7 elementor-widget elementor-widget-text-editor\" data-id=\"fa6c7a7\" data-element_type=\"widget\" data-widget_type=\"text-editor.default\">\n\t\t\t\t<div class=\"elementor-widget-container\">\n\t\t\t\t\t\t\t\t\t<p>Entdecken Sie die Essenz unserer <b>Akropolis-Tickets<\/b> Website &#8211; Ihr Tor zu einem perfekten Athen-Erlebnis.<\/p>\n<p>Willkommen bei Akropolis Tickets! Wir sind ein leidenschaftliches Team, das sich daf\u00fcr einsetzt, dass Ihr Aufenthalt in Athen unvergesslich wird. Wir haben eine Leidenschaft f\u00fcr <b>Denkm\u00e4ler, Attraktionen und die Erkundung verschiedener Kulturen auf der ganzen Welt<\/b>. Wir sind stolz darauf, unser Wissen und unseren Enthusiasmus mit Ihnen zu teilen, damit Sie die historische und kulturelle Gr\u00f6\u00dfe Athens auf die spannendste und bereicherndste Art und Weise entdecken k\u00f6nnen.<\/p>\n<p>Mit uns werden Sie nicht nur Zugang zu den Sch\u00e4tzen der Akropolis erhalten, sondern auch in den Reichtum ihrer Vergangenheit, Gegenwart und Zukunft eintauchen. Wir begleiten Sie auf Schritt und Tritt, von der <b>Ticketbuchung bis hin zu Expertentipps, damit Sie das Beste aus Ihrem Besuch machen<\/b>.<\/p>\n<p>Begleiten Sie uns auf diesem aufregenden Abenteuer, wenn wir gemeinsam die majest\u00e4tische Akropolis erkunden und die Sch\u00f6nheit und Vielfalt unserer Welt feiern. Machen Sie sich bereit f\u00fcr ein Erlebnis, das Sie in Erstaunen versetzen wird und an das Sie sich ein Leben lang erinnern werden!<\/p>\n\t\t\t\t\t\t\t\t<\/div>\n\t\t\t\t<\/div>\n\t\t\t\t<div class=\"elementor-element elementor-element-6c300864 elementor-widget elementor-widget-heading\" data-id=\"6c300864\" data-element_type=\"widget\" data-widget_type=\"heading.default\">\n\t\t\t\t<div class=\"elementor-widget-container\">\n\t\t\t\t\t<h2 class=\"elementor-heading-title elementor-size-default\">Wer sind Akropolis Tickets?  \n<\/h2>\t\t\t\t<\/div>\n\t\t\t\t<\/div>\n\t\t\t\t<div class=\"elementor-element elementor-element-13037178 elementor-widget elementor-widget-text-editor\" data-id=\"13037178\" data-element_type=\"widget\" data-widget_type=\"text-editor.default\">\n\t\t\t\t<div class=\"elementor-widget-container\">\n\t\t\t\t\t\t\t\t\t<p>Wir von Akropolis Tickets sind ein engagiertes Team von Kulturliebhabern und Tourismusexperten, die ein einziges Ziel verfolgen: <b>Ihren Besuch in Athen zu einem unvergesslichen <\/b>Erlebnis zu machen, und zwar von dem Moment an, in dem Sie sich Ihr Ticket sichern. Unser Ziel ist es, Ihnen die M\u00f6glichkeit zu geben, voll und ganz in den kulturellen Reichtum einzutauchen, der Sie erwartet.<\/p>\n\t\t\t\t\t\t\t\t<\/div>\n\t\t\t\t<\/div>\n\t\t\t\t<div class=\"elementor-element elementor-element-29b2c94c elementor-widget elementor-widget-heading\" data-id=\"29b2c94c\" data-element_type=\"widget\" data-widget_type=\"heading.default\">\n\t\t\t\t<div class=\"elementor-widget-container\">\n\t\t\t\t\t<h2 class=\"elementor-heading-title elementor-size-default\">Unser Wesen\n<\/h2>\t\t\t\t<\/div>\n\t\t\t\t<\/div>\n\t\t\t\t<div class=\"elementor-element elementor-element-6f50dd00 elementor-widget elementor-widget-text-editor\" data-id=\"6f50dd00\" data-element_type=\"widget\" data-widget_type=\"text-editor.default\">\n\t\t\t\t<div class=\"elementor-widget-container\">\n\t\t\t\t\t\t\t\t\t<p>Das Wesen von Acropolis Tickets liegt in unserer tief verwurzelten Leidenschaft f\u00fcr Geschichte, Kultur und die Wunder der Welt. Wir glauben an die transformative Kraft des Reisens und Entdeckens, und wir bem\u00fchen uns, dieselbe Leidenschaft in jedem Besucher zu wecken, der durch die Tore von Acropolis geht. Mit einer Mischung aus Fachwissen, Hingabe und echter Liebe zu dem, was wir tun, wollen wir f\u00fcr alle, die sich mit uns auf diese Reise begeben, Momente des Staunens, der Inspiration und der Entdeckung schaffen.<\/p>\n<p>Wir sind mehr als nur ein Buchungsservice; wir sind Ihre Begleiter auf einer Reise, auf der Sie die reiche Geschichte, die exquisite Kunst und die zeitlose Sch\u00f6nheit der Akropolis entdecken k\u00f6nnen. Wir <b>haben uns auf den Online-Verkauf von Eintrittskarten f\u00fcr Museen und kulturelle Sehensw\u00fcrdigkeiten spezialisiert<\/b> und bieten Reisenden auf der ganzen Welt eine Vielzahl von M\u00f6glichkeiten, in besondere kulturelle Begegnungen einzutauchen.<\/p>\n<p>Unsere Aufgabe ist es, den lebendigen Wandteppich der Akropolis-Kultur zu enth\u00fcllen und Ihnen Zugang zu den dauerhaften Meisterwerken zu gew\u00e4hren, die unz\u00e4hlige Menschen in ihren Bann gezogen haben.<\/p>\n<p>Garantierter Eintritt: Mit den Akropolis-Tickets <b>ist Ihr Eintritt in die Attraktion garantiert<\/b>.<\/p>\t\t\t\t\t\t\t\t<\/div>\n\t\t\t\t<\/div>\n\t\t\t\t<div class=\"elementor-element elementor-element-7533a90b elementor-widget elementor-widget-heading\" data-id=\"7533a90b\" data-element_type=\"widget\" data-widget_type=\"heading.default\">\n\t\t\t\t<div class=\"elementor-widget-container\">\n\t\t\t\t\t<h2 class=\"elementor-heading-title elementor-size-default\">Unser Auftrag\n<\/h2>\t\t\t\t<\/div>\n\t\t\t\t<\/div>\n\t\t\t\t<div class=\"elementor-element elementor-element-7e768ebf elementor-widget elementor-widget-text-editor\" data-id=\"7e768ebf\" data-element_type=\"widget\" data-widget_type=\"text-editor.default\">\n\t\t\t\t<div class=\"elementor-widget-container\">\n\t\t\t\t\t\t\t\t\t<p>Unsere Mission ist einfach und doch tiefgr\u00fcndig: Wir wollen Ihr zuverl\u00e4ssiger Begleiter sein, um die Pracht von Akropolis zu entdecken. Durch nahtlosen Zugang, aufschlussreiche Beratung und unvergleichlichen Service sorgen wir daf\u00fcr, dass Ihr Besuch bei Akropolis zu einem ganz besonderen Erlebnis wird.<\/p>\n<p>Ganz gleich, ob Sie ein Geschichtsinteressierter, ein Kunstliebhaber oder einfach ein neugieriger Reisender sind, unser Ziel ist es, Ihre Erfahrungen zu bereichern, Ihr Verst\u00e4ndnis zu vertiefen und Ihnen Erinnerungen zu hinterlassen, die ein Leben lang halten. Begleiten Sie uns auf unserem gemeinsamen Weg, die Vergangenheit zu erforschen, die Gegenwart zu begreifen und die Zukunft der kulturellen Erkundung in Athen zu gestalten.<\/p>\n\t\t\t\t\t\t\t\t<\/div>\n\t\t\t\t<\/div>\n\t\t\t\t\t<\/div>\n\t\t<\/div>\n\t\t\t\t\t<\/div>\n\t\t<\/section>\n\t\t\t\t<\/div>\n\t\t","protected":false},"excerpt":{"rendered":"<p>\u00dcber Akropolis Tickets Entdecken Sie die Essenz unserer Akropolis-Tickets Website &#8211; Ihr Tor zu einem perfekten Athen-Erlebnis. Willkommen bei Akropolis Tickets! Wir sind ein leidenschaftliches Team, das sich daf\u00fcr einsetzt, dass Ihr Aufenthalt in Athen unvergesslich wird. Wir haben eine Leidenschaft f\u00fcr Denkm\u00e4ler, Attraktionen und die Erkundung verschiedener Kulturen auf der ganzen Welt. Wir sind [&hellip;]<\/p>\n","protected":false},"author":1,"featured_media":0,"parent":0,"menu_order":0,"comment_status":"closed","ping_status":"closed","template":"elementor_header_footer","meta":{"footnotes":""},"class_list":["post-11581","page","type-page","status-publish","hentry"],"yoast_head":"<!-- This site is optimized with the Yoast SEO plugin v26.8 - https:\/\/yoast.com\/product\/yoast-seo-wordpress\/ -->\n<title>\u00dcber uns - Entdecken Sie Akropolis Tickets &amp; Touren<\/title>\n<meta name=\"description\" content=\"Akropolis Tickets ist eine ideale Reiseplattform, um Tickets f\u00fcr die Akropolis und das Akropolismuseum in Ihrem n\u00e4chsten Urlaub in Athen zu buchen.\" \/>\n<meta name=\"robots\" content=\"index, follow, max-snippet:-1, max-image-preview:large, max-video-preview:-1\" \/>\n<link rel=\"canonical\" href=\"https:\/\/acropolis.athenstickets.org\/de\/ueber-uns\/\" \/>\n<meta property=\"og:locale\" content=\"de_DE\" \/>\n<meta property=\"og:type\" content=\"article\" \/>\n<meta property=\"og:title\" content=\"\u00dcber uns - Entdecken Sie Akropolis Tickets &amp; Touren\" \/>\n<meta property=\"og:description\" content=\"Akropolis Tickets ist eine ideale Reiseplattform, um Tickets f\u00fcr die Akropolis und das Akropolismuseum in Ihrem n\u00e4chsten Urlaub in Athen zu buchen.\" \/>\n<meta property=\"og:url\" content=\"https:\/\/acropolis.athenstickets.org\/de\/ueber-uns\/\" \/>\n<meta property=\"og:site_name\" content=\"Acropolis tickets\" \/>\n<meta property=\"article:modified_time\" content=\"2024-07-26T11:02:59+00:00\" \/>\n<meta name=\"twitter:card\" content=\"summary_large_image\" \/>\n<meta name=\"twitter:label1\" content=\"Gesch\u00e4tzte Lesezeit\" \/>\n\t<meta name=\"twitter:data1\" content=\"3\u00a0Minuten\" \/>\n<script type=\"application\/ld+json\" class=\"yoast-schema-graph\">{\"@context\":\"https:\/\/schema.org\",\"@graph\":[{\"@type\":\"WebPage\",\"@id\":\"https:\/\/acropolis.athenstickets.org\/de\/ueber-uns\/\",\"url\":\"https:\/\/acropolis.athenstickets.org\/de\/ueber-uns\/\",\"name\":\"\u00dcber uns - Entdecken Sie Akropolis Tickets & Touren\",\"isPartOf\":{\"@id\":\"https:\/\/acropolis.athenstickets.org\/de\/#website\"},\"datePublished\":\"2024-04-11T08:42:02+00:00\",\"dateModified\":\"2024-07-26T11:02:59+00:00\",\"description\":\"Akropolis Tickets ist eine ideale Reiseplattform, um Tickets f\u00fcr die Akropolis und das Akropolismuseum in Ihrem n\u00e4chsten Urlaub in Athen zu buchen.\",\"breadcrumb\":{\"@id\":\"https:\/\/acropolis.athenstickets.org\/de\/ueber-uns\/#breadcrumb\"},\"inLanguage\":\"de\",\"potentialAction\":[{\"@type\":\"ReadAction\",\"target\":[\"https:\/\/acropolis.athenstickets.org\/de\/ueber-uns\/\"]}]},{\"@type\":\"BreadcrumbList\",\"@id\":\"https:\/\/acropolis.athenstickets.org\/de\/ueber-uns\/#breadcrumb\",\"itemListElement\":[{\"@type\":\"ListItem\",\"position\":1,\"name\":\"Home\",\"item\":\"https:\/\/acropolis.athenstickets.org\/de\/\"},{\"@type\":\"ListItem\",\"position\":2,\"name\":\"\u00dcber uns\"}]},{\"@type\":\"WebSite\",\"@id\":\"https:\/\/acropolis.athenstickets.org\/de\/#website\",\"url\":\"https:\/\/acropolis.athenstickets.org\/de\/\",\"name\":\"Acropolis tickets\",\"description\":\"\",\"publisher\":{\"@id\":\"https:\/\/acropolis.athenstickets.org\/de\/#organization\"},\"potentialAction\":[{\"@type\":\"SearchAction\",\"target\":{\"@type\":\"EntryPoint\",\"urlTemplate\":\"https:\/\/acropolis.athenstickets.org\/de\/?s={search_term_string}\"},\"query-input\":{\"@type\":\"PropertyValueSpecification\",\"valueRequired\":true,\"valueName\":\"search_term_string\"}}],\"inLanguage\":\"de\"},{\"@type\":\"Organization\",\"@id\":\"https:\/\/acropolis.athenstickets.org\/de\/#organization\",\"name\":\"Acropolis tickets\",\"url\":\"https:\/\/acropolis.athenstickets.org\/de\/\",\"logo\":{\"@type\":\"ImageObject\",\"inLanguage\":\"de\",\"@id\":\"https:\/\/acropolis.athenstickets.org\/de\/#\/schema\/logo\/image\/\",\"url\":\"https:\/\/acropolis.athenstickets.org\/wp-content\/uploads\/2024\/12\/Group-1089-1.png\",\"contentUrl\":\"https:\/\/acropolis.athenstickets.org\/wp-content\/uploads\/2024\/12\/Group-1089-1.png\",\"width\":395,\"height\":64,\"caption\":\"Acropolis tickets\"},\"image\":{\"@id\":\"https:\/\/acropolis.athenstickets.org\/de\/#\/schema\/logo\/image\/\"}}]}<\/script>\n<!-- \/ Yoast SEO plugin. -->","yoast_head_json":{"title":"\u00dcber uns - Entdecken Sie Akropolis Tickets & Touren","description":"Akropolis Tickets ist eine ideale Reiseplattform, um Tickets f\u00fcr die Akropolis und das Akropolismuseum in Ihrem n\u00e4chsten Urlaub in Athen zu buchen.","robots":{"index":"index","follow":"follow","max-snippet":"max-snippet:-1","max-image-preview":"max-image-preview:large","max-video-preview":"max-video-preview:-1"},"canonical":"https:\/\/acropolis.athenstickets.org\/de\/ueber-uns\/","og_locale":"de_DE","og_type":"article","og_title":"\u00dcber uns - Entdecken Sie Akropolis Tickets & Touren","og_description":"Akropolis Tickets ist eine ideale Reiseplattform, um Tickets f\u00fcr die Akropolis und das Akropolismuseum in Ihrem n\u00e4chsten Urlaub in Athen zu buchen.","og_url":"https:\/\/acropolis.athenstickets.org\/de\/ueber-uns\/","og_site_name":"Acropolis tickets","article_modified_time":"2024-07-26T11:02:59+00:00","twitter_card":"summary_large_image","twitter_misc":{"Gesch\u00e4tzte Lesezeit":"3\u00a0Minuten"},"schema":{"@context":"https:\/\/schema.org","@graph":[{"@type":"WebPage","@id":"https:\/\/acropolis.athenstickets.org\/de\/ueber-uns\/","url":"https:\/\/acropolis.athenstickets.org\/de\/ueber-uns\/","name":"\u00dcber uns - Entdecken Sie Akropolis Tickets & Touren","isPartOf":{"@id":"https:\/\/acropolis.athenstickets.org\/de\/#website"},"datePublished":"2024-04-11T08:42:02+00:00","dateModified":"2024-07-26T11:02:59+00:00","description":"Akropolis Tickets ist eine ideale Reiseplattform, um Tickets f\u00fcr die Akropolis und das Akropolismuseum in Ihrem n\u00e4chsten Urlaub in Athen zu buchen.","breadcrumb":{"@id":"https:\/\/acropolis.athenstickets.org\/de\/ueber-uns\/#breadcrumb"},"inLanguage":"de","potentialAction":[{"@type":"ReadAction","target":["https:\/\/acropolis.athenstickets.org\/de\/ueber-uns\/"]}]},{"@type":"BreadcrumbList","@id":"https:\/\/acropolis.athenstickets.org\/de\/ueber-uns\/#breadcrumb","itemListElement":[{"@type":"ListItem","position":1,"name":"Home","item":"https:\/\/acropolis.athenstickets.org\/de\/"},{"@type":"ListItem","position":2,"name":"\u00dcber uns"}]},{"@type":"WebSite","@id":"https:\/\/acropolis.athenstickets.org\/de\/#website","url":"https:\/\/acropolis.athenstickets.org\/de\/","name":"Acropolis tickets","description":"","publisher":{"@id":"https:\/\/acropolis.athenstickets.org\/de\/#organization"},"potentialAction":[{"@type":"SearchAction","target":{"@type":"EntryPoint","urlTemplate":"https:\/\/acropolis.athenstickets.org\/de\/?s={search_term_string}"},"query-input":{"@type":"PropertyValueSpecification","valueRequired":true,"valueName":"search_term_string"}}],"inLanguage":"de"},{"@type":"Organization","@id":"https:\/\/acropolis.athenstickets.org\/de\/#organization","name":"Acropolis tickets","url":"https:\/\/acropolis.athenstickets.org\/de\/","logo":{"@type":"ImageObject","inLanguage":"de","@id":"https:\/\/acropolis.athenstickets.org\/de\/#\/schema\/logo\/image\/","url":"https:\/\/acropolis.athenstickets.org\/wp-content\/uploads\/2024\/12\/Group-1089-1.png","contentUrl":"https:\/\/acropolis.athenstickets.org\/wp-content\/uploads\/2024\/12\/Group-1089-1.png","width":395,"height":64,"caption":"Acropolis tickets"},"image":{"@id":"https:\/\/acropolis.athenstickets.org\/de\/#\/schema\/logo\/image\/"}}]}},"_links":{"self":[{"href":"https:\/\/acropolis.athenstickets.org\/de\/wp-json\/wp\/v2\/pages\/11581","targetHints":{"allow":["GET"]}}],"collection":[{"href":"https:\/\/acropolis.athenstickets.org\/de\/wp-json\/wp\/v2\/pages"}],"about":[{"href":"https:\/\/acropolis.athenstickets.org\/de\/wp-json\/wp\/v2\/types\/page"}],"author":[{"embeddable":true,"href":"https:\/\/acropolis.athenstickets.org\/de\/wp-json\/wp\/v2\/users\/1"}],"replies":[{"embeddable":true,"href":"https:\/\/acropolis.athenstickets.org\/de\/wp-json\/wp\/v2\/comments?post=11581"}],"version-history":[{"count":2,"href":"https:\/\/acropolis.athenstickets.org\/de\/wp-json\/wp\/v2\/pages\/11581\/revisions"}],"predecessor-version":[{"id":12843,"href":"https:\/\/acropolis.athenstickets.org\/de\/wp-json\/wp\/v2\/pages\/11581\/revisions\/12843"}],"wp:attachment":[{"href":"https:\/\/acropolis.athenstickets.org\/de\/wp-json\/wp\/v2\/media?parent=11581"}],"curies":[{"name":"wp","href":"https:\/\/api.w.org\/{rel}","templated":true}]}}